{"id":35090,"date":"2016-04-29T00:00:00","date_gmt":"2016-04-28T23:00:00","guid":{"rendered":"http:\/\/www.grappa.no\/albums\/uncategorized\/kapital-moral\/"},"modified":"2020-08-21T08:56:49","modified_gmt":"2020-08-21T07:56:49","slug":"kapital-moral","status":"publish","type":"product","link":"https:\/\/grappa.no\/no\/albums\/grappa\/kapital-moral\/","title":{"rendered":"Kapital &amp; Moral"},"content":{"rendered":"<p><\/p>\n<p>Arbeidersang-tematikk.  Trioen POING med vokalist Maja S.K. Ratkje er blitt omtalt som norsk musikklivs fineste, frekkeste og mest nyskapende akt\u00f8rer. P\u00e5 sitt nye album Kapital &amp; Moral fremf\u00f8rer de sanger fra de siste hundre \u00e5r med temaer som kretser rundt kapitalens innvirkning p\u00e5 hver og \u00e9n av oss. Sammen utforsker de det sinnet som finnes i John Lennons\u00a0\u00abWorking Class Hero\u00bb, s\u00e5rheten omkring asylbarn som finnes i \u00c5ge Aleksandersens evig aktuelle \u00abFremmed fugl\u00bb og Rudolf Nilsens beskrivelse av barna som lager kl\u00e6r til vestlige forbrukere i\u00a0\u00abEn vise om Kinabarna\u00bb. Tilsammen 12 sanger har f\u00e5tt ny drakt,\u00a0alt gjennomf\u00f8rt med lave skuldre, humor, stort overskudd, like stort alvor, kraft og id\u00e9rikdom. Albumet er innspilt i Propeller Studio i Oslo og er produsert av K\u00e5re Chr. Vestrheim.<\/p>\n<p><!--more--><\/p>\n<p>Trioen POING med vokalist Maja S.K. Ratkje er blitt omtalt som norsk musikklivs fineste, frekkeste og mest nyskapende akt\u00f8rer. P\u00e5 sitt nye album Kapital &amp; Moral fremf\u00f8rer de sanger fra de siste hundre \u00e5r med temaer som kretser rundt kapitalens innvirkning p\u00e5 hver og \u00e9n av oss.<\/p>\n<h4>Gjeninsetter overraskelsesmomentet<\/h4>\n<p>Aftenposten skrev om gruppas forrige utgivelse\u00a0\u00abWach Auf\u00bb (\u00d8ra Fonogram 2011) at de\u00a0\u201cgjeninsetter overraskelsesmomentet i kabarettradisjonen og utvider meningsinnholdet i begrepet revolusjon\u00e6r musikk.\u201d\u00a0har i en \u00e5rrekke gjort Natt til 1- mai-konserter i Oslo, men s\u00e6rlig etter den forrige utgivelsen turnert intensivt, med konserter p\u00e5 en rekke norske festivaler, i Frankrike, Belgia og USA, ofte med lokale kor. \u00a0 POING best\u00e5r av Rolf-Erik Nystr\u00f8m p\u00e5 saxofon, Frode Haltli p\u00e5 akkordeon og H\u00e5kon Thelin, kontrabass. P\u00e5 utgivelsen spiller b\u00e5de de og vokalist Maja S.K. Ratkje opptil flere instrumenter.\u00a0Albumet er innspilt i Propeller Studio i Oslo og er produsert av K\u00e5re Chr. Vestrheim.  Releasekonsert 30. april Hvelvet &#8211; Sentralen, Oslo<\/p>\n<h4><\/h4>\n<p><h4><\/h4>\n<\/p>\n<p><\/p>","protected":false},"excerpt":{"rendered":"<p>Maja S. K. Ratkje og POING stiller musikalske uttrykk og helt ulike tekstforfattere opp mot hverandre, og bidrar til et helt nytt blikk p\u00e5 til dels veldig kjent materiale.<\/p>\n","protected":false},"featured_media":29412,"comment_status":"closed","ping_status":"open","template":"","meta":[],"product_brand":[],"product_cat":[6],"product_tag":[],"class_list":{"0":"post-35090","1":"product","2":"type-product","3":"status-publish","4":"has-post-thumbnail","6":"product_cat-grappa","7":"product_shipping_class-cddvd-shipping","8":"uni_artist_genre-cabaret","9":"uni_artist_genre-contemporary-music","10":"uni_artist_genre-rock","11":"uni_artist_genre-singersongwriter","13":"first","14":"instock","15":"taxable","16":"shipping-taxable","17":"purchasable","18":"product-type-variable","19":"has-default-attributes"},"_links":{"self":[{"href":"https:\/\/grappa.no\/no\/wp-json\/wp\/v2\/product\/35090","targetHints":{"allow":["GET"]}}],"collection":[{"href":"https:\/\/grappa.no\/no\/wp-json\/wp\/v2\/product"}],"about":[{"href":"https:\/\/grappa.no\/no\/wp-json\/wp\/v2\/types\/product"}],"replies":[{"embeddable":true,"href":"https:\/\/grappa.no\/no\/wp-json\/wp\/v2\/comments?post=35090"}],"wp:featuredmedia":[{"embeddable":true,"href":"https:\/\/grappa.no\/no\/wp-json\/wp\/v2\/media\/29412"}],"wp:attachment":[{"href":"https:\/\/grappa.no\/no\/wp-json\/wp\/v2\/media?parent=35090"}],"wp:term":[{"taxonomy":"product_brand","embeddable":true,"href":"https:\/\/grappa.no\/no\/wp-json\/wp\/v2\/product_brand?post=35090"},{"taxonomy":"product_cat","embeddable":true,"href":"https:\/\/grappa.no\/no\/wp-json\/wp\/v2\/product_cat?post=35090"},{"taxonomy":"product_tag","embeddable":true,"href":"https:\/\/grappa.no\/no\/wp-json\/wp\/v2\/product_tag?post=35090"}],"curies":[{"name":"wp","href":"https:\/\/api.w.org\/{rel}","templated":true}]}}