{"id":35087,"date":"2015-10-23T00:00:00","date_gmt":"2015-10-22T23:00:00","guid":{"rendered":"http:\/\/www.grappa.no\/albums\/uncategorized\/the-confidence-game\/"},"modified":"2020-08-21T08:56:47","modified_gmt":"2020-08-21T07:56:47","slug":"the-confidence-game","status":"publish","type":"product","link":"https:\/\/grappa.no\/no\/albums\/grappa\/the-confidence-game\/","title":{"rendered":"The Confidence Game"},"content":{"rendered":"<p><\/p>\n<p>Stephen Ackles feirer 35 \u00e5r som artist og gir ut albumet \u00abThe Confidence Game\u00bb.    I 2013 gjorde Stephen Ackles et comback og ga ut albumet \u00abFor More Than Only Tonight\u00bb, og dette albumet ble hyllet som \u00abdet beste albumet i Ackles karriere\u00bb &#8211; n\u00e5 er han klar med oppf\u00f8lgeralbumet \u00abThe Confidence Game\u00bb. P\u00e5 Stephen sin nye utgivelse kan man blant annet h\u00f8re en duett med den legendariske Janis Ian, og samarbeid med blant annet Alexander Rybak, J\u00f8rn Hoel og Steinar Albrigtsen. For Stephen betyr og viser denne utgivelsen en ny modenhet, b\u00e5de som person og som artist.<\/p>\n<p><!--more--><\/p>\n<p>Stephen Ackles feirer 35 \u00e5r som artist og gir ut sitt femtende album<\/p>\n<h4>De store legendene<\/h4>\n<p>Stephen Ackles har v\u00e6rt p\u00e5 listene med hits som \u00abOne for the Moon\u00bb, \u00abHey You\u00bb and \u00abBetina\u00bb , for \u00e5 nevne noen, siden tidlig p\u00e5 nittitallet. Ackles musikk har alltid v\u00e6rt inspirert av de store legendene som Jerry Lee Lewis, Elvis Presley og Ray Charles, og han har ved en rekke anledninger jobbet med giganter som Johnny Cash, Kris Kristofferson, Waylon Jennings, Jerry Lee Lewis, Sir Elton John og gitaristen James Burton. Med sin unike og kraftfulle, men likevel varme og omsorgsfulle tone i stemmen, serverer Stephen Ackles en fin blanding av rootsy folk og contry-pop. \u00c6rlig, bitters\u00f8t og med en stor kj\u00e6rlighet for musikken.<\/p>\n<h4>&quot;The Confidence Game&quot;<\/h4>\n<p>P\u00e5 Stephen sin nye utgivelse kan man blant annet h\u00f8re en duett med den legendariske Janis ian, og samarbeid med blant annet Alexander Rybak, J\u00f8rn Hoel og Steinar Albrigtsen. For Stephen betyr og viser denne utgivelsen en ny modenhet, b\u00e5de som person og som artist.<\/p>\n<h4>Norgesturn\u00e9<\/h4>\n<p>For \u00f8yeblikket er Stephen Ackles p\u00e5 Norgesturn\u00e9 med Paal Flaata og Vidar Busk. Tre av Norges mest markante tolkere av rock, blues og country st\u00e5r p\u00e5 scenen sammen for \u00e5 gjenskape magien i Elvis&#8217;s fantastiske hitrekke. De har hatt uttallige utsolgte hus p\u00e5 turneen dette \u00e5ret, og resten av h\u00f8sten kan man se showet p\u00e5 disse stedene;   16.10 &#8211; Dampsaga Kulturhus , Steinkjer 17.10 &#8211; Olavshallen, Trondheim 23.10 &#8211; Sandnes Kulturhus, Sandnes 24.10 &#8211; Oslo Konserthus, Oslo 30.10 &#8211; Lillestr\u00f8m Kultursenter, Lillestr\u00f8m 31.10 &#8211; Hamar Kulturhus, Hamar 06.11 &#8211; Otta Kulturhus, Otta 07.11 &#8211; Nordfjordhallen, M\u00e5l\u00f8y 27.12 &#8211; Drammens Teater, Drammen (Ekstrakonsert) 28.12 &#8211; Drammens Teater, Drammen (Ekstrakonsert)<\/p>\n<p><\/p>","protected":false},"excerpt":{"rendered":"<p>Stephen Ackles feirer 35 \u00e5r som artist og gir ut albumet \u00abThe Confidence Game\u00bb.<\/p>\n","protected":false},"featured_media":27200,"comment_status":"closed","ping_status":"open","template":"","meta":[],"product_brand":[],"product_cat":[6],"product_tag":[],"class_list":{"0":"post-35087","1":"product","2":"type-product","3":"status-publish","4":"has-post-thumbnail","6":"product_cat-grappa","7":"product_shipping_class-cddvd-shipping","8":"uni_artist_tag-alexander-pettersen","9":"uni_artist_tag-alexander-rybak","10":"uni_artist_tag-anders-hefre","11":"uni_artist_tag-bjorge-verbaan","12":"uni_artist_tag-dagfin-hjorth-hovind","13":"uni_artist_tag-espen-sannerud","14":"uni_artist_tag-freddy-holm","15":"uni_artist_tag-geir-digernes","16":"uni_artist_tag-hanne-sorby-husas","17":"uni_artist_tag-hans-foyn-friis","18":"uni_artist_tag-hege-bakke-styrvold","19":"uni_artist_tag-hilde-gretland-andersen","20":"uni_artist_tag-janis-ian","21":"uni_artist_tag-jorn-hoel","22":"uni_artist_tag-julie-willumsen","23":"uni_artist_tag-karin-wright","24":"uni_artist_tag-katrine-grooss-tendal","25":"uni_artist_tag-lars-aas-hansen","26":"uni_artist_tag-lars-nygaard","27":"uni_artist_tag-lasse-hafreager","28":"uni_artist_tag-lasse-saurbrey","29":"uni_artist_tag-lena-marie-pedersen","30":"uni_artist_tag-liv-leiva","31":"uni_artist_tag-lotte-lockert-johansen","32":"uni_artist_tag-lyn-bowtell","33":"uni_artist_tag-martin-wister","34":"uni_artist_tag-milutin-petrovic","35":"uni_artist_tag-nikita-sirotenko","36":"uni_artist_tag-ole-martin-s-mathisen-rue","37":"uni_artist_tag-petter-marius-gundersen","38":"uni_artist_tag-steinar-albrigtsen","39":"uni_artist_tag-stephen-ackles","40":"uni_artist_tag-terje-kinn","41":"uni_artist_tag-tore-blestrud","42":"uni_main_artist_tag-stephen-ackles","43":"uni_artist_genre-americana","44":"uni_artist_genre-pop","45":"uni_artist_genre-rock","47":"first","48":"instock","49":"taxable","50":"shipping-taxable","51":"purchasable","52":"product-type-variable","53":"has-default-attributes"},"_links":{"self":[{"href":"https:\/\/grappa.no\/no\/wp-json\/wp\/v2\/product\/35087","targetHints":{"allow":["GET"]}}],"collection":[{"href":"https:\/\/grappa.no\/no\/wp-json\/wp\/v2\/product"}],"about":[{"href":"https:\/\/grappa.no\/no\/wp-json\/wp\/v2\/types\/product"}],"replies":[{"embeddable":true,"href":"https:\/\/grappa.no\/no\/wp-json\/wp\/v2\/comments?post=35087"}],"wp:featuredmedia":[{"embeddable":true,"href":"https:\/\/grappa.no\/no\/wp-json\/wp\/v2\/media\/27200"}],"wp:attachment":[{"href":"https:\/\/grappa.no\/no\/wp-json\/wp\/v2\/media?parent=35087"}],"wp:term":[{"taxonomy":"product_brand","embeddable":true,"href":"https:\/\/grappa.no\/no\/wp-json\/wp\/v2\/product_brand?post=35087"},{"taxonomy":"product_cat","embeddable":true,"href":"https:\/\/grappa.no\/no\/wp-json\/wp\/v2\/product_cat?post=35087"},{"taxonomy":"product_tag","embeddable":true,"href":"https:\/\/grappa.no\/no\/wp-json\/wp\/v2\/product_tag?post=35087"}],"curies":[{"name":"wp","href":"https:\/\/api.w.org\/{rel}","templated":true}]}}