{"id":35084,"date":"2016-02-05T00:00:00","date_gmt":"2016-02-04T23:00:00","guid":{"rendered":"http:\/\/www.grappa.no\/albums\/uncategorized\/horrekje-te\/"},"modified":"2020-08-21T08:56:43","modified_gmt":"2020-08-21T07:56:43","slug":"horrekje-te","status":"publish","type":"product","link":"https:\/\/grappa.no\/no\/albums\/grappa\/horrekje-te\/","title":{"rendered":"H\u00f8rrekje te"},"content":{"rendered":"<p><\/p>\n<p>Debutalbum fra P\u00e5l Rake.  Etter at en barnehagel\u00e6rer mente det bodde mye musikk under det lille r\u00f8dh\u00e5rete topplokket, ble fem \u00e5r gamle Rake \u2013 til sin da store bekymring og skamf\u00f8lelse \u2013 tatt opp som elev ved musikkskolen i byen for \u00e5 spille trompet og piano. Videre har han v\u00e6rt gjennom landsm\u00f8nstringer, ulike band, levert bestillingsverk som 14-\u00e5ring, v\u00e6rt med i musikaler, takket nei til LIPA, HMK Garde, kirkemusiker, tatt mastergrad i popmusikk, andreplass i TV-konkurransen The Voice og n\u00e5 er debutalbumet her.   Rake har spilt og produsert albumet sammen med Nicolay Svenn\u00e6s og Eivind Helger\u00f8d (Jarle Bernhoft, Emilie Nicolas). Trioen har f\u00e5tt gode r\u00e5d p\u00e5 veien av Espen Lind og Ingvar Hovland. \u00abH\u00f8rrekje te\u00bb er en blanding av sjangerne vise og dubstep, som Rake &amp; co for anledningen har d\u00f8pt \u00abvised\u00f8b\u00bb. Tekstene handler om den generasjonen som vokser opp i dag, som har h\u00f8ye forventninger til seg selv og samfunnet, og som fort blir skuffet i m\u00f8tet med den virkelige virkeligheten. De f\u00f8ler at de liksom ikke h\u00f8rer til \u2013 derav H\u00f8rrekje te.<\/p>\n<p><!--more--><\/p>\n<p>Debutalbum fra P\u00e5l Rake<\/p>\n<h4>Takket nei til Lipa<\/h4>\n<p>Rake begynte \u00e5 skrive sin egen musikk rundt 11-12 \u00e5rs alderen, som raskt resulterte i landsm\u00f8nstringer i UKM og siden oppstart av flere lokale band. 14 \u00e5r gammel skrev han et bestillingsverk til en festival i Egersund, men det var f\u00f8rst s\u00e5 sent som 15 \u00e5r gammel at han tatt ut til hovedrolle i en lokal musikal, og sang for f\u00f8rste gang.\u00a0   P\u00e5 videreg\u00e5ende ble musikken altoppslukende, og Rake mottok en rekke talentpriser og m\u00e5tte ta store deler av 3-\u00e5ret som privatist, for \u00e5 kunne turnere p\u00e5 siden av videreg\u00e5ende. 18 \u00e5r gammel ble han tilbudt plass p\u00e5 LIPA (Paul McCartney-skolen i Liverpool) men takket nei for \u00e5 spille Trompet i HMK Garde, som senere ble til siviltjeneste som kirkemusiker i Oslo.\u00a0   \u00c5ret etter, i 2009 begynte Rake p\u00e5 musikkonservatoriet i Kristiansand, hvor han fullf\u00f8rte i 2014 med mastergrad i popmusikk. I l\u00f8pet av disse \u00e5rene mottok Rake en fin gjeng med priser og stipender, samt var sv\u00e6rt aktiv b\u00e5de som l\u00e5tskriver og musiker i flere konstellasjoner, og siden som foreleser p\u00e5 Universitetet.\u00a0  I Kristiansand bidro Rake til \u00e5 starte opp en rekke konsertserier og musikalske eventer som gjorde stor suksess.\u00a0<\/p>\n<h4>The Voice<\/h4>\n<p>Rake deltok ogs\u00e5 i TV-konkurransen The Voice, og kom med Espen Lind som mentor p\u00e5 andreplass.   Siden har Rake jobbet med debutalbum som han har spilt og produsert sammen med Nicolay Svenn\u00e6s og Eivind Helger\u00f8d (Jarle Bernhoft, Emilie Nicolas). Trioen har f\u00e5tt gode r\u00e5d p\u00e5 veien av Espen Lind (Beyonce, Train) og Ingvar Hovland (Vamp, Lars Martin Myhre).   Sommeren 2015 signerte han med Grappa Musikkforlag og albumet er ventet Januar 2016.\u00a0   P\u00e5l Rake har mastergrad i popmusikk og skriver om kulturpolitikk i F\u00e6drelandsvennen p\u00e5 fritiden, hvis han ikke er ute og seiler der hvor skj\u00e6rg\u00e5rd m\u00f8ter syv hav og skyer m\u00f8ter saltvann.<\/p>\n<h4><\/h4>\n<\/p>\n<p><\/p>","protected":false},"excerpt":{"rendered":"<p>P\u00e5l Rake kommer fra forbl\u00e5ste og vakre sm\u00e5byen Egersund p\u00e5 s\u00f8r-vestlandet og er en l\u00e5tskriver i skj\u00e6ringspunktet mellom norsk visetradisjon og elektronisk kunstpop.<\/p>\n","protected":false},"featured_media":28437,"comment_status":"closed","ping_status":"open","template":"","meta":[],"product_brand":[],"product_cat":[6],"product_tag":[],"class_list":{"0":"post-35084","1":"product","2":"type-product","3":"status-publish","4":"has-post-thumbnail","6":"product_cat-grappa","7":"product_shipping_class-cddvd-shipping","8":"uni_artist_genre-norwegian-lyrics","9":"uni_artist_genre-pop","11":"first","12":"instock","13":"taxable","14":"shipping-taxable","15":"purchasable","16":"product-type-variable","17":"has-default-attributes"},"_links":{"self":[{"href":"https:\/\/grappa.no\/no\/wp-json\/wp\/v2\/product\/35084","targetHints":{"allow":["GET"]}}],"collection":[{"href":"https:\/\/grappa.no\/no\/wp-json\/wp\/v2\/product"}],"about":[{"href":"https:\/\/grappa.no\/no\/wp-json\/wp\/v2\/types\/product"}],"replies":[{"embeddable":true,"href":"https:\/\/grappa.no\/no\/wp-json\/wp\/v2\/comments?post=35084"}],"wp:featuredmedia":[{"embeddable":true,"href":"https:\/\/grappa.no\/no\/wp-json\/wp\/v2\/media\/28437"}],"wp:attachment":[{"href":"https:\/\/grappa.no\/no\/wp-json\/wp\/v2\/media?parent=35084"}],"wp:term":[{"taxonomy":"product_brand","embeddable":true,"href":"https:\/\/grappa.no\/no\/wp-json\/wp\/v2\/product_brand?post=35084"},{"taxonomy":"product_cat","embeddable":true,"href":"https:\/\/grappa.no\/no\/wp-json\/wp\/v2\/product_cat?post=35084"},{"taxonomy":"product_tag","embeddable":true,"href":"https:\/\/grappa.no\/no\/wp-json\/wp\/v2\/product_tag?post=35084"}],"curies":[{"name":"wp","href":"https:\/\/api.w.org\/{rel}","templated":true}]}}