{"id":35081,"date":"2015-11-13T00:00:00","date_gmt":"2015-11-12T23:00:00","guid":{"rendered":"http:\/\/www.grappa.no\/albums\/uncategorized\/far-away-from-tomorrow\/"},"modified":"2020-08-21T08:56:42","modified_gmt":"2020-08-21T07:56:42","slug":"far-away-from-tomorrow","status":"publish","type":"product","link":"https:\/\/grappa.no\/no\/albums\/grappa\/far-away-from-tomorrow\/","title":{"rendered":"Far Away From Tomorrow"},"content":{"rendered":"<p><\/p>\n<p>Debutalbum fra Alexander Stenerud  Det finnes ikke s\u00e5 mange norske, mannlige artister som \u00e5pent erkl\u00e6rer sin kj\u00e6rlighet til popsangen. Enda f\u00e6rre som gj\u00f8r det med en solid dose musikalsk intelligens og innsikt i pophistoriens dunklere avkroker. Og som allikvel ikke snubler i pretensjos-gr\u00f8fta. Kanskje er Alexander Stenerud den eneste. N\u00e5 kommer Alexander sitt nye album, b\u00e5de p\u00e5 cd og vinyl. Her favner Alexander bl\u00e5\u00f8yd soul, vestkystgrooves, 60-talls pop og selvf\u00f8lgelig en god porsjon synther \u2013 ellers hadde det jo ikke v\u00e6rt Alexander Stenerud.<\/p>\n<p><!--more--><\/p>\n<p>Alexander Stenerud solodebuterer<\/p>\n<h4>F\u00f8rste soloalbum<\/h4>\n<p>Alexander Stenerud (40) har \u00f8re for fengende melodier og riff, og n\u00e5 er han klar med sitt f\u00f8rste soloalbum, \u00abFar Away From Tomorrow\u00bb \u2013 som riktignok har blitt noe ganske annet enn det han har utgitt tidligere.\u2028\u2028&quot;Jeg ville lage den platen jeg har dr\u00f8mt om \u00e5 lage siden jeg var ten\u00e5ring, lenge f\u00f8r Zuma og Melodi Grand Prix. Det var viktig for meg at uttrykket skulle v\u00e6re organisk og dynamisk, b\u00e5de i form og innhold&quot;  &#8211; Alexander Stenerud, 2015<\/p>\n<h4>Synth-bakgrunn<\/h4>\n<p>Samtlige ni spor p\u00e5 albumet er skrevet av Alexander Stenerud, og han har ogs\u00e5 v\u00e6rt co-produsent p\u00e5 albumet. Sammen med produsent Cato Salsa har han f\u00e5tt inkorporert sin synth-bakgrunn godt i uttrykket p\u00e5 platen. Til Alexanders forbauselse var studioet til Cato stappfullt av analoge synther. Rocke-personaen Cato Salsa viste seg i virkeligheten \u00e5 v\u00e6re mer av en synth-fyr. P\u00e5 mange m\u00e5ter byttet Stenerud og Salsa roller; Salsa tok seg prim\u00e6rt av synthene, mens Alexander endelig fikk lov til \u00e5 v\u00e6re gitarist.   Synthen er alts\u00e5 fortsatt med, men albumet &quot;Far Away From Tomorrow&quot; l\u00e5ter langt mindre Erasure, Talk Talk, a-ha og New Order enn tidligere Stenerud-utgivelser. Autotune har ogs\u00e5 v\u00e6rt bannlyst i Stenerud\/Salsa-samarbeidet, hvor vokalen er enda mer fremtredende enn vi er vant med fra Alexander. \u2028\u2028\u2013 Ved siden av Elvis, er nok Justin Hayward fra The Moody Blues den som har betydd mest for meg som vokalist. Jeg er p\u00e5 mange m\u00e5ter en typisk tilhenger av klassisk britisk rock, samtidig som min kj\u00e6rlighet for Prince og Steely Dan stadig lever. Det er f\u00e5 kvinner i min platesamling, men Judee Sill er antageligvis er den artisten som har n\u00e5dd meg dypest, sier Alexander Stenerud.<\/p>\n<h4><\/h4>\n<\/p>\n<p><\/p>","protected":false},"excerpt":{"rendered":"<p>Alexander Stenerud har en rekke hits og tre album bak seg som vokalist og l\u00e5tskriver i synthpopduoen Zuma. Som soloartist har han to ganger deltatt i Melodi Grand Prix, og begge ganger har bidragene entret VG-lista. N\u00e5 solodebuterer han med albumet: Far Away From Tomorrow<\/p>\n","protected":false},"featured_media":27167,"comment_status":"closed","ping_status":"open","template":"","meta":[],"product_brand":[],"product_cat":[6],"product_tag":[],"class_list":{"0":"post-35081","1":"product","2":"type-product","3":"status-publish","4":"has-post-thumbnail","6":"product_cat-grappa","7":"product_shipping_class-cddvd-shipping","8":"uni_artist_genre-pop","10":"first","11":"instock","12":"taxable","13":"shipping-taxable","14":"purchasable","15":"product-type-variable","16":"has-default-attributes"},"_links":{"self":[{"href":"https:\/\/grappa.no\/no\/wp-json\/wp\/v2\/product\/35081","targetHints":{"allow":["GET"]}}],"collection":[{"href":"https:\/\/grappa.no\/no\/wp-json\/wp\/v2\/product"}],"about":[{"href":"https:\/\/grappa.no\/no\/wp-json\/wp\/v2\/types\/product"}],"replies":[{"embeddable":true,"href":"https:\/\/grappa.no\/no\/wp-json\/wp\/v2\/comments?post=35081"}],"wp:featuredmedia":[{"embeddable":true,"href":"https:\/\/grappa.no\/no\/wp-json\/wp\/v2\/media\/27167"}],"wp:attachment":[{"href":"https:\/\/grappa.no\/no\/wp-json\/wp\/v2\/media?parent=35081"}],"wp:term":[{"taxonomy":"product_brand","embeddable":true,"href":"https:\/\/grappa.no\/no\/wp-json\/wp\/v2\/product_brand?post=35081"},{"taxonomy":"product_cat","embeddable":true,"href":"https:\/\/grappa.no\/no\/wp-json\/wp\/v2\/product_cat?post=35081"},{"taxonomy":"product_tag","embeddable":true,"href":"https:\/\/grappa.no\/no\/wp-json\/wp\/v2\/product_tag?post=35081"}],"curies":[{"name":"wp","href":"https:\/\/api.w.org\/{rel}","templated":true}]}}