{"id":35075,"date":"2015-04-24T00:00:00","date_gmt":"2015-04-23T23:00:00","guid":{"rendered":"http:\/\/www.grappa.no\/albums\/uncategorized\/adam-douglas-i-may-never-learn\/"},"modified":"2025-02-24T11:53:49","modified_gmt":"2025-02-24T10:53:49","slug":"adam-douglas-i-may-never-learn","status":"publish","type":"product","link":"https:\/\/grappa.no\/no\/albums\/grappa\/adam-douglas-i-may-never-learn\/","title":{"rendered":"Adam Douglas &#8211; I May Never Learn"},"content":{"rendered":"<p><\/p>\n<p>Sensasjonelt debutalbum fra soloartist og l\u00e5tskriver Adam Douglas Adam Douglas musikalske bakgrunn omfatter det beste av pop, folkemusikk, RnB, country og rock &#8216;n&#8217; roll. N\u00e5 er han endelig klar med sitt helhetlige debutalbum. Ti \u00e5rs originalmateriale er samlet og bearbeidet og er endelig klart til \u00e5 se dagens lys. Musikken reflekterer like mye variasjon som Adam selv viser \u2013 og hans egenartede vokal og gitarspill blir omfavnet av fullt band og strykere. Som soloartist, bandmedlem eller sidemann, utf\u00f8rer Adam Douglas et gjennomsnitt p\u00e5 65 konserter hvert \u00e5r. Han har et omfattende resume som spenner seg over 17 \u00e5r som profesjonell ut\u00f8ver, p\u00e5 begge sider av Atlanterhavet. Adam har spilt med b\u00e5de store og sm\u00e5 navn &#8211; eksempelvis: Jon Bon Jovi, Larry Carlton, Robben Ford, Michael Landau, Kirk Fletcher, Ten Years After, Frode Aln\u00e6s, Vidar Johnsen, Knut Anders S\u00f8rum, Marit Larsen, Egil Olsen, High Red, Vidar Busk, Cory Chisel, Watermelon Slim, Chris Medina, m.flere Seks \u00e5r med ulike produsenter og musikere har g\u00e5tt &#8211; men n\u00e5 Adam kommet dit han vil v\u00e6re &#8211; og her er debutalbumet: \u00abI May Never Learn\u00bb.<\/p>\n<p><!--more--><\/p>\n<p>Adam Douglas er p\u00e5 en reise i selvransakelse, innsikt og oppdagelse. Med dette som bakteppe skaper han et engasjerende og lyrisk lydbilde med sine amerikanske musikalske r\u00f8tter godt plantet her til lands sammen med norske musikere.<\/p>\n<h4>Variasjon<\/h4>\n<p>Seks \u00e5r med l\u00e5tskriving og demoinnspillinger har g\u00e5tt. Seks \u00e5r med ulike produsenter og musikere \u2013 men n\u00e5 har han kommet dit han vil og har med seg de han \u00f8nsker. Innspilling har foreg\u00e5tt i Ruben Dalens musikklaboratorium i Oslo, og ti \u00e5rs orginalmateriale er samlet, bearbeidet og endelig klart til \u00e5 se dagens lys. \u00abI May Never Learn\u00bb reflekterer like mye variasjon som Adam selv viser \u2013 og hans egenartede vokal og gitarspill blir omfavnet av fullt band og strykere.<\/p>\n<h4>Personlige og musikalske m\u00f8ter<\/h4>\n<p>Adam Douglas st\u00e5r n\u00e5 stolt bak sitt f\u00f8rste soloalbum, og han st\u00e5r selv for b\u00e5de tekst og musikk p\u00e5 alle l\u00e5tene. Det er americana, det er soul og det er et lydbilde preget av p\u00e5virkning fra en rekke andre musikksjangere. Albumet er rett og slett en historie om Adams reise gjennom livet hvor b\u00e5de personlige og musikalske m\u00f8ter har satt sitt preg p\u00e5 tekst og melodi. Det groover, det r\u00f8rer, det engasjerer og det gleder. Det er Adam Douglas, musikalsk flyktning og emosjonell eventyrer.<\/p>\n<h4>Solist, bandmedlem og sidemann<\/h4>\n<p>Som soloartist, bandmedlem eller sidemann, har Adam Dogulas en omfattende karriere som spenner seg over 17 \u00e5r som profesjonell ut\u00f8ver p\u00e5 begge sider av Atlanterhavet. Adam har spilt med b\u00e5de store og sm\u00e5 navn \u2013 eksempelvis: Jon Bon Jovi, Larry Carlton, Robben Ford, Michael Landau, Kirk Fletcher, Ten Years After, Frode Aln\u00e6s, Vidar Johnsen, Knut Anders S\u00f8rum, Marit Larsen, Egil Olsen, High Red, Vidar Busk, Cory Chisel, Watermelon Slim, Chris Medina, for \u00e5 nevne noen.<\/p>\n<p><\/p>","protected":false},"excerpt":{"rendered":"<p>Adam Douglas musikalske bakgrunn omfatter det beste av pop, soul, RnB, country, americana, roots og rock &#8216;n&#8217; roll. N\u00e5 er han endelig klar med sitt helhetlige debutalbum!<\/p>\n","protected":false},"featured_media":27162,"comment_status":"closed","ping_status":"closed","template":"","meta":[],"product_brand":[],"product_cat":[6],"product_tag":[],"class_list":{"0":"post-35075","1":"product","2":"type-product","3":"status-publish","4":"has-post-thumbnail","6":"product_cat-grappa","7":"product_shipping_class-cddvd-shipping","8":"uni_artist_genre-americana","9":"uni_artist_genre-country","10":"uni_artist_genre-pop","11":"uni_artist_genre-roots","12":"uni_artist_genre-soul","14":"first","15":"instock","16":"taxable","17":"shipping-taxable","18":"purchasable","19":"product-type-variable","20":"has-default-attributes"},"_links":{"self":[{"href":"https:\/\/grappa.no\/no\/wp-json\/wp\/v2\/product\/35075","targetHints":{"allow":["GET"]}}],"collection":[{"href":"https:\/\/grappa.no\/no\/wp-json\/wp\/v2\/product"}],"about":[{"href":"https:\/\/grappa.no\/no\/wp-json\/wp\/v2\/types\/product"}],"replies":[{"embeddable":true,"href":"https:\/\/grappa.no\/no\/wp-json\/wp\/v2\/comments?post=35075"}],"wp:featuredmedia":[{"embeddable":true,"href":"https:\/\/grappa.no\/no\/wp-json\/wp\/v2\/media\/27162"}],"wp:attachment":[{"href":"https:\/\/grappa.no\/no\/wp-json\/wp\/v2\/media?parent=35075"}],"wp:term":[{"taxonomy":"product_brand","embeddable":true,"href":"https:\/\/grappa.no\/no\/wp-json\/wp\/v2\/product_brand?post=35075"},{"taxonomy":"product_cat","embeddable":true,"href":"https:\/\/grappa.no\/no\/wp-json\/wp\/v2\/product_cat?post=35075"},{"taxonomy":"product_tag","embeddable":true,"href":"https:\/\/grappa.no\/no\/wp-json\/wp\/v2\/product_tag?post=35075"}],"curies":[{"name":"wp","href":"https:\/\/api.w.org\/{rel}","templated":true}]}}