{"id":35072,"date":"2014-10-17T00:00:00","date_gmt":"2014-10-16T23:00:00","guid":{"rendered":"http:\/\/www.grappa.no\/albums\/uncategorized\/in-the-country-frida-annevik-skogenes-sang\/"},"modified":"2020-08-21T08:56:36","modified_gmt":"2020-08-21T07:56:36","slug":"skogenes-sang","status":"publish","type":"product","link":"https:\/\/grappa.no\/no\/albums\/grappa\/skogenes-sang\/","title":{"rendered":"Skogenes sang"},"content":{"rendered":"<p><\/p>\n<p>Skogenes sang  In the Country har hugget ut sin helt personlige hylle i pianotrio-berget. Med pianist og komponist Morten Qvenild (Susanna &amp; the Magical Orchestra, Jaga Jazzist, sPacemoNkey) i front har de tr\u00e5kket opp stier som ingen andre pianotrioer har g\u00e5tt f\u00f8r dem. Etter en serie med kritikerroste utgivelser p\u00e5 Rune Grammofon og tyske ACT slipper de n\u00e5 sitt f\u00f8rste hele album med vokalist og norske tekster av lyrikeren og skogsarbeideren Hans B\u00f8rli.  Med seg p\u00e5 \u00abSkogenes sang\u00bb har de f\u00e5tt den britiske pedal steel-legenden BJ Cole og vokalist Frida \u00c5nnevik &#8211; en av de mest hyllede og talentfulle unge sangerne og l\u00e5tskriverne i den nye generasjonen. Frida har to kritikerroste soloplater p\u00e5 samvittigheten og en Spellemann og flere andre h\u00f8ythengende priser p\u00e5 peishylla.  Konserter:  16.10.2014\tSuldal kulturhus, Suldal 17.10.2014\tRosehagen p\u00e5 Gj\u00f8rpeland, Sand\/Forsand 18.10.2014\tSauda Fjordhotell, Sauda 19.10.2014\tOttohuset, Finn\u00f8y 23.10.2014\tRennes\u00f8y Kulturhus, Rennes\u00f8y 06.10.2014\tLitteraturhuset, Oslo<\/p>\n<p><!--more--><\/p>\n<p>In the Country har hugget ut sin helt personlige hylle i pianotrio-berget. Med pianist og komponist Morten Qvenild (Susanna &amp; the Magical Orchestra, Jaga Jazzist, sPacemoNkey) i front har de tr\u00e5kket opp stier som ingen andre pianotrioer har g\u00e5tt f\u00f8r dem. Etter en serie med kritikerroste utgivelser p\u00e5 Rune Grammofon og tyske ACT slipper de n\u00e5 sitt f\u00f8rste hele album med vokalist og norske tekster av lyrikeren og skogsarbeideren Hans B\u00f8rli.<\/p>\n<h4><\/h4>\n<p>Hans B\u00f8rli (1918-1989) fra  Eidskog arbeidet hele sitt yrkesaktive liv som t\u00f8mmerhogger i tillegg til \u00e5 ha et omfattende forfattervirke. Han fikk derfor merkelappen \u00abskogens dikter\u00bb. Han er f\u00f8rst og fremst kjent som lyriker, men han skrev ogs\u00e5 romaner, noveller og skuespill. B\u00f8rlis utgangspunkt var skogen og livet der, i diktingen var han ogs\u00e5 opptatt av politikk og i \u00f8kende grad eksistensielle problem som angst, tro og d\u00f8d. B\u00f8rli ble tildelt en rekke litter\u00e6re priser, blant annet Kritikerprisen for 1970 og Doblougprisen for 1972. Han nominert til Nordisk R\u00e5ds Litteraturpris i 1972. Diktene hans har tidligere blitt tonesatt av bl.a. Erik Lukashagen og Sinikka Langeland.<\/p>\n<h4><\/h4>\n<p>Morten Qvenild har lenge hatt et sterkt forhold til Hans B\u00f8rlis lyrikk, og st\u00e5r bak alle tonesettingene p\u00e5  \u00abSkogenes  sang\u00bb. Det ble naturlig \u00e5 hente frem disse da BBC-journalist Fiona Talkington inviterte trioen til \u00e5 bli med i konsertserien Conexions p\u00e5 Nasjonal Jazzscene i 2012. Med konsertserien \u00f8nsket Talkington \u00e5 stimulere til samarbeid mellom norske og britiske musikere. Steelgitarist BJ Cole ble koblet med In The Country, og bandet inviterte selv med seg Frida \u00c5nnevik. \u00abHun var egentlig et selvskrevent valg for oss n\u00e5r det kom til \u00e5 fremf\u00f8re disse nedp\u00e5-jorda-diktene\u00bb sier bandet, og det skulle vise seg \u00e5 v\u00e6re et lykkelig valg. \u00ab\u00c5 spille med Frida har v\u00e6rt veldig naturlig og det f\u00f8les som vi har jobbet sammen i \u00e5revis, med tanke p\u00e5 den felles forst\u00e5elsen vi har for tekstene og musikken.\u00bb  Som artist har Frida har f\u00e5tt spesielt mye oppmerksomhet for sine tekster, og som Hedmarking kjente hun ogs\u00e5 et visst eierskap til B\u00f8rlis diktning: \u00abB\u00f8rli er en del av det framifr\u00e5 Hedmarksdikter-firkl\u00f8veret: Alf Pr\u00f8ysen, Rolf Jacobsen, Kjell Aukrust og Hans B\u00f8rli\u00bb.<\/p>\n<h4><\/h4>\n<p>Selv om In the Country i hovedsak er en instrumentaltrio har b\u00e5de vokal og tekst alltid spilt en rolle i In the Country-universet. \u00abVi har hele tiden v\u00e6rt et vokalt band\u00bb sier bassist Roger Arntzen, \u00abog har v\u00e6rt innom alt fra bromlebassing til fors\u00f8k p\u00e5 skj\u00f8nnsang p\u00e5 tidligere album\u00bb. Morten og P\u00e5l har sunget p\u00e5 flere av platene og den svenske kultvisesangeren Stefan Sundstr\u00f6m bidro ogs\u00e5 p\u00e5 albumet \u00abLosing Stones, Collecting Bones\u00bb. I de senere \u00e5r har bandet gjort en rekke opptredener sammen med lyriker og forfatter Frode Grytten. &#8211; Alle tre medlemmer har utenom trioen spilt med uvanlig tekststerke vokalister. Morten med Susanna Wallumr\u00f8d og Solveig Slettahjell, bassist Roger Arntzen med Heidi Skjerve  og  Julie  Dahle  Aag\u00e5rd  og trommeslager P\u00e5l Hausken med bl.a. Hilde Marie Kjersem og Ida Jenshus.  BJ Cole m\u00e5 med rette kunne kalles en levende legende. Han har v\u00e6rt aktiv som musiker siden tidlig p\u00e5 syttitallet innen en rekke sjangere; fra pop og rock, til jazz og mer eksperimentell musikk. Han har spilt p\u00e5 album og turn\u00e9er med Sting, T. Rex, Bj\u00f8rk, Emmylou Harris, Elton John, Iggy Pop, REM, Brian Eno, Luke Vibert, David Sylvian, Roy Harper og tallrike andre. \u00abSkogenes  sang\u00bb ble spilt inn p\u00e5 Ocean Sound studio p\u00e5 Giske i l\u00f8pet av en januarhelg i 2013 og er senere mikset av Johnny Skalleberg i Oslo Klang.   Konserter: 16.10.2014\tSuldal kulturhus, Suldal 17.10.2014\tRosehagen p\u00e5 Gj\u00f8rpeland, Sand\/Forsand 18.10.2014\tSauda Fjordhotell, Sauda 19.10.2014\tOttohuset, Finn\u00f8y 23.10.2014\tRennes\u00f8y Kulturhus, Rennes\u00f8y 06.10.2014\tLitteraturhuset, Oslo<\/p>\n<p><\/p>","protected":false},"excerpt":{"rendered":"<p>Etter en serie med kritikerroste utgivelser p\u00e5 Rune Grammofon og tyske ACT slipper In The Country n\u00e5 sitt f\u00f8rste hele album med vokalist og norske tekster av lyrikeren og skogsarbeideren Hans B\u00f8rli.<\/p>\n","protected":false},"featured_media":27142,"comment_status":"closed","ping_status":"open","template":"","meta":[],"product_brand":[],"product_cat":[6],"product_tag":[],"class_list":{"0":"post-35072","1":"product","2":"type-product","3":"status-publish","4":"has-post-thumbnail","6":"product_cat-grappa","7":"product_shipping_class-cddvd-shipping","8":"uni_artist_tag-bj-cole","9":"uni_artist_tag-frida-annevik","10":"uni_artist_tag-in-the-country","11":"uni_artist_tag-morten-qvenild","12":"uni_artist_tag-pal-hausken","13":"uni_artist_tag-roger-arntzen","14":"uni_main_artist_tag-frida-annevik","15":"uni_artist_genre-improvised-music","16":"uni_artist_genre-jazz","18":"first","19":"instock","20":"taxable","21":"shipping-taxable","22":"purchasable","23":"product-type-variable","24":"has-default-attributes"},"_links":{"self":[{"href":"https:\/\/grappa.no\/no\/wp-json\/wp\/v2\/product\/35072","targetHints":{"allow":["GET"]}}],"collection":[{"href":"https:\/\/grappa.no\/no\/wp-json\/wp\/v2\/product"}],"about":[{"href":"https:\/\/grappa.no\/no\/wp-json\/wp\/v2\/types\/product"}],"replies":[{"embeddable":true,"href":"https:\/\/grappa.no\/no\/wp-json\/wp\/v2\/comments?post=35072"}],"wp:featuredmedia":[{"embeddable":true,"href":"https:\/\/grappa.no\/no\/wp-json\/wp\/v2\/media\/27142"}],"wp:attachment":[{"href":"https:\/\/grappa.no\/no\/wp-json\/wp\/v2\/media?parent=35072"}],"wp:term":[{"taxonomy":"product_brand","embeddable":true,"href":"https:\/\/grappa.no\/no\/wp-json\/wp\/v2\/product_brand?post=35072"},{"taxonomy":"product_cat","embeddable":true,"href":"https:\/\/grappa.no\/no\/wp-json\/wp\/v2\/product_cat?post=35072"},{"taxonomy":"product_tag","embeddable":true,"href":"https:\/\/grappa.no\/no\/wp-json\/wp\/v2\/product_tag?post=35072"}],"curies":[{"name":"wp","href":"https:\/\/api.w.org\/{rel}","templated":true}]}}