{"id":35069,"date":"2015-06-05T00:00:00","date_gmt":"2015-06-04T23:00:00","guid":{"rendered":"http:\/\/www.grappa.no\/albums\/uncategorized\/rio\/"},"modified":"2024-08-20T09:08:15","modified_gmt":"2024-08-20T08:08:15","slug":"rio","status":"publish","type":"product","link":"https:\/\/grappa.no\/no\/albums\/grappa\/rio\/","title":{"rendered":"RIO"},"content":{"rendered":"<p><\/p>\n<p>Nytt album fra Jan Eggum Jan Eggum har i sin f\u00f8rti \u00e5r lange karriere alltid v\u00e6rt opptatt av \u00e5 utvikle sitt eget musikalske utrykk. Dette har brakt ham til mange spennende musikalske m\u00f8ter med forskjellige musikalske sjangre, alt fra fra popgruppen \u00abSaft\u00bb til Bergen Filharmoniske Selskap, eller til jazzrockgruppen \u00abCutting Edge\u00bb til visesyngende gitarkamerater. Dyktige musikere har alltid likt \u00e5 spille Egguml\u00e5ter ,fordi de er musikalsk krevende \u00e5 spille og alltid byr p\u00e5 utfordringer. Derfor kjennes det helt naturlig at Jan Eggum i 2014 dro til hovedstaden for den latinamerikanske musikken, Rio, for \u00e5 spille inn en plate sammen med musikerne til Gilberto Gil, Brasils legendariske artist og l\u00e5tskriver og kulturminister under den forrige presidenten Silvia de Lula. Jan Eggum er ikke den f\u00f8rste europeiske artist som drar til Rio for \u00e5 la seg inspirere av magien i den brasilianske musikken. N\u00e5r man h\u00f8rer resultatet og h\u00f8rer med hvilken naturlig selvf\u00f8lgelighet disse musikerne tolker Eggum melodiene, f\u00e5r man inntrykk av at dette er et samarbeid som har p\u00e5g\u00e5tt i mange \u00e5r. Det har det ikke. Det har kun p\u00e5g\u00e5tt i fjorten dager. Det var et musikalsk m\u00f8te preget av magi og gjensidig kj\u00e6rlighet.<\/p>\n<p><!--more--><\/p>\n<p>Jan Eggum har v\u00e6rt i Rio de Janeiro og spilt inn sin nye plate med fem av de beste og mest rutinerte musikerne i Brasil. Det var et musikalsk m\u00f8te preget av magi og gjensidig kj\u00e6rlighet.<\/p>\n<h4>Musikerne til legendariske Gilberto Gil<\/h4>\n<p>Derfor kjennes det helt naturlig at Jan Eggum i 2014 dro til hovedstaden for den latinamerikanske musikken, Rio, for \u00e5 spille inn en plate sammen med musikerne til Gilberto Gil, Brasils legendariske artist og l\u00e5tskriver og kulturminister under den forrige presidenten Silvia de Lula. \u00abRio er en plate jeg gjerne kunne gjort i 1975 eller 1995. Jeg og mange med meg har nok h\u00f8rt slektskapet mellom mitt nylonstrengs gitarspill, mine tette akkorder og min til tider bossa-aktige rytmikk. At dette er ting som ligner p\u00e5 den latin-amerikanske tradisjon. Jeg har ofte tenkt at jeg burde lage en innspilling i S\u00f8r-Amerika og hvorfor da ikke i Rio de Janeiro, hvor gitar ekvilibrister sitter p\u00e5 hver kneipe og spiller fletta av de fleste skandinaviske vise-guruer. Jeg har selv h\u00f8rt dem, i gamlebyen i Rio\u00bb &#8211; Jan Eggum<\/p>\n<h4>Musikalsk magi og gjensidig kj\u00e6rlighet<\/h4>\n<p>Jan Eggum er ikke den f\u00f8rste europeiske artisten som drar til Rio for \u00e5 la seg inspirere av magien i den brasilianske musikken. N\u00e5r man h\u00f8rer resultatet og h\u00f8rer med hvilken naturlig selvf\u00f8lgelighet disse musikerne tolker Eggum melodiene, f\u00e5r man inntrykk av at dette er et samarbeid som har p\u00e5g\u00e5tt i mange \u00e5r. Det har det ikke. Det har kun p\u00e5g\u00e5tt i fjorten dager. Det var et musikalsk m\u00f8te preget av magi og gjensidig kj\u00e6rlighet. \u00abDa jeg h\u00f8rte live-bandet til Brasils store sanger og l\u00e5tskriver Gilberto Gil skj\u00f8nte jeg hva som m\u00e5tte ligge \u00f8verst p\u00e5 \u00f8nskelisten. Da jeg virkelig fikk bruke dem, var veien kort til platestudio i Rio i oktober 2014. Visst var jeg nerv\u00f8s, men vi hadde faktisk god kjemi fra f\u00f8rste stund, det h\u00f8res\u00bb &#8211; Jan Eggum<\/p>\n<h4><\/h4>\n<p><\/p>","protected":false},"excerpt":{"rendered":"<p>Jan Eggum har v\u00e6rt i Rio de Janeiro og spilt inn sin nye plate med fem av de beste og mest rutinerte musikerne i Brasil. Det var et musikalsk m\u00f8te preget av magi og gjensidig kj\u00e6rlighet.<\/p>\n","protected":false},"featured_media":27122,"comment_status":"closed","ping_status":"closed","template":"","meta":[],"product_brand":[],"product_cat":[6],"product_tag":[],"class_list":{"0":"post-35069","1":"product","2":"type-product","3":"status-publish","4":"has-post-thumbnail","6":"product_cat-grappa","7":"product_shipping_class-cddvd-shipping","8":"uni_artist_tag-arthur-maia","9":"uni_artist_tag-asta-jorgensen","10":"uni_artist_tag-dag-arnesen","11":"uni_artist_tag-diogo-gomes","12":"uni_artist_tag-geir-luedy","13":"uni_artist_tag-gustavo-di-dalva","14":"uni_artist_tag-helga-steen","15":"uni_artist_tag-hilary-foster","16":"uni_artist_tag-jan-eggum","17":"uni_artist_tag-jorginho-gomes","18":"uni_artist_tag-mestrinho","19":"uni_artist_tag-sergio-chiavazzoli","20":"uni_artist_tag-svein-erik-kvamsdal","21":"uni_artist_tag-tine-taule","22":"uni_artist_tag-walter-heim","23":"uni_main_artist_tag-jan-eggum","24":"uni_artist_genre-norwegian-lyrics","25":"uni_artist_genre-pop","26":"uni_artist_genre-singersongwriter","28":"first","29":"instock","30":"taxable","31":"shipping-taxable","32":"purchasable","33":"product-type-variable","34":"has-default-attributes"},"_links":{"self":[{"href":"https:\/\/grappa.no\/no\/wp-json\/wp\/v2\/product\/35069","targetHints":{"allow":["GET"]}}],"collection":[{"href":"https:\/\/grappa.no\/no\/wp-json\/wp\/v2\/product"}],"about":[{"href":"https:\/\/grappa.no\/no\/wp-json\/wp\/v2\/types\/product"}],"replies":[{"embeddable":true,"href":"https:\/\/grappa.no\/no\/wp-json\/wp\/v2\/comments?post=35069"}],"wp:featuredmedia":[{"embeddable":true,"href":"https:\/\/grappa.no\/no\/wp-json\/wp\/v2\/media\/27122"}],"wp:attachment":[{"href":"https:\/\/grappa.no\/no\/wp-json\/wp\/v2\/media?parent=35069"}],"wp:term":[{"taxonomy":"product_brand","embeddable":true,"href":"https:\/\/grappa.no\/no\/wp-json\/wp\/v2\/product_brand?post=35069"},{"taxonomy":"product_cat","embeddable":true,"href":"https:\/\/grappa.no\/no\/wp-json\/wp\/v2\/product_cat?post=35069"},{"taxonomy":"product_tag","embeddable":true,"href":"https:\/\/grappa.no\/no\/wp-json\/wp\/v2\/product_tag?post=35069"}],"curies":[{"name":"wp","href":"https:\/\/api.w.org\/{rel}","templated":true}]}}