{"id":35066,"date":"2014-05-23T00:00:00","date_gmt":"2014-05-22T23:00:00","guid":{"rendered":"http:\/\/www.grappa.no\/albums\/uncategorized\/beautiful-silence\/"},"modified":"2020-08-21T08:56:32","modified_gmt":"2020-08-21T07:56:32","slug":"beautiful-silence","status":"publish","type":"product","link":"https:\/\/grappa.no\/no\/albums\/grappa\/beautiful-silence\/","title":{"rendered":"Beautiful Silence"},"content":{"rendered":"<p><\/p>\n<p>Lena Nymark &#8211; Beautiful Silence  Med musikk som befinner seg i en \u00abhengek\u00f8ye\u00bb mellom pop, jazz, indie og bluesrock kommer n\u00e5 Lena Nymark med sitt f\u00f8rste soloalbum: Beautiful Silence. Platen har sitt eget sound, produsert av Juhani Silvola, og er spilt inn i studioet Ocean Sound Recordings p\u00e5 Giske.  Musikken har et spennende og &quot;groovie&quot; lydbilde, samtidig som den er n\u00e6r, personlig og sart. Spesielt de tre norske sangene, som for\u00f8virg synges p\u00e5 ekte (utvannet) Sula-dialekt, er ekstra n\u00e6re og personlige, mens de engelske tekstene flettes mer inn i samspillet mellom musikerne og det totale lydbildet. Nymark skriver om mennesker som har forandret henne, om inspirasjon og om det \u00e5 l\u00e6re seg \u00e5 stole p\u00e5 den man er glad i. &quot;Beautiful Silence&quot; er en sv\u00e6rt personlig plate, samtidig som den har et unikt og spennende lydbilde som skiller seg ut. Musikken er til for \u00e5 inspirere.\u00a0<\/p>\n<p><!--more--><\/p>\n<p>Med musikk som befinner seg i en \u00abhengek\u00f8ye\u00bb mellom pop, jazz, indie og bluesrock kommer n\u00e5 Lena Nymark med sitt f\u00f8rste soloalbum: Beautiful Silence.<\/p>\n<h4>Ocean Sound Recordings<\/h4>\n<p>Platen &quot;Beautiful Silence&quot; har sitt eget sound, produsert av Juhani Silvola, spilt inn i studioet Ocean Sound Recordings p\u00e5 Giske. Lena Nymark har med seg dyktige musikere p\u00e5 platen. Her f\u00e5r man h\u00f8re Andreas Ulvo traktere gamle instrumenter som hammondorgel og wurlitzer, Ellen Andrea Wang p\u00e5 el- og kontrabass, Martin Langlie p\u00e5 trommer og elektronikk, mens Lena selv synger og innimellom spiller p\u00e5 saksofoner, tverrfl\u00f8yte og bassklarinett. Her kan man h\u00f8re inspirasjon fra b\u00e5de gamle og nyere artister som Nina Simone, Miles Davis, Feist, Lykke Li, og Sufjan Stevens.<\/p>\n<h4>Personlig plate<\/h4>\n<p>Musikken har et spennende og &quot;groovie&quot; lydbilde, samtidig som den er n\u00e6r, personlig og sart. Spesielt de tre norske sangene, som for\u00f8virg synges p\u00e5 ekte Sula-dialekt, er ekstra n\u00e6re og personlige, mens de engelske tekstene flettes mer inn i samspillet mellom musikerne og det totale lydbildet. Nymark skriver om mennesker som har forandret henne, om inspirasjon og om det \u00e5 l\u00e6re seg \u00e5 stole p\u00e5 den man er glad i.  Beautiful Silence er en sv\u00e6rt personlig plate, samtidig som den har et unikt og spennende lydbilde som skiller seg ut. Musikken er til for \u00e5 inspirere.<\/p>\n<h4>Konserter:<\/h4>\n<p>22. mai: Platerelease, Caf\u00e9 Mono, Oslo, Lena Nymark 23. mai: Nattjazz, Bergen, Lena Nymark 05. juli: Sommerfest p\u00e5 Giske, Lena Nymark 31. juli: Ingensteds, Oslo, Lena Nymark 14. september: Kampenjazz, Oslo, Lena Nymark<\/p>\n<p><\/p>","protected":false},"excerpt":{"rendered":"<p>Nymark skriver om mennesker som har forandret henne, om inspirasjon og om det \u00e5 l\u00e6re seg \u00e5 stole p\u00e5 den man er glad i.<\/p>\n","protected":false},"featured_media":27121,"comment_status":"closed","ping_status":"open","template":"","meta":[],"product_brand":[],"product_cat":[6],"product_tag":[],"class_list":{"0":"post-35066","1":"product","2":"type-product","3":"status-publish","4":"has-post-thumbnail","6":"product_cat-grappa","7":"product_shipping_class-cddvd-shipping","8":"uni_artist_genre-bluesrock","9":"uni_artist_genre-indie","10":"uni_artist_genre-jazz","11":"uni_artist_genre-pop","13":"first","14":"instock","15":"taxable","16":"shipping-taxable","17":"purchasable","18":"product-type-variable","19":"has-default-attributes"},"_links":{"self":[{"href":"https:\/\/grappa.no\/no\/wp-json\/wp\/v2\/product\/35066","targetHints":{"allow":["GET"]}}],"collection":[{"href":"https:\/\/grappa.no\/no\/wp-json\/wp\/v2\/product"}],"about":[{"href":"https:\/\/grappa.no\/no\/wp-json\/wp\/v2\/types\/product"}],"replies":[{"embeddable":true,"href":"https:\/\/grappa.no\/no\/wp-json\/wp\/v2\/comments?post=35066"}],"wp:featuredmedia":[{"embeddable":true,"href":"https:\/\/grappa.no\/no\/wp-json\/wp\/v2\/media\/27121"}],"wp:attachment":[{"href":"https:\/\/grappa.no\/no\/wp-json\/wp\/v2\/media?parent=35066"}],"wp:term":[{"taxonomy":"product_brand","embeddable":true,"href":"https:\/\/grappa.no\/no\/wp-json\/wp\/v2\/product_brand?post=35066"},{"taxonomy":"product_cat","embeddable":true,"href":"https:\/\/grappa.no\/no\/wp-json\/wp\/v2\/product_cat?post=35066"},{"taxonomy":"product_tag","embeddable":true,"href":"https:\/\/grappa.no\/no\/wp-json\/wp\/v2\/product_tag?post=35066"}],"curies":[{"name":"wp","href":"https:\/\/api.w.org\/{rel}","templated":true}]}}