{"id":35063,"date":"2011-11-11T00:00:00","date_gmt":"2011-11-10T23:00:00","guid":{"rendered":"http:\/\/www.grappa.no\/albums\/uncategorized\/siri-nilsen-alle-snakker-sant\/"},"modified":"2020-08-21T08:56:23","modified_gmt":"2020-08-21T07:56:23","slug":"siri-nilsen-alle-snakker-sant","status":"publish","type":"product","link":"https:\/\/grappa.no\/no\/albums\/grappa\/siri-nilsen-alle-snakker-sant\/","title":{"rendered":"Siri Nilsen: Alle snakker sant"},"content":{"rendered":"<p><\/p>\n<p>Knallsterk plate nummer to!  Siri Nilsen vant Grappas debutantpris i 2008 og i 2009 ga hun ut sin debutplate \u201cVi som ser i m\u00f8rket\u201d til sv\u00e6rt god mottagelse. Aftenposten skrev at hun var \u201cen artist som allerede n\u00e5 har funnet sin helt egen stemme. Ryktet om hennes fortreffelighet har ikke v\u00e6rt  overdrevet.\u201d P\u00e5 sitt nye album har hun samarbeidet med produsentduoen Jens Carelius og \u00d8yvind R\u00f8srud Gundersen (Rumble in Rhodos) som ogs\u00e5 spiller p\u00e5 albumet.  Sammen har de pakket inn ti norskspr\u00e5klige folkpopsanger i et drivende og vakkert lydbilde.   \u201dAlle snakker sant\u201d slippes b\u00e5de som CD med spesialcover og i begrenset opplag p\u00e5 bl\u00e5 vinyl.<\/p>\n<p><!--more--><\/p>\n<p>Siri Nilsen vant Grappas debutantpris i 2008 og i 2009 ga hun ut sin debutplate \u201cVi som ser i m\u00f8rket\u201d til sv\u00e6rt god mottagelse. Aftenposten skrev at hun var \u201cen artist som allerede n\u00e5 har funnet sin helt egen stemme. Ryktet om hennes fortreffelighet har ikke v\u00e6rt  overdrevet.\u201d<\/p>\n<h4><\/h4>\n<p>Sammen har de pakket inn ti norskspr\u00e5klige folkpopsanger i et drivende og vakkert lydbilde.  Jens har i tillegg til \u00e5 ha stor suksess med sin solokarriere i flere \u00e5r spilt i bandet Blues Run The Game sammen med Siri. \u00d8yvind har tidligere produsert alle platene til Jens Carelius og n\u00e5 nylig Hanne Kolst\u00f8s soloplate. \u201dJeg er veldig glad for \u00e5 ha f\u00e5tt samarbeide med Jens og \u00d8yvind. De er dyktige, kreative og utrolig hyggelige.\u201d sier Siri. Lydbildet er gjennomg\u00e5ende delikat og gjennomskinnelig \u2013 dominert av akustiske strengeinstrumenter, tangenter og diverse perkusjonsinstrumenter. &#8211; Noe som skaper rikelig med rom for vokalisten og tekstformidleren Siri Nilsen.<\/p>\n<h4><\/h4>\n<p>Om tittelen \u201dAlle snakker sant\u201d sier hun:\u201d Tittelen sikter til n\u00e5r hodet, hjertet og magen sier forskjellige ting, og man er enig i hva de sier alle tre.\u201d Alle tekstene p\u00e5 \u201dAlle snakker sant\u201d er p\u00e5 norsk, i kontrast til debutplaten der Siri sang b\u00e5de p\u00e5 sitt fars- og morsm\u00e5l: norsk og engelsk. \u201d\u201cAlle snakker sant\u201d er skrevet om vinteren og spilt inn p\u00e5 forsommeren i et \u00f8vingslokale rett ved der jeg bor. Jeg begynte med \u00e5 skrive tr\u00f8stesanger til meg selv, og endte med \u00e5 skrive om at her og n\u00e5 er et fint sted \u00e5 v\u00e6re.\u201d sier Siri. \u201dS\u00e5 platen er en slags personlig reise. Da vi begynte innspillingen falt det musikalske ogs\u00e5 p\u00e5 plass. Prosessen har resultert i en organisk, poetisk og sammensatt plate jeg gleder meg til \u00e5 slippe.\u201d \u201dAlle snakker sant\u201d slippes b\u00e5de som CD med spesialcover og i begrenset opplag p\u00e5 bl\u00e5 vinyl.<\/p>\n<h4><\/h4>\n<\/p>\n<p><\/p>","protected":false},"excerpt":{"rendered":"<p>\u2013 Catchy visepop med et \u00e6rlig og tidsriktig uttrykk&#8230; Rett og slett en glede man burde unne seg p\u00e5 slutten av et hektisk \u00e5r. [Aftenposten]<\/p>\n","protected":false},"featured_media":28387,"comment_status":"closed","ping_status":"open","template":"","meta":[],"product_brand":[],"product_cat":[6],"product_tag":[],"class_list":{"0":"post-35063","1":"product","2":"type-product","3":"status-publish","4":"has-post-thumbnail","6":"product_cat-grappa","7":"product_shipping_class-cddvd-shipping","8":"uni_artist_tag-helge-nysted","9":"uni_artist_tag-jens-carelius","10":"uni_artist_tag-kaja-fjellberg-pettersen","11":"uni_artist_tag-marius-simonsen","12":"uni_artist_tag-ola-geir-raftevold","13":"uni_artist_tag-oyvind-rosrud-gundersen","14":"uni_artist_tag-per-magnus-gundersen","15":"uni_artist_tag-siri-nilsen","16":"uni_main_artist_tag-siri-nilsen","17":"uni_artist_genre-norwegian","18":"uni_artist_genre-pop","19":"uni_artist_genre-singersongwriter","20":"uni_artist_genre-young-norwegian","22":"first","23":"instock","24":"taxable","25":"shipping-taxable","26":"purchasable","27":"product-type-variable","28":"has-default-attributes"},"_links":{"self":[{"href":"https:\/\/grappa.no\/no\/wp-json\/wp\/v2\/product\/35063","targetHints":{"allow":["GET"]}}],"collection":[{"href":"https:\/\/grappa.no\/no\/wp-json\/wp\/v2\/product"}],"about":[{"href":"https:\/\/grappa.no\/no\/wp-json\/wp\/v2\/types\/product"}],"replies":[{"embeddable":true,"href":"https:\/\/grappa.no\/no\/wp-json\/wp\/v2\/comments?post=35063"}],"wp:featuredmedia":[{"embeddable":true,"href":"https:\/\/grappa.no\/no\/wp-json\/wp\/v2\/media\/28387"}],"wp:attachment":[{"href":"https:\/\/grappa.no\/no\/wp-json\/wp\/v2\/media?parent=35063"}],"wp:term":[{"taxonomy":"product_brand","embeddable":true,"href":"https:\/\/grappa.no\/no\/wp-json\/wp\/v2\/product_brand?post=35063"},{"taxonomy":"product_cat","embeddable":true,"href":"https:\/\/grappa.no\/no\/wp-json\/wp\/v2\/product_cat?post=35063"},{"taxonomy":"product_tag","embeddable":true,"href":"https:\/\/grappa.no\/no\/wp-json\/wp\/v2\/product_tag?post=35063"}],"curies":[{"name":"wp","href":"https:\/\/api.w.org\/{rel}","templated":true}]}}