{"id":35060,"date":"2016-11-11T00:00:00","date_gmt":"2016-11-10T23:00:00","guid":{"rendered":"http:\/\/www.grappa.no\/albums\/uncategorized\/heigh-chief\/"},"modified":"2020-08-21T08:56:19","modified_gmt":"2020-08-21T07:56:19","slug":"heigh-chief","status":"publish","type":"product","link":"https:\/\/grappa.no\/no\/albums\/blue-mood-records\/heigh-chief\/","title":{"rendered":"Heigh Chief"},"content":{"rendered":"<p><\/p>\n<p>Navnebytte og ny plate  Heigh Chief (tidligere Marcus L\u00f8vdal band) har tatt et steg i ny retning det siste \u00e5ret. To \u00e5r har g\u00e5tt siden debutplaten og n\u00e5 er de klare med sitt nye album.   M\u00e5let til Heigh Chief har alltid v\u00e6rt \u00e5 skape et eget sound og uttrykk. Musikken b\u00e6rer fortsatt preg av det som er bl\u00e5tt, men p\u00e5 dette albumet har det ogs\u00e5 blitt r\u00f8ffere og mer mangfoldig. F\u00f8r innspillingen av dette albumet har de brukt mer tid p\u00e5 l\u00e5tskriving og arrangering enn tidligere, og musikken b\u00e6rer denne gangen mer preg av hver enkelt i bandet.<\/p>\n<p><!--more--><\/p>\n<p>Heigh Chief (tidligere Marcus L\u00f8vdal band) har tatt et steg i ny retning det siste \u00e5ret.<\/p>\n<h4>Musikalske referanser<\/h4>\n<p>M\u00e5let til Heigh Chief har alltid v\u00e6rt \u00e5 skape et eget sound og uttrykk. Musikken b\u00e6rer fortsatt preg av det som er bl\u00e5tt, men p\u00e5 dette albumet har det ogs\u00e5 blitt r\u00f8ffere og mer mangfoldig. I Heigh Chief har de alle ulike musikalske referanser, og de har jobbet for at dette skal slippe til i musikken. L\u00e5tene spenner over flere sjangere, men felles for alle i bandet er fascinasjonen og inspirasjonen fra rock, blues, jazz og Americana, fra artister som Paul Simon, Blake Mills og Robben Ford. F\u00f8r innspillingen av dette albumet har de brukt mer tid p\u00e5 l\u00e5tskriving og arrangering enn tidligere, og musikken b\u00e6rer denne gangen mer preg av hver enkelt i bandet.<\/p>\n<h4>Turn\u00e9<\/h4>\n<p>Bandet har de siste \u00e5rene markert seg i det norske, og ogs\u00e5 i det tyske musikkmarkedet, som et sterkt liveband med egne originale l\u00e5ter med en overtruffen musikalitet.  Heigh Chiefs\u2019 festivalsuksess i Tyskland f\u00f8rte til radiosendt konsert p\u00e5 DeutchLandFunk, en av Tysklands st\u00f8rste radiostasjoner, i 2015. Dette \u00e5pnet d\u00f8rene for bandet som n\u00e5 har to turneer i Tyskland i l\u00f8pet av \u00e5ret.P\u00e5 veien har bandet tidvis med seg Lars Christian Narum (Hellbillies) p\u00e5 orgel. Heigh Chief oser av lekenhet og energi, med to gitarister i front og et komp i bakgrunnen som bl\u00e5ser deg av banen.   Heigh Chief er:  Bj\u00f8rn Blix, vokal og gitar  Marcus L\u00f8vdal, gitar og vokal  Lasse Kulsrud Nordby, bass  Jonatan Eikum, trommer<\/p>\n<h4>Heigh Chief (tidligere Marcus L\u00f8vdal band) har tatt et steg i ny retning det siste \u00e5ret.  To \u00e5r har g\u00e5tt siden debutplaten og n\u00e5 er de klare med sitt nye album.<\/h4>\n<\/p>\n<p><\/p>","protected":false},"excerpt":{"rendered":"<p>Musikken til Heigh Chief b\u00e6rer fortsatt preg av det som er bl\u00e5tt, men p\u00e5 dette albumet har det ogs\u00e5 blitt r\u00f8ffere og mer mangfoldig.<\/p>\n","protected":false},"featured_media":32067,"comment_status":"closed","ping_status":"open","template":"","meta":[],"product_brand":[],"product_cat":[51],"product_tag":[],"class_list":{"0":"post-35060","1":"product","2":"type-product","3":"status-publish","4":"has-post-thumbnail","6":"product_cat-blue-mood-records","7":"product_shipping_class-cddvd-shipping","8":"uni_artist_genre-blues","9":"uni_artist_genre-rock","10":"uni_artist_genre-roots","12":"first","13":"instock","14":"taxable","15":"shipping-taxable","16":"purchasable","17":"product-type-variable","18":"has-default-attributes"},"_links":{"self":[{"href":"https:\/\/grappa.no\/no\/wp-json\/wp\/v2\/product\/35060","targetHints":{"allow":["GET"]}}],"collection":[{"href":"https:\/\/grappa.no\/no\/wp-json\/wp\/v2\/product"}],"about":[{"href":"https:\/\/grappa.no\/no\/wp-json\/wp\/v2\/types\/product"}],"replies":[{"embeddable":true,"href":"https:\/\/grappa.no\/no\/wp-json\/wp\/v2\/comments?post=35060"}],"wp:featuredmedia":[{"embeddable":true,"href":"https:\/\/grappa.no\/no\/wp-json\/wp\/v2\/media\/32067"}],"wp:attachment":[{"href":"https:\/\/grappa.no\/no\/wp-json\/wp\/v2\/media?parent=35060"}],"wp:term":[{"taxonomy":"product_brand","embeddable":true,"href":"https:\/\/grappa.no\/no\/wp-json\/wp\/v2\/product_brand?post=35060"},{"taxonomy":"product_cat","embeddable":true,"href":"https:\/\/grappa.no\/no\/wp-json\/wp\/v2\/product_cat?post=35060"},{"taxonomy":"product_tag","embeddable":true,"href":"https:\/\/grappa.no\/no\/wp-json\/wp\/v2\/product_tag?post=35060"}],"curies":[{"name":"wp","href":"https:\/\/api.w.org\/{rel}","templated":true}]}}