{"id":35057,"date":"2016-09-23T00:00:00","date_gmt":"2016-09-22T23:00:00","guid":{"rendered":"http:\/\/www.grappa.no\/albums\/uncategorized\/come-tomorrow-songs-of-townes-van-zandt\/"},"modified":"2024-11-28T16:12:56","modified_gmt":"2024-11-28T15:12:56","slug":"come-tomorrow-songs-of-townes-van-zandt","status":"publish","type":"product","link":"https:\/\/grappa.no\/no\/albums\/blue-mood-records\/come-tomorrow-songs-of-townes-van-zandt\/","title":{"rendered":"Come tomorrow &#8211; songs of Townes Van Zandt"},"content":{"rendered":"<p><\/p>\n<p>Paal Flaata tolker mesteren: Come Tomorrow: Songs of Townes van Zandt Det er p\u00e5 ingen m\u00e5te et ukjent fenomen at det f\u00f8rst er n\u00e5r den siste brikka legges i et puslespill, at helheten \u00e5penbarer seg, og n\u00e5 er Paal Flaatas trilogi ferdigstilt.\u00a0Det nye, tredje albumet: Come Tomorrow: Songs of Townes van Zandt, blir st\u00e5ende ved siden av \u201dWait by the Fire: Songs of Chip Taylor\u201d (2012) og Bless us all: Songs of Mickey Newbury (2014) som den uunng\u00e5elige, kompletterende utgivelsen.\u00a0Townes van Zandt sine sanger har alltid betydd noe ekstra for Paal, og han la det n\u00f8dvendige grunnlaget f\u00f8r han ga seg i kast med \u00e5 velge de ti sangene som utgj\u00f8r albumet. Utvalget av Townes-sanger som er \u00e5 h\u00f8re p\u00e5 Come Tomorrow er hentet fra perioden 1968 \u2013 78 og vitner om dyp Townes-forst\u00e5else og forskning. Fremf\u00f8rt i arrangementer som med absolutte fingertuppf\u00f8lelse ivaretar sangenes poetiske og melodi\u00f8se kraft. Fra valthornet i\u00a0\u00e5pningen av\u00a0\u00abFlying Shoes\u00bb, fremf\u00f8rt av Rune Brodahl, til Lise Voldsdals strykere p\u00e5\u00a0avslutningen,\u00a0\u00abSnow don\u00b4t fall\u00bb, er dette tolkninger som f\u00f8yer seg b\u00e5de elegant og egenartet inn i den betydelige Van Zandt-komposisjons-kanonen.\u00a0Tittelkuttet \u201dCome Tomorrow\u201d fremf\u00f8res som duett mellom Paal og hans datter Maria Flaata.\u00a0Come tomorrow: Songs of Townes van Zandt er spilt inn i Amper Tone Studio og er produsert av G\u00f8ran Grini og Paal Flaata. Albumet er Flaatas syvende soloalbum.<\/p>\n<p><!--more--><\/p>\n<p>Paal Flaata tolker mesteren: Come Tomorrow: Songs of Townes van Zandt<\/p>\n<h4>Dyp forst\u00e5else og forskning<\/h4>\n<p>Det nye, tredje albumet: Come Tomorrow: Songs of Townes van Zandt, blir st\u00e5ende ved siden av \u201dWait by the Fire: Songs of Chip Taylor\u201d (2012) og Bless us all: Songs of Mickey Newbury (2014) som den uunng\u00e5elige, kompletterende utgivelsen. De som har fulgt Paals karriere, b\u00e5de med Midnight Choir og som soloartist, vet at Townes sanger alltid har betydd noe ekstra for han. Paal la det n\u00f8dvendige grunnlaget f\u00f8r han ga seg i kast med \u00e5 velge de ti sangene som utgj\u00f8r Come tomorrow. Han kan sin Townes, i likhet med medprodusent G\u00f8ran Grini. Utvalget som er \u00e5 h\u00f8re p\u00e5 Come Tomorrow er hentet fra perioden 1968 \u2013 78 og vitner om dyp Townes-forst\u00e5else og forskning.<\/p>\n<h4>Townes van Zandt<\/h4>\n<p>John Townes van Zandt ble f\u00f8dt i Forth Worth i Texas i 1944, og d\u00f8de 1.januar 1997, bare 52 \u00e5r gammel. Da etterlot han seg en sangskatt som oppdages av stadig nye generasjoner av musikere og musikkfans. Sanger som i sannhet lever sitt eget liv, men ogs\u00e5 for evig er lenket til skjebnen til en omreisende trubadur som aldri fikk oppleve kommersielle fremganger likt sine jevnbyrdige, en Dylan, en Cohen, en Springsteen. L\u00e5tene p\u00e5 &#8220;Come Tomorrow&#8221; blir fremf\u00f8rt i arrangementer som med absolutte fingertuppf\u00f8lelse ivaretar sangenes poetiske og melodi\u00f8se kraft. Fra valthornet i\u00a0\u00e5pningen av\u00a0\u00abFlying Shoes\u00bb, fremf\u00f8rt av Rune Brodahl, til Lise Voldsdals strykere p\u00e5\u00a0avslutningen,\u00a0\u00abSnow don\u00b4t fall\u00bb, er dette tolkninger som f\u00f8yer seg b\u00e5de elegant og egenartet inn i den betydelige Van Zandt-komposisjons-kanonen.\u00a0Tittelkuttet \u201dCome Tomorrow\u201d fremf\u00f8res som duett mellom Paal og hans datter Maria Flaata. Come tomorrow: Songs of Townes van Zandt er spilt inn i Amper Tone Studio og er produsert av G\u00f8ran Grini og Paal Flaata. Albumet er Flaatas syvende soloalbum.<\/p>\n<h4>Turn\u00e9<\/h4>\n<p>29. september &#8211; Parkteatret, releasekonsert 01. oktober &#8211; Bryggerhuset Syd, Halden 05. oktober &#8211; Union Scene, Drammen 13. oktober &#8211; Bryggerhuset, Kvinesdal 14. oktober &#8211; TBA 15. oktober &#8211; H\u00e5ndverkeren, Kr. Sand 18. oktober &#8211; Avant Garden, Trondheim 20. oktober &#8211; Iris Scene, Odda 21. oktober \u2013 Haugesund Kulturnatt 22. oktober \u2013 Haugesund Kulturnatt 04. november &#8211; Driv, Troms\u00f8 05. november, Dama Di, Bod\u00f8 11. november &#8211; TBA 02. desember &#8211; \u00c6lvespeilet 10. desember &#8211; V\u00e5lerenga Kirke 11. desember &#8211; R\u00f8d Herreg\u00e5rd 19. desember &#8211; Herr Nilsen<\/p>\n<p><\/p>","protected":false},"excerpt":{"rendered":"<p>\u201cPaal Flaata fortsetter \u00e5 trekke gamle amerikanske helter fram i lyset igjen, Hans Townes van Zandt-tolkninger er fremragende.\u201d [Geir Rakvaag, Dagsavisen]<\/p>\n","protected":false},"featured_media":31156,"comment_status":"closed","ping_status":"closed","template":"","meta":[],"product_brand":[],"product_cat":[51],"product_tag":[],"class_list":{"0":"post-35057","1":"product","2":"type-product","3":"status-publish","4":"has-post-thumbnail","6":"product_cat-blue-mood-records","7":"product_shipping_class-cddvd-shipping","8":"uni_main_artist_tag-paal-flaata","9":"uni_artist_genre-americana","10":"uni_artist_genre-country","11":"uni_artist_genre-singersongwriter","13":"first","14":"instock","15":"taxable","16":"shipping-taxable","17":"purchasable","18":"product-type-variable","19":"has-default-attributes"},"_links":{"self":[{"href":"https:\/\/grappa.no\/no\/wp-json\/wp\/v2\/product\/35057","targetHints":{"allow":["GET"]}}],"collection":[{"href":"https:\/\/grappa.no\/no\/wp-json\/wp\/v2\/product"}],"about":[{"href":"https:\/\/grappa.no\/no\/wp-json\/wp\/v2\/types\/product"}],"replies":[{"embeddable":true,"href":"https:\/\/grappa.no\/no\/wp-json\/wp\/v2\/comments?post=35057"}],"wp:featuredmedia":[{"embeddable":true,"href":"https:\/\/grappa.no\/no\/wp-json\/wp\/v2\/media\/31156"}],"wp:attachment":[{"href":"https:\/\/grappa.no\/no\/wp-json\/wp\/v2\/media?parent=35057"}],"wp:term":[{"taxonomy":"product_brand","embeddable":true,"href":"https:\/\/grappa.no\/no\/wp-json\/wp\/v2\/product_brand?post=35057"},{"taxonomy":"product_cat","embeddable":true,"href":"https:\/\/grappa.no\/no\/wp-json\/wp\/v2\/product_cat?post=35057"},{"taxonomy":"product_tag","embeddable":true,"href":"https:\/\/grappa.no\/no\/wp-json\/wp\/v2\/product_tag?post=35057"}],"curies":[{"name":"wp","href":"https:\/\/api.w.org\/{rel}","templated":true}]}}