{"id":35054,"date":"2012-11-16T00:00:00","date_gmt":"2012-11-15T23:00:00","guid":{"rendered":"http:\/\/www.grappa.no\/albums\/uncategorized\/wait-by-the-fire-songs-of-chip-taylor\/"},"modified":"2020-08-21T08:56:14","modified_gmt":"2020-08-21T07:56:14","slug":"wait-by-the-fire-songs-of-chip-taylor","status":"publish","type":"product","link":"https:\/\/grappa.no\/no\/albums\/blue-mood-records\/wait-by-the-fire-songs-of-chip-taylor\/","title":{"rendered":"Wait by the fire &#8211; songs of Chip Taylor"},"content":{"rendered":"<p><\/p>\n<p>Paal Flaata: Wait By The Fire &#8211; Songs of Chip Taylor  Paal Flaata traff den amerikanske sangeren\/ l\u00e5tskriveren\/ gambleren Chip Taylor for f\u00f8rste gang helgen 22.-23. juli i 2011. Som vi alle vet, verre omstendigheter for \u00e5 stifte nye bekjentskaper er det knapt mulig \u00e5 forestille seg.Natten til 23. juli skrev Chip Taylor sangen \u201dThis Darkest Day\u201d, en poetisk reaksjon p\u00e5 tragediene som utspilte seg 12-15 mil fra Taylors tilhold i Halden. P\u00e5 kvelden 23. juli improviserte Chip, Paal, pianisten G\u00f8ran Grini og fiolinisten Fats Kaplin (Jack White Band) sangen i Brygga Kultursal i Halden, foran et publikum som telte ungdommer som hadde kommet seg uskadd i land fra Ut\u00f8ya.Noen dager senere spilte de inn sangen, ut\u00f8ket av Ida Jenshus, i Athletic Sound i Halden. Kort tid deretter ga Chip bort sangen til gratis nedlasting. I h\u00f8st avslutter en ny tolkning av \u201dThis Darkest Day\u201d Paal Flaatas femte soloalbum, en plate som inneholder ti sanger skrevet av Chip Taylor.   Paal Flaata er sangeren med stor S. Med Stemmen som kan gj\u00f8re gull av gr\u00e5stein. &quot;Wait By The Fire&quot; er det f\u00f8rste albumet i Paal Flaatas trilogi hvor han tolker tre, n\u00f8ye utvalgte, amerikanske l\u00e5tskrivere.<\/p>\n<p><!--more--><\/p>\n<p>Paal Flaata traff den amerikanske sangeren\/ l\u00e5tskriveren\/ gambleren Chip Taylor for f\u00f8rste gang helgen 22.-23. juli i 2011. Som vi alle vet, verre omstendigheter for \u00e5 stifte nye bekjentskaper er det knapt mulig \u00e5 forestille seg.<\/p>\n<h4>Trilogi<\/h4>\n<p>Noen dager senere spilte de inn sangen, ut\u00f8ket av Ida Jenshus, i Athletic Sound i Halden. Kort tid deretter ga Chip bort sangen til gratis nedlasting. I h\u00f8st avslutter en ny tolkning av \u201dThis Darkest Day\u201d Paal Flaatas femte soloalbum, en plate som inneholder ti sanger skrevet av Chip Taylor. \u00a0 Paal Flaata er sangeren med stor S. Med Stemmen som kan gj\u00f8re gull av gr\u00e5stein. &quot;Wait By The Fire&quot; er det f\u00f8rste albumet i Paal Flaatas trilogi hvor han tolker tre, n\u00f8ye utvalgte, amerikanske l\u00e5tskrivere.<\/p>\n<h4><\/h4>\n<p><h4><\/h4>\n<\/p>\n<p><\/p>","protected":false},"excerpt":{"rendered":"<p>Paal Flaata er sangeren med stor S. Med Stemmen som kan gj\u00f8re gull av gr\u00e5stein. &quot;Wait By The Fire&quot; er det f\u00f8rste albumet i Paal Flaatas trilogi hvor han tolker tre, n\u00f8ye utvalgte, amerikanske l\u00e5tskrivere.<\/p>\n","protected":false},"featured_media":31286,"comment_status":"closed","ping_status":"open","template":"","meta":[],"product_brand":[],"product_cat":[51],"product_tag":[],"class_list":{"0":"post-35054","1":"product","2":"type-product","3":"status-publish","4":"has-post-thumbnail","6":"product_cat-blue-mood-records","7":"product_shipping_class-cddvd-shipping","8":"uni_artist_genre-country","10":"first","11":"instock","12":"taxable","13":"shipping-taxable","14":"purchasable","15":"product-type-variable","16":"has-default-attributes"},"_links":{"self":[{"href":"https:\/\/grappa.no\/no\/wp-json\/wp\/v2\/product\/35054","targetHints":{"allow":["GET"]}}],"collection":[{"href":"https:\/\/grappa.no\/no\/wp-json\/wp\/v2\/product"}],"about":[{"href":"https:\/\/grappa.no\/no\/wp-json\/wp\/v2\/types\/product"}],"replies":[{"embeddable":true,"href":"https:\/\/grappa.no\/no\/wp-json\/wp\/v2\/comments?post=35054"}],"wp:featuredmedia":[{"embeddable":true,"href":"https:\/\/grappa.no\/no\/wp-json\/wp\/v2\/media\/31286"}],"wp:attachment":[{"href":"https:\/\/grappa.no\/no\/wp-json\/wp\/v2\/media?parent=35054"}],"wp:term":[{"taxonomy":"product_brand","embeddable":true,"href":"https:\/\/grappa.no\/no\/wp-json\/wp\/v2\/product_brand?post=35054"},{"taxonomy":"product_cat","embeddable":true,"href":"https:\/\/grappa.no\/no\/wp-json\/wp\/v2\/product_cat?post=35054"},{"taxonomy":"product_tag","embeddable":true,"href":"https:\/\/grappa.no\/no\/wp-json\/wp\/v2\/product_tag?post=35054"}],"curies":[{"name":"wp","href":"https:\/\/api.w.org\/{rel}","templated":true}]}}