{"id":35051,"date":"2014-09-26T00:00:00","date_gmt":"2014-09-25T23:00:00","guid":{"rendered":"http:\/\/www.grappa.no\/albums\/uncategorized\/bless-us-all-songs-of-mickey-newbury\/"},"modified":"2024-11-28T16:14:55","modified_gmt":"2024-11-28T15:14:55","slug":"bless-us-all-songs-of-mickey-newbury","status":"publish","type":"product","link":"https:\/\/grappa.no\/no\/albums\/blue-mood-records\/bless-us-all-songs-of-mickey-newbury\/","title":{"rendered":"Bless us all \u2013 Songs of Mickey Newbury"},"content":{"rendered":"<p><\/p>\n<p>Paal Flaata tolker Mickey Newbury Den talentfulle artisten Paal Flaata tar veien videre med fem soloalbum bak seg siden han startet som soloartist i 2001. N\u00e5 er han klar for \u00e5 servere nye mengder med kvalitetsrik musikk som han har tolket fra den amerikanske sangeren\/l\u00e5tskriveren Mickey Newbury. \u201dBless us all \u2013 Songs of Mickey Newbury\u201d er en oppf\u00f8lger til kritikerroste og spellemannprisnominerte \u201dWait By The Fire \u2013 songs of Chip Tyler\u201d, samtidig er musikken i stor grad et resultat av to ti\u00e5rs inng\u00e5ende studier av Newburys musikk fra Flaatas side. Flaata samarbeider nok en gang tett med sin pianist, G\u00f8ran Grini, som ogs\u00e5 er platas produsent.<\/p>\n<p><!--more--><\/p>\n<p>Paal Flaata tolker Mickey Newbury<\/p>\n<h4>\u201dBless us all \u2013 Songs of Mickey Newbury\u201d<\/h4>\n<p>\u201dBless us all \u2013 Songs of Mickey Newbury\u201d er en oppf\u00f8lger til kritikerroste og spellemannprisnominerte \u201dWait By The Fire \u2013 songs of Chip Tyler\u201d, samtidig er musikken i stor grad et resultat av to ti\u00e5rs inng\u00e5ende studier av Newburys musikk fra Flaatas side. Flaata samarbeider nok en gang tett med sin pianist, G\u00f8ran Grini, som ogs\u00e5 er platas produsent. \u201dBless us all \u2013 Songs of Mickey Newbury\u201d inneholder \u00e5tte Newbury-originaler hentet fra albumene \u201dLooks like Rain\u201d (69), \u201cFrisco Mabel Joy\u201d (71), \u201cSings his Own\u201d (72), \u201cI came to Hear the Music\u201d (74), Rusty Tracks\u201d (77) og \u201cIn a new Age\u201d (88). I tillegg er ogs\u00e5 de to egne komposisjonene \u201cNewbury\u2019s voice\u201d og \u201cFor Milton Sims\u201d, skrevet av Flaata og Grini.<\/p>\n<h4>Mickey Newbury<\/h4>\n<p>Mickey Newbury var en av de f\u00f8rste som gjorde oppr\u00f8r mot Nashvilles konservative studiosystem. Samtidig var han kjent for \u00e5 skrive unike l\u00e5ter, som b\u00e5de var poetiske, humoristiske og originale. Han ansees som foregangsmannen for den s\u00e5kalte texasskolen av sangere\/l\u00e5tskrivere, som teller noen av de aller beste amerikanske; Kris Kristofferson, Townes Van Zandth, Guy Clark og Rodney Crowell.<\/p>\n<h4><\/h4>\n<p><\/p>","protected":false},"excerpt":{"rendered":"<p>Paal Flaata er klar for \u00e5 servere nye mengder med kvalitetsrik musikk &#8211; denne gangen som han har tolket fra den amerikanske sangeren\/l\u00e5tskriveren Mickey Newbury.<\/p>\n","protected":false},"featured_media":26893,"comment_status":"closed","ping_status":"closed","template":"","meta":[],"product_brand":[],"product_cat":[51],"product_tag":[],"class_list":{"0":"post-35051","1":"product","2":"type-product","3":"status-publish","4":"has-post-thumbnail","6":"product_cat-blue-mood-records","7":"product_shipping_class-cddvd-shipping","8":"uni_artist_tag-bard-ingebrigtsen","9":"uni_artist_tag-bendik-braenne","10":"uni_artist_tag-christian-skaugen","11":"uni_artist_tag-glenn-vidar-solheim","12":"uni_artist_tag-goran-grini","13":"uni_artist_tag-hans-foyn-friis","14":"uni_artist_tag-hege-brynhildsen","15":"uni_artist_tag-jorn-raknes","16":"uni_artist_tag-julie-dahle-aagard","17":"uni_artist_tag-kaja-fjellberg-pettersen","18":"uni_artist_tag-lars-ivar-borg","19":"uni_artist_tag-lise-sorensen-voldsdal","20":"uni_artist_tag-mari-persen","21":"uni_artist_tag-mickey-newbury","22":"uni_artist_tag-oystein-frantzvag","23":"uni_artist_tag-paal-flaata","24":"uni_artist_tag-paul-inge-vikingstad","25":"uni_artist_tag-petter-marius-gundersen","26":"uni_main_artist_tag-paal-flaata","27":"uni_artist_genre-american","28":"uni_artist_genre-country","29":"uni_artist_genre-rock","30":"uni_artist_genre-roots","31":"uni_artist_genre-singersongwriter","33":"first","34":"instock","35":"taxable","36":"shipping-taxable","37":"purchasable","38":"product-type-variable","39":"has-default-attributes"},"_links":{"self":[{"href":"https:\/\/grappa.no\/no\/wp-json\/wp\/v2\/product\/35051","targetHints":{"allow":["GET"]}}],"collection":[{"href":"https:\/\/grappa.no\/no\/wp-json\/wp\/v2\/product"}],"about":[{"href":"https:\/\/grappa.no\/no\/wp-json\/wp\/v2\/types\/product"}],"replies":[{"embeddable":true,"href":"https:\/\/grappa.no\/no\/wp-json\/wp\/v2\/comments?post=35051"}],"wp:featuredmedia":[{"embeddable":true,"href":"https:\/\/grappa.no\/no\/wp-json\/wp\/v2\/media\/26893"}],"wp:attachment":[{"href":"https:\/\/grappa.no\/no\/wp-json\/wp\/v2\/media?parent=35051"}],"wp:term":[{"taxonomy":"product_brand","embeddable":true,"href":"https:\/\/grappa.no\/no\/wp-json\/wp\/v2\/product_brand?post=35051"},{"taxonomy":"product_cat","embeddable":true,"href":"https:\/\/grappa.no\/no\/wp-json\/wp\/v2\/product_cat?post=35051"},{"taxonomy":"product_tag","embeddable":true,"href":"https:\/\/grappa.no\/no\/wp-json\/wp\/v2\/product_tag?post=35051"}],"curies":[{"name":"wp","href":"https:\/\/api.w.org\/{rel}","templated":true}]}}