{"id":35048,"date":"2016-12-09T00:00:00","date_gmt":"2016-12-08T23:00:00","guid":{"rendered":"http:\/\/www.grappa.no\/albums\/uncategorized\/dyrene-i-hakkebakkeskogen\/"},"modified":"2024-10-18T10:33:31","modified_gmt":"2024-10-18T09:33:31","slug":"dyrene-i-hakkebakkeskogen","status":"publish","type":"product","link":"https:\/\/grappa.no\/no\/albums\/barne\/dyrene-i-hakkebakkeskogen\/","title":{"rendered":"Dyrene i Hakkebakkeskogen"},"content":{"rendered":"<p><\/p>\n<p>Dyrene i Hakkebakkeskogen (musikk fra filmen)  Musikken fra kinofilmen &#8216;Dyrene i Hakkebakkeskogen&#8217;, basert p\u00e5 Thorbj\u00f8rn Egners klassiker med samme navn. Utgivelsen inneholder Christian Hartmann og Thorbj\u00f8rn Egners viser og melodier til animasjonsfilmen.\u00a0 I nye arrangementer, av Katzenjammer og Gaute Storaas, f\u00e5r du gjenh\u00f8r med de kjente og kj\u00e6re sangene fra Hakkebakkeskogen.\u00a0 Sangene blir fremf\u00f8rt av blant andre Katzenjammer, KORK, Wenche Myhre, Egil Hegerberg, Espen Br\u00e5ten Kristoffersen og Stig Henrik Hoff &#8211; for \u00e5 nevne noen.\u00a0<\/p>\n<p><!--more--><\/p>\n<p>F\u00f8rste juledag 2016 kommer kinofilmen &#8216;Dyrene i Hakkebakkeskogen&#8217;, basert p\u00e5 Thorbj\u00f8rn Egners klassiker med samme navn.<\/p>\n<h4>Nye arrangementer<\/h4>\n<p>I nye arrangementer, av Katzenjammer og Gaute Storaas, f\u00e5r du gjenh\u00f8r med de kjente og kj\u00e6re sangene fra Hakkebakkeskogen.\u00a0Sangene blir fremf\u00f8rt av blant andre Katzenjammer, KORK, Wenche Myhre, Egil Hegerberg, Espen Br\u00e5ten Kristoffersen og Stig Henrik Hoff &#8211; for \u00e5 nevne noen.<\/p>\n<h4>Historien<\/h4>\n<p>I Hakkebakkeskogen bor Klatremus og de sm\u00e5 vennene hans i konstant fare for \u00e5 bli spist av Mikkel Rev og andre rovdyr som ikke klarer \u00e5 skaffe seg mat p\u00e5 \u00e6rlig vis. N\u00e5r Petter Pinnsvin i tillegg fors\u00f8ker \u00e5 spise fornuftige Morten Skogmus sin bestemor, er det p\u00e5 tide \u00e5 lage en lov for \u00e5 regulere lovl\u00f8sheten i skogen. Bj\u00f8rnen Bamsefar hjelper dem med \u00e5 innf\u00f8re loven: N\u00e5 skal alle dyrene i skogen v\u00e6re venner og det er forbudt \u00e5 spise hverandre. Men Mikkel Rev er fortsatt sulten.  Klatremus og de andre dyrene i Hakkebakkeskogen er en fortelling for barn skrevet og illustrert av den norske forfatteren, visedikteren og tegneren Thorbj\u00f8rn Egner (1912\u20131990). Egner presenterte historien gjennom daglige episoder i NRKs radioprogram Barnetimen for de minste f\u00f8rste gang i 1952. Melodiene til Egners viser fra Hakkebakkeskogen ble komponert av ham selv og Christian Hartmann. I 1953 ble fortellingen utgitt som barnebok.<\/p>\n<h4><\/h4>\n<\/p>\n<p><\/p>","protected":false},"excerpt":{"rendered":"<p>Dyrene i Hakkebakkeskogen &#8211; Sangene fra animasjonsfilmen fremf\u00f8rt av blant andre Katzenjammer, KORK, Wenche Myhre, Egil Hegerberg og Stig Henrik Hoff.<\/p>\n","protected":false},"featured_media":32413,"comment_status":"closed","ping_status":"open","template":"","meta":[],"product_brand":[],"product_cat":[15],"product_tag":[],"class_list":{"0":"post-35048","1":"product","2":"type-product","3":"status-publish","4":"has-post-thumbnail","6":"product_cat-barne","7":"product_shipping_class-cddvd-shipping","8":"uni_artist_genre-children","9":"uni_artist_genre-film-music","10":"uni_artist_genre-norwegian-lyrics","12":"first","13":"outofstock","14":"taxable","15":"shipping-taxable","16":"purchasable","17":"product-type-variable","18":"has-default-attributes"},"_links":{"self":[{"href":"https:\/\/grappa.no\/no\/wp-json\/wp\/v2\/product\/35048","targetHints":{"allow":["GET"]}}],"collection":[{"href":"https:\/\/grappa.no\/no\/wp-json\/wp\/v2\/product"}],"about":[{"href":"https:\/\/grappa.no\/no\/wp-json\/wp\/v2\/types\/product"}],"replies":[{"embeddable":true,"href":"https:\/\/grappa.no\/no\/wp-json\/wp\/v2\/comments?post=35048"}],"wp:featuredmedia":[{"embeddable":true,"href":"https:\/\/grappa.no\/no\/wp-json\/wp\/v2\/media\/32413"}],"wp:attachment":[{"href":"https:\/\/grappa.no\/no\/wp-json\/wp\/v2\/media?parent=35048"}],"wp:term":[{"taxonomy":"product_brand","embeddable":true,"href":"https:\/\/grappa.no\/no\/wp-json\/wp\/v2\/product_brand?post=35048"},{"taxonomy":"product_cat","embeddable":true,"href":"https:\/\/grappa.no\/no\/wp-json\/wp\/v2\/product_cat?post=35048"},{"taxonomy":"product_tag","embeddable":true,"href":"https:\/\/grappa.no\/no\/wp-json\/wp\/v2\/product_tag?post=35048"}],"curies":[{"name":"wp","href":"https:\/\/api.w.org\/{rel}","templated":true}]}}