{"id":34987,"date":"2018-03-02T00:00:00","date_gmt":"2018-03-01T23:00:00","guid":{"rendered":"http:\/\/www.grappa.no\/no\/albums\/ukategorisert\/mai-khoi-the-dissidents\/"},"modified":"2020-09-03T13:34:37","modified_gmt":"2020-09-03T12:34:37","slug":"dissent-live-at-phu-sa-lab","status":"publish","type":"product","link":"https:\/\/grappa.no\/no\/albums\/uncategorized\/dissent-live-at-phu-sa-lab\/","title":{"rendered":"Dissent \u2013 Live at Ph\u00f9 sa Lab"},"content":{"rendered":"<p><\/p>\n<p>En stemme fra Vietnam.<\/p>\n<p>Mai Khoi er popstjerne fra Vietnam, sanger og musiker. Hun har spilt musikk siden hun var 12 da hun var pianist i farens bryllupsband i kystbyen Nha Trang. Mai Khoi kombinerer s\u00f8ml\u00f8st ulike stilarter og rytmer, fra tradisjonell vietnamesisk folkemusikk til blues, soul og rock. Hennes musikk har bred f\u00f8lelsesmessig spennvidde, og preges av hennes store vokale register og s\u00e6rpregede stemme-egenskaper.Hun er en kontroversiell kjendis i det kommunistiske Vietnam, som snakker om seksualitet, LGBT-rettigheter og vold mot kvinner. Og hun fikk internasjonal medieoppmerksomhet i 2016 etter at hun som den f\u00f8rste vietnamesiske selebritet i historien nominere seg til en plass i nasjonalforsamlingen p\u00e5 et demokratisk program.<\/p>\n<p><!--more--><\/p>\n<p>Mai Khoi er en artist som har blitt hardt kritisert i den kommunistiske Vietnam. Hun uttaler seg fritt om LGBT-rettigheter og er en forkjemper for \u00e5 belyse vold mot kvinner. Hun behersker i sine komposisjoner \u00e5 kombinere tradisjoner fra vietnamesisk musikk med vestlige tradisjoner innen blues, soul og rock.<\/p>\n<h4>Popstjerne med s\u00e6rpreg<\/h4>\n<p>Mai Khoi er popstjerne fra Vietnam, sanger og musiker. Hun har spilt musikk siden hun var 12 da hun var pianist i farens bryllupsband i kystbyen Nha Trang. Mai Khoi kombinerer s\u00f8ml\u00f8st ulike stilarter og rytmer, fra tradisjonell vietnamesisk folkemusikk til blues, soul og rock. Hennes musikk har bred f\u00f8lelsesmessig spennvidde, og preges av hennes store vokale register og s\u00e6rpregede stemme-egenskaper.<\/p>\n<h4>Kontroversiell kjendis<\/h4>\n<p>I 2010 vant Mai Khoi Vietnams Television Song and Album of the Year Award med sangen &#8220;Vietnam&#8221;, landets h\u00f8yest hengende pris for l\u00e5tskriving. Etter \u00e5 ha vunnet, barberte hun halvparten av hodet og skrev &#8220;VN&#8221; p\u00e5 den bare siden. For dette ble hun hardt kritisert av landets konservative medier. Men Mai Khoi er en kontroversiell kjendis i det kommunistiske Vietnam, som snakker om seksualitet, LGBT-rettigheter og vold mot kvinner. Og hun fikk internasjonal medieoppmerksomhet i 2016 etter at hun som den f\u00f8rste vietnamesiske selebritet i historien nominere seg til en plass i nasjonalforsamlingen p\u00e5 et demokratisk program.<\/p>\n<h4><\/h4>\n<p><\/p>","protected":false},"excerpt":{"rendered":"<p>Mai Khoi er en kontroversiell kjendis i det kommunistiske Vietnam, som snakker om seksualitet, LGBT-rettigheter og vold mot kvinner. Og hun fikk internasjonal medieoppmerksomhet i 2016 etter at hun som den f\u00f8rste vietnamesiske selebritet i historien nominere seg til en plass i nasjonalforsamli<\/p>\n","protected":false},"featured_media":34988,"comment_status":"closed","ping_status":"closed","template":"","meta":[],"product_brand":[],"product_cat":[6984],"product_tag":[],"class_list":{"0":"post-34987","1":"product","2":"type-product","3":"status-publish","4":"has-post-thumbnail","6":"product_cat-uncategorized","7":"product_shipping_class-cddvd-shipping","8":"uni_artist_tag-benito-del-sur","9":"uni_artist_tag-mai-khoi","10":"uni_artist_tag-mai-khoi-chem-gio","11":"uni_main_artist_tag-mai-khoi","12":"uni_artist_genre-improvised-music","13":"uni_artist_genre-traditional","15":"first","16":"instock","17":"taxable","18":"shipping-taxable","19":"purchasable","20":"product-type-simple"},"_links":{"self":[{"href":"https:\/\/grappa.no\/no\/wp-json\/wp\/v2\/product\/34987","targetHints":{"allow":["GET"]}}],"collection":[{"href":"https:\/\/grappa.no\/no\/wp-json\/wp\/v2\/product"}],"about":[{"href":"https:\/\/grappa.no\/no\/wp-json\/wp\/v2\/types\/product"}],"replies":[{"embeddable":true,"href":"https:\/\/grappa.no\/no\/wp-json\/wp\/v2\/comments?post=34987"}],"wp:featuredmedia":[{"embeddable":true,"href":"https:\/\/grappa.no\/no\/wp-json\/wp\/v2\/media\/34988"}],"wp:attachment":[{"href":"https:\/\/grappa.no\/no\/wp-json\/wp\/v2\/media?parent=34987"}],"wp:term":[{"taxonomy":"product_brand","embeddable":true,"href":"https:\/\/grappa.no\/no\/wp-json\/wp\/v2\/product_brand?post=34987"},{"taxonomy":"product_cat","embeddable":true,"href":"https:\/\/grappa.no\/no\/wp-json\/wp\/v2\/product_cat?post=34987"},{"taxonomy":"product_tag","embeddable":true,"href":"https:\/\/grappa.no\/no\/wp-json\/wp\/v2\/product_tag?post=34987"}],"curies":[{"name":"wp","href":"https:\/\/api.w.org\/{rel}","templated":true}]}}