{"id":34970,"date":"2017-12-08T00:00:00","date_gmt":"2017-12-07T23:00:00","guid":{"rendered":"http:\/\/www.grappa.no\/no\/albums\/ukategorisert\/ingebrigt-haker-flatens-village-songs-den-signede-dag\/"},"modified":"2018-04-05T16:18:03","modified_gmt":"2018-04-05T15:18:03","slug":"ingebrigt-haker-flatens-village-songs-den-signede-dag","status":"publish","type":"product","link":"https:\/\/grappa.no\/no\/albums\/heilo\/ingebrigt-haker-flatens-village-songs-den-signede-dag\/","title":{"rendered":"Ingebrigt H\u00e5ker Flatens Village Songs: Den Signede Dag"},"content":{"rendered":"<p><\/p>\n<p>Grensesprengende og livgivende p\u00e5 tvers av tradisjonelle grenser.<\/p>\n<p>Hva er sannsynligheten for at b\u00f8nnesalmer fra pietismens tid har noe \u00e5 si progressive frimusikere i Austin, Texas? S\u00e6rlig n\u00e5r de synges p\u00e5 et spr\u00e5k som ogs\u00e5 for nordmenn f\u00f8les fjernt. P\u00e5 dette albumet skjer det mirakul\u00f8se at gamle ord taler over spr\u00e5kgrenser og hundrevis av \u00e5r. Samtalen \u00e5pner for nye dybder i tekst og tone. Hvordan det er mulig, vet jeg ikke. En dialog utspiller seg mellom Gunvor Fagerhaugs sang og Andreas Bj\u00f8rk\u00e5s sitt felespill p\u00e5 den ene siden \u2013 og Ingebrigt H\u00e5ker Flatens bass og den imponerende lineupen av Austin-baserte musikere fra b\u00e5de hip-hop, frijazz og elektronika p\u00e5 den andre. Resultatet speiler Ingebrigts visjon av musikken som grensesprengende og livgivende p\u00e5 tvers av tradisjonelle grenser. Slik sett er &#8216;Den signede dag&#8217; i seg selv et statement om \u00e5 s\u00f8ke sammen og skape mening gjennom \u00e5 lytte seg inn til hverandre i en dialog som i utgangspunktet kan synes umulig.<\/p>\n<p><!--more--><\/p>\n<p>Ingebrigt vokste opp i et milj\u00f8 tydelig preget av pietistisk kristendom. Produksjonen \u201dElise\u201d som ble gitt ut i 2008 var en musikalsk takk til denne arven og til farmor Elise som tradisjonsb\u00e6rer. I Den signede dag tar han et enda modigere skritt ved at tekstene bringes helt i forgrunnen. De lyder slik Gunvor Fagerhaug har l\u00e6rt dem etter sine n\u00e6re l\u00e6remestere. Tekstene har levd i folket siden de ble skrevet av Kingo, Brorson og andre salmediktere fra den lutherske ortodoksien og pietismens tid. Tekstene fikk f\u00f8lge av folketoner med ulik utforming fra bygd til bygd. S\u00e5 har hundre\u00e5rene g\u00e5tt\u2026<\/p>\n<h4>Pietismen<\/h4>\n<p>Pietismen, som mange andre fromhetsretninger, har en tendens til \u00e5 lukke seg mot \u201dde andre\u201d som tror og lever p\u00e5 en annen m\u00e5te. Personlig inderlighet og kritikk mot \u201dforfengelighet\u201d i alle former, har gitt bedehusfolket et urettferdig rykte som d\u00f8mmende og moralistiske. Ingebrigt l\u00f8fter tekstene opp til et overraskende og utfordrende m\u00f8te med oss som ikke har pietismens salmetekster under huden. Det er et m\u00f8te som skaper undring men ogs\u00e5 en merkelig relevans for dagens dype og grunnleggende sp\u00f8rsm\u00e5l: Angsten for hva verdens ledere kan komme til \u00e5 finne p\u00e5, hva milj\u00f8krisens naturkatastrofer f\u00f8rer til, hvordan vi skal klare \u00e5 ta imot alle som m\u00e5 flykte fra umenneskelige forhold\u2026 \u201dHerre, du bevare barnet fra all fare\u2026\u201d<\/p>\n<h4>Tr\u00f8st og mot<\/h4>\n<p>Livet i en umulig og skremmende verden gir mening til h\u00e5pet om himmelen. Det kan framst\u00e5 som flukt og en tilbaketrekking, men gir ogs\u00e5 h\u00e5p og styrke til et t\u00e5lmodig hverdagsliv i kamp mot urett og ondskap \u2013 eller \u201dsynd\u201d som salmene kaller det. Himmelen er en visjon om det motsatte av en h\u00e5pl\u00f8s verden. Troen p\u00e5 \u201dDen signede dag\u201d gir styrke til \u00e5 tro p\u00e5 godhet og kj\u00e6rlighet midt i alt det som trekker i motsatt retning. Bestemor Elise og Gunvors form\u00f8dre ga ikke opp. De var sterke og gode mennesker som aldri holdt opp med \u00e5 gj\u00f8re det beste de kunne for familie og nabolag. Salmesangen ga tr\u00f8st og mot til dem og de som sang med.<\/p>\n<h4>Livgivende<\/h4>\n<p>En dialog utspiller seg mellom Gunvor Fagerhaugs sang og Andreas Bj\u00f8rk\u00e5s sitt felespill p\u00e5 den ene siden \u2013 og Ingebrigt H\u00e5ker Flatens bass og den imponerende lineupen av Austin-baserte musikere fra b\u00e5de hip-hop, frijazz og elektronika p\u00e5 den andre. Resultatet speiler Ingebrigts visjon av musikken som grensesprengende og livgivende p\u00e5 tvers av tradisjonelle grenser. Slik sett er Den signede dag i seg selv et statement om \u00e5 s\u00f8ke sammen og skape mening gjennom \u00e5 lytte seg inn til hverandre i en dialog som i utgangspunktet kan synes umulig.<\/p>\n<p><\/p>","protected":false},"excerpt":{"rendered":"<p>I &#8216;Den signede dag&#8217; tar han et enda modigere skritt ved at tekstene bringes helt i forgrunnen.<\/p>\n","protected":false},"featured_media":34971,"comment_status":"closed","ping_status":"open","template":"","meta":[],"product_brand":[],"product_cat":[35],"product_tag":[],"class_list":{"0":"post-34970","1":"product","2":"type-product","3":"status-publish","4":"has-post-thumbnail","6":"product_cat-heilo","7":"product_shipping_class-cddvd-shipping","8":"uni_artist_tag-andreas-bjorkas","9":"uni_artist_tag-bob-hoffnar","10":"uni_artist_tag-daniel-dufour","11":"uni_artist_tag-gunvor-fagerhaug-gustavsen","12":"uni_artist_tag-ingebrigt-haker-flaten","13":"uni_artist_tag-joe-mcphee","14":"uni_artist_tag-jonathan-f-horne","15":"uni_artist_tag-sterling-steffen","16":"uni_artist_tag-trad","17":"uni_artist_tag-william-steffen","18":"uni_main_artist_tag-ingebrigt-haker-flaten","19":"uni_artist_genre-folk-music","20":"uni_artist_genre-jazz","22":"first","23":"instock","24":"taxable","25":"shipping-taxable","26":"purchasable","27":"product-type-simple"},"_links":{"self":[{"href":"https:\/\/grappa.no\/no\/wp-json\/wp\/v2\/product\/34970","targetHints":{"allow":["GET"]}}],"collection":[{"href":"https:\/\/grappa.no\/no\/wp-json\/wp\/v2\/product"}],"about":[{"href":"https:\/\/grappa.no\/no\/wp-json\/wp\/v2\/types\/product"}],"replies":[{"embeddable":true,"href":"https:\/\/grappa.no\/no\/wp-json\/wp\/v2\/comments?post=34970"}],"wp:featuredmedia":[{"embeddable":true,"href":"https:\/\/grappa.no\/no\/wp-json\/wp\/v2\/media\/34971"}],"wp:attachment":[{"href":"https:\/\/grappa.no\/no\/wp-json\/wp\/v2\/media?parent=34970"}],"wp:term":[{"taxonomy":"product_brand","embeddable":true,"href":"https:\/\/grappa.no\/no\/wp-json\/wp\/v2\/product_brand?post=34970"},{"taxonomy":"product_cat","embeddable":true,"href":"https:\/\/grappa.no\/no\/wp-json\/wp\/v2\/product_cat?post=34970"},{"taxonomy":"product_tag","embeddable":true,"href":"https:\/\/grappa.no\/no\/wp-json\/wp\/v2\/product_tag?post=34970"}],"curies":[{"name":"wp","href":"https:\/\/api.w.org\/{rel}","templated":true}]}}