{"id":34966,"date":"2018-02-23T00:00:00","date_gmt":"2018-02-22T23:00:00","guid":{"rendered":"http:\/\/www.grappa.no\/no\/albums\/ukategorisert\/string-sisters-between-wind-and-water\/"},"modified":"2023-01-13T15:37:05","modified_gmt":"2023-01-13T14:37:05","slug":"string-sisters-between-wind-and-water","status":"publish","type":"product","link":"https:\/\/grappa.no\/no\/albums\/uncategorized\/string-sisters-between-wind-and-water\/","title":{"rendered":"String Sisters: Between Wind and Water"},"content":{"rendered":"<p><\/p>\n<p>Nytt album fra String Sisters<\/p>\n<p>String Sisters produserer en lyd som er b\u00e5de imponerende og fengslende i like stor grad.Klare til \u00e5 fange publikum fra de f\u00f8rste notene, er deres konserter i en egen klasse n\u00e5r det kommer til den f\u00f8lelsesmessige kraften instrumentalmusikk og tradisjonell sang har \u2013 og<br \/>\nderes nye plate \u201dBetween Wind and Water\u201d klarer \u00e5 bringe energiene og f\u00f8lelsene fra live-konsert over p\u00e5 plate. Dette prestisjefulle internasjonale prosjektet inneholder melodier og sanger skrevet av Catriona Macdonald, Dave Milligan, Annbj\u00f8rg Lien, Liz Carroll, Liz Knowles, Mair\u00e9ad N\u00ed Mhaonaigh og Tore Bruvoll, i tillegg til tradisjonelle melodier og sanger fra Sverige, Shetland, Irland og USA.<\/p>\n<p><!--more--><\/p>\n<p>Nytt album fra String Sisters<\/p>\n<h4>Between Wind and Water<\/h4>\n<p>Klare til \u00e5 fange publikum fra de f\u00f8rste notene, er deres konserter i en egen klasse n\u00e5r det kommer til den f\u00f8lelsesmessige kraften instrumentalmusikk og tradisjonell sang har \u2013 og deres nye plate \u201dBetween Wind and Water\u201d klarer \u00e5 bringe energiene og f\u00f8lelsene fra live-konsert over p\u00e5 plate.<\/p>\n<p>Dette prestisjefulle internasjonale prosjektet inneholder melodier og sanger skrevet av Catriona Macdonald, Dave Milligan, Annbj\u00f8rg Lien, Liz Carroll, Liz Knowles, Mair\u00e9ad N\u00ed Mhaonaigh og Tore Bruvoll , i tillegg til tradisjonelle melodier og sanger fra Sverige, Shetland, Irland og USA.<\/p>\n<h4>String Sisters<\/h4>\n<p>String Sisters blander nordiske og keltiske tradisjoner inn i en str\u00e5lende miks av altomfattende lyd. Med bandmedlemmer fra Shetland, Norge, Sverige, Irland, Skottland og USA, er dette en internasjonal tiltalende kombinasjon med en utrolig erfaring og bakgrunn. Bandet ble grunnlagt p\u00e5 Celtic Connections i 2001 av Shetlands felespiller Catriona Macdonald. Catriona er for tiden seniorl\u00e6rer p\u00e5 BMus Folk Degree p\u00e5 Newcastle University, en ledende komponist av felemusikk, og en entusiastisk forkjemper for Shetlands feletradisjon.<\/p>\n<p>P\u00e5 Hardangerfjellet har vi Annbj\u00f8rg Lien, en av Norges mest fremtredende felespillere. Hun har samarbeidet med musikere fra hele verden, og er en sentral akt\u00f8r p\u00e5 verdensmusikkstadiet. I september ble Annbj\u00f8rg tildelt den prestisjetunge Anders Jahre Kulturpris for sitt fremragende bidrag til folkemusikk.<\/p>\n<p>Fra USA kommer String S\u00f8strene Liz Carroll og Liz Knowles , begge fra den irske tradisjonen. Liz Carroll er en legendarisk felespiller , som har v\u00e6rt junior og senior \u201dAll-Ireland Fiddle Champion\u201d. I 2010 var hun den f\u00f8rste irsk-amerikanske musikeren som ble nominert til Grammy, og i 2011 var hun den f\u00f8rste amerikansk-f\u00f8dte komponisten som ble hedret av Cumad\u00f3ir TG4, Irlands mest betydningsfulle musikkpris for tradisjonell musikk.<\/p>\n<p>I mellomtiden har Liz Knowles sin egen karakteristiske lyd. Med en kombinasjon av irsk fele med en tonal rikdom av klassisk fiolin, er hun en globalt etterspurt live-ut\u00f8ver og en allsidig studio-musiker. Hun har tidligere b\u00e5de v\u00e6rt felespiller for Riverdance til solist p\u00e5 soundtracket til filmen \u201dMichael Collins\u201d.<\/p>\n<p>Ogs\u00e5 p\u00e5 fele har String Sisters med seg to felespiller som i tillegg er anerkjente sangere. Emma H\u00e4rdelin fra Sverige, som kommer fra en stor musikerfamilie, bidrar med sin vakre stemme til folkemusikkbandet Garmarna, den tradisjonelle trioen Triakel og String Sisters. Sammen med Emma, p\u00e5 to duetter p\u00e5 det nye albumet, bidrar ogs\u00e5 Mair\u00e9ad N\u00ed Mhaonaigh fra Irland. Som en av de viktigste b\u00e6rerne av Donegal fele-stilen, opptrer Mair\u00e9ad over hele verden med sitt band Altan, og i februar i \u00e5r ble de tildelt \u201dGradam Ceoil\u201d, en av de mest prestisjefylte prisene i irsk musikk.<\/p>\n<p>Sist men ikke minst, inkluderer String Sisters Dave Milligan p\u00e5 piano, Tore Bruvoll p\u00e5 gitar, Conrad Molleson p\u00e5 bass og James Mackintosh p\u00e5 trommer. Dave og Tore har ogs\u00e5 komponert l\u00e5ter p\u00e5 det nye albumet.<\/p>\n<h4><\/h4>\n<p><\/p>","protected":false},"excerpt":{"rendered":"<p>P\u00e5 sitt nye album bringer Strings Sisters energien og f\u00f8lelsene fra livekonsert over p\u00e5 plate.<\/p>\n","protected":false},"featured_media":34967,"comment_status":"closed","ping_status":"closed","template":"","meta":[],"product_brand":[],"product_cat":[6984],"product_tag":[],"class_list":{"0":"post-34966","1":"product","2":"type-product","3":"status-publish","4":"has-post-thumbnail","6":"product_cat-uncategorized","7":"product_shipping_class-cddvd-shipping","8":"uni_artist_tag-annbjorg-lien","9":"uni_artist_tag-anon","10":"uni_artist_tag-catriona-macdonald","11":"uni_artist_tag-conrad-molleson","12":"uni_artist_tag-dave-milligan","13":"uni_artist_tag-ian-stephenson","14":"uni_artist_tag-irish-trad","15":"uni_artist_tag-james-mackintosh","16":"uni_artist_tag-liz-carroll","17":"uni_artist_tag-liz-doherty","18":"uni_artist_tag-liz-knowles","19":"uni_artist_tag-mairead-ni-mhaonaigh","20":"uni_artist_tag-sabra-macgillivray","21":"uni_artist_tag-string-sisters","22":"uni_artist_tag-tore-bruvoll","23":"uni_artist_tag-trad","24":"uni_artist_tag-trad-irishscottish","25":"uni_artist_tag-trad-norwegian","26":"uni_artist_tag-trad-shetland","27":"uni_artist_tag-trad-swedish","28":"uni_main_artist_tag-string-sisters","29":"uni_artist_genre-traditional","31":"first","32":"outofstock","33":"taxable","34":"shipping-taxable","35":"purchasable","36":"product-type-simple"},"_links":{"self":[{"href":"https:\/\/grappa.no\/no\/wp-json\/wp\/v2\/product\/34966","targetHints":{"allow":["GET"]}}],"collection":[{"href":"https:\/\/grappa.no\/no\/wp-json\/wp\/v2\/product"}],"about":[{"href":"https:\/\/grappa.no\/no\/wp-json\/wp\/v2\/types\/product"}],"replies":[{"embeddable":true,"href":"https:\/\/grappa.no\/no\/wp-json\/wp\/v2\/comments?post=34966"}],"wp:featuredmedia":[{"embeddable":true,"href":"https:\/\/grappa.no\/no\/wp-json\/wp\/v2\/media\/34967"}],"wp:attachment":[{"href":"https:\/\/grappa.no\/no\/wp-json\/wp\/v2\/media?parent=34966"}],"wp:term":[{"taxonomy":"product_brand","embeddable":true,"href":"https:\/\/grappa.no\/no\/wp-json\/wp\/v2\/product_brand?post=34966"},{"taxonomy":"product_cat","embeddable":true,"href":"https:\/\/grappa.no\/no\/wp-json\/wp\/v2\/product_cat?post=34966"},{"taxonomy":"product_tag","embeddable":true,"href":"https:\/\/grappa.no\/no\/wp-json\/wp\/v2\/product_tag?post=34966"}],"curies":[{"name":"wp","href":"https:\/\/api.w.org\/{rel}","templated":true}]}}