{"id":34843,"date":"2018-01-19T00:00:00","date_gmt":"2018-01-18T23:00:00","guid":{"rendered":"http:\/\/www.grappa.no\/no\/albums\/ukategorisert\/the-fab3-a-thing-called-love-the-gospel-album\/"},"modified":"2018-05-30T08:02:27","modified_gmt":"2018-05-30T07:02:27","slug":"the-fab-3-a-thing-called-love-the-gospel-album","status":"publish","type":"product","link":"https:\/\/grappa.no\/no\/albums\/grappa\/the-fab-3-a-thing-called-love-the-gospel-album\/","title":{"rendered":"The FAB 3: A thing called love &#8211; The Gospel Album"},"content":{"rendered":"<p><\/p>\n<p>Nytt album fra Flaata, Ackles og Busk!<\/p>\n<p>The FAB 3, best\u00e5ende av Paal Flaata , Stephen Ackles og Vidar Busk, har h\u00f8stet stor suksess med sine tolkninger av Elvis de siste tre \u00e5rene. N\u00e5 er de klar med nytt album og stor turn\u00e9.<\/p>\n<p>I januar 2015 var det premiere p\u00e5 &#8216;En storsl\u00e5tt hyllest til Elvis&#8217;. Flaata, Ackles og Busk presenterte en konsert som skulle hylle Elvis i anledning 80 \u00e5rsdagen for hans f\u00f8dsel, og tanken var at de skulle gj\u00f8re en turn\u00e9 p\u00e5 12-15 konserter over en tre m\u00e5neders periode. Mottakelsen ble imidlertid s\u00e5 eventyrlig at de n\u00e5 har gjort mer enn 110 konserter og gir n\u00e5 ut sitt tredje FAB 3-album.<\/p>\n<p>For \u00e5ret 2018 \u00f8nsket man \u00e5 ta for seg en annen side av Elvis sin karriere, nemlig gospel.<br \/>\nAllerede fire \u00e5r etter sitt gjennombrudd kom Elvis med sitt f\u00f8rste gospel album. Det ble etter hvert mange plateinnspillinger hvor han tolket velkjente sanger og noen helt nye komposisjoner, som senere har blitt allemannseie &#8211; og flere av disse finner man p\u00e5 FAB 3s nye album; A thing called love, The Gospel Album. <\/p>\n<p>26. januar 2018 innledes en landsdekkende turn\u00e9 med n\u00e6rmere 90 konserter, noe som gj\u00f8r at dette blir en av de mest omfattende turneene i Norge p\u00e5 mange \u00e5r. Paal, Stephen og Vidar vil bli akkompagnert av band, og p\u00e5 hvert spillested vil ogs\u00e5 et lokalt kor medvirke.<\/p>\n<p><!--more--><\/p>\n<p>The FAB 3 &#8211; best\u00e5ende av Paal Flaata , Stephen Ackles og Vidar Busk &#8211; har h\u00f8stet stor suksess med sine tolkninger av Elvis de siste tre \u00e5rene. N\u00e5 er de klar med nytt album og en storsl\u00e5tt turn\u00e9.<\/p>\n<h4>The Gospel Album<\/h4>\n<p>For \u00e5ret 2018 begynte man \u00e5 se p\u00e5 en oppf\u00f8lger til suksessen, og man \u00f8nsket \u00e5 ta for seg en annen side av Elvis sin karriere, nemlig gospel. Allerede fire \u00e5r etter sitt gjennombrudd kom Elvis med sitt f\u00f8rste gospel album. Det ble etter hvert mange plateinnspillinger hvor han tolket velkjente sanger og noen helt nye komposisjoner, som senere har blitt allemannseie &#8211; og flere av disse finner man p\u00e5 FAB 3s nye album; A thing called love, The Gospel Album.<\/p>\n<h4>En storsl\u00e5tt turn\u00e9!<\/h4>\n<p>26.januar 2018 innledes en landsdekkende turn\u00e9 med n\u00e6rmere 90 konserter, noe som gj\u00f8r at dette blir en av de mest omfattende turneene i Norge p\u00e5 mange \u00e5r. Paal, Stephen og Vidar vil bli akkompagnert av band, og p\u00e5 hvert spillested vil ogs\u00e5 et lokalt kor medvirke.<\/p>\n<h4>The FAB 3<\/h4>\n<p>Paal Flaata var\/er frontpersonen i bandet Midnight Choir, som i perioden 1994 til 2005 ga ut syv album. Som soloartist har han gitt ut seks album, det siste kom h\u00f8sten 2017. Midnight Choir gjorde &#8216;comeback&#8217; i 2016 \u2013 til stor suksess. <\/p>\n<p>Stephen Ackles kan se tilbake p\u00e5 hele 15 albumutgivelser etter debuten i 1988. Han har gjennom hele sin karriere penset mellom \u00e5 v\u00e6re en eminent Rock \u2019n\u2019 roll-og countryartist. Vinteren\/v\u00e5ren 2017 var han p\u00e5 en st\u00f8rre turn\u00e9 med Jerry Lee Lewis s\u00f8ster Linda, i produksjonen &#8216;Great Balls of Fire&#8217;.<\/p>\n<p>Vidar Busk startet sin musikalske karriere i USA som 15-\u00e5ring! Etter at han vendte tilbake til Norge har han gitt ut ni album. Han har en rekke ganger v\u00e6rt nominert til Spellemannprisen, og ogs\u00e5 vunnet den to ganger. Vidar har i en \u00e5rrekke blitt omtalt som Norges beste gitarist.<\/p>\n<p><\/p>","protected":false},"excerpt":{"rendered":"<p>Nytt album fra The FAB 3 (Flaata, Ackles og Busk).<\/p>\n","protected":false},"featured_media":34844,"comment_status":"closed","ping_status":"open","template":"","meta":[],"product_brand":[],"product_cat":[6],"product_tag":[],"class_list":{"0":"post-34843","1":"product","2":"type-product","3":"status-publish","4":"has-post-thumbnail","6":"product_cat-grappa","7":"product_shipping_class-cddvd-shipping","8":"uni_artist_tag-a-l-doodle-owens","9":"uni_artist_tag-aileene-hanks","10":"uni_artist_tag-ben-weisman","11":"uni_artist_tag-c-maude-battersby","12":"uni_artist_tag-charles-hutchison-gabriel","13":"uni_artist_tag-dallas-frazier","14":"uni_artist_tag-fred-karger","15":"uni_artist_tag-goran-grini","16":"uni_artist_tag-jerry-lieber","17":"uni_artist_tag-jerry-reed","18":"uni_artist_tag-lander-coleman","19":"uni_artist_tag-mike-stoller","20":"uni_artist_tag-mosie-lister","21":"uni_artist_tag-mylon-lefevre","22":"uni_artist_tag-oscar-hammerstein-ii","23":"uni_artist_tag-paal-flaata","24":"uni_artist_tag-ralph-carmichael","25":"uni_artist_tag-richard-rodgers","26":"uni_artist_tag-sid-wayne","27":"uni_artist_tag-stephen-ackles","28":"uni_artist_tag-the-fab-3","29":"uni_artist_tag-trad","30":"uni_artist_tag-vidar-busk","31":"uni_main_artist_tag-the-fab-3","32":"uni_artist_genre-gospel","33":"uni_artist_genre-pop","34":"uni_artist_genre-rock","35":"uni_artist_genre-soul","37":"first","38":"instock","39":"taxable","40":"shipping-taxable","41":"purchasable","42":"product-type-simple"},"_links":{"self":[{"href":"https:\/\/grappa.no\/no\/wp-json\/wp\/v2\/product\/34843","targetHints":{"allow":["GET"]}}],"collection":[{"href":"https:\/\/grappa.no\/no\/wp-json\/wp\/v2\/product"}],"about":[{"href":"https:\/\/grappa.no\/no\/wp-json\/wp\/v2\/types\/product"}],"replies":[{"embeddable":true,"href":"https:\/\/grappa.no\/no\/wp-json\/wp\/v2\/comments?post=34843"}],"wp:featuredmedia":[{"embeddable":true,"href":"https:\/\/grappa.no\/no\/wp-json\/wp\/v2\/media\/34844"}],"wp:attachment":[{"href":"https:\/\/grappa.no\/no\/wp-json\/wp\/v2\/media?parent=34843"}],"wp:term":[{"taxonomy":"product_brand","embeddable":true,"href":"https:\/\/grappa.no\/no\/wp-json\/wp\/v2\/product_brand?post=34843"},{"taxonomy":"product_cat","embeddable":true,"href":"https:\/\/grappa.no\/no\/wp-json\/wp\/v2\/product_cat?post=34843"},{"taxonomy":"product_tag","embeddable":true,"href":"https:\/\/grappa.no\/no\/wp-json\/wp\/v2\/product_tag?post=34843"}],"curies":[{"name":"wp","href":"https:\/\/api.w.org\/{rel}","templated":true}]}}