{"id":34818,"date":"1999-04-13T00:00:00","date_gmt":"1999-04-12T23:00:00","guid":{"rendered":"http:\/\/www.grappa.no\/no\/albums\/ukategorisert\/da-doo-ron-ron\/"},"modified":"2018-03-07T14:18:01","modified_gmt":"2018-03-07T13:18:01","slug":"da-doo-ron-ron","status":"publish","type":"product","link":"https:\/\/grappa.no\/no\/albums\/grappa\/da-doo-ron-ron\/","title":{"rendered":"DA DOO RON RON"},"content":{"rendered":"<p><\/p>\n<p>Servit\u00f8rene- Da doo ran ran<\/p>\n<p>Rondo er party. Dans og spenning. Gamle venner. Nye muligheter. Rock og latter. Svette og duggende glass. Men en vellykka fest er gjerne mer enn topp tempo og full rulle. Det du husker kan v\u00e6re \u00f8yeblikket av stillhet, den nye tanken som fl\u00f8y over bordet, muligheten til \u00e5 hjelpe og bry seg om et annet menneske. \u00abDe syngende servit\u00f8rene\u00bb i Petter Nomes popul\u00e6re fredagsunderholdningsprogram p\u00e5 NRK ga ut cden \u00abDa doo ran ran\u00bb i 1994.<\/p>\n<p><!--more--><\/p>\n<h4><\/h4>\n<\/p>\n<h4><\/h4>\n<p><h4><\/h4>\n<\/p>\n<p><\/p>","protected":false},"excerpt":{"rendered":"<p>\u00abDe syngende servit\u00f8rene\u00bb i Petter Nomes popul\u00e6re fredagsunderholdningsprogram p\u00e5 NRK ga ut cden \u00abDa doo ran ran\u00bb i 1994.<\/p>\n","protected":false},"featured_media":34819,"comment_status":"closed","ping_status":"open","template":"","meta":[],"product_brand":[],"product_cat":[6],"product_tag":[],"class_list":{"0":"post-34818","1":"product","2":"type-product","3":"status-publish","4":"has-post-thumbnail","6":"product_cat-grappa","7":"product_shipping_class-cddvd-shipping","8":"uni_artist_tag-barry-alan-gibb","9":"uni_artist_tag-bjorn-eidsvag","10":"uni_artist_tag-dolly-parton","11":"uni_artist_tag-eleanor-mcevoy","12":"uni_artist_tag-ellie-greenwich","13":"uni_artist_tag-james-robert-robertson","14":"uni_artist_tag-jan-eggum","15":"uni_artist_tag-john-barry","16":"uni_artist_tag-leonard-cohen","17":"uni_artist_tag-lionel-ritchie","18":"uni_artist_tag-maurice-ernest-gibb","19":"uni_artist_tag-petter-nome","20":"uni_artist_tag-phil-spector","21":"uni_artist_tag-quincy-jones","22":"uni_artist_tag-rod-temperton","23":"uni_artist_tag-servitorene-i-rondo","24":"uni_artist_tag-stefan-nilsson","25":"uni_artist_tag-svein-gundersen","26":"uni_artist_tag-the-eagles","27":"uni_artist_tag-trad","28":"uni_artist_genre-blues","29":"uni_artist_genre-folk-music","30":"uni_artist_genre-norwegian-lyrics","31":"uni_artist_genre-pop","32":"uni_artist_genre-rockabilly","34":"first","35":"outofstock","36":"taxable","37":"shipping-taxable","38":"product-type-simple"},"_links":{"self":[{"href":"https:\/\/grappa.no\/no\/wp-json\/wp\/v2\/product\/34818","targetHints":{"allow":["GET"]}}],"collection":[{"href":"https:\/\/grappa.no\/no\/wp-json\/wp\/v2\/product"}],"about":[{"href":"https:\/\/grappa.no\/no\/wp-json\/wp\/v2\/types\/product"}],"replies":[{"embeddable":true,"href":"https:\/\/grappa.no\/no\/wp-json\/wp\/v2\/comments?post=34818"}],"wp:featuredmedia":[{"embeddable":true,"href":"https:\/\/grappa.no\/no\/wp-json\/wp\/v2\/media\/34819"}],"wp:attachment":[{"href":"https:\/\/grappa.no\/no\/wp-json\/wp\/v2\/media?parent=34818"}],"wp:term":[{"taxonomy":"product_brand","embeddable":true,"href":"https:\/\/grappa.no\/no\/wp-json\/wp\/v2\/product_brand?post=34818"},{"taxonomy":"product_cat","embeddable":true,"href":"https:\/\/grappa.no\/no\/wp-json\/wp\/v2\/product_cat?post=34818"},{"taxonomy":"product_tag","embeddable":true,"href":"https:\/\/grappa.no\/no\/wp-json\/wp\/v2\/product_tag?post=34818"}],"curies":[{"name":"wp","href":"https:\/\/api.w.org\/{rel}","templated":true}]}}