{"id":34810,"date":"2013-08-09T00:00:00","date_gmt":"2013-08-08T23:00:00","guid":{"rendered":"http:\/\/www.grappa.no\/no\/albums\/ukategorisert\/boa-moon-over-towns\/"},"modified":"2018-01-03T22:48:30","modified_gmt":"2018-01-03T21:48:30","slug":"boa-moon-over-towns","status":"publish","type":"product","link":"https:\/\/grappa.no\/no\/albums\/grappa\/boa-moon-over-towns\/","title":{"rendered":"BOA: mOOn Over tOwns"},"content":{"rendered":"<p><\/p>\n<p>\u00abMax 3.30 Pop goes avantgarde\/ avantgarde goes pop\u00bb <\/p>\n<p>P\u00e5 det sjangeroverskridende debutalbumet \u00abmOOn Over tOwns \u00bb tolker trioen BOA spesialbestilte miniatyrkomposisjoner av en rekke av Norges fremste komponister og l\u00e5tskrivere: Susanne Sundf\u00f8r, Ole Henrik Moe jr, Christian Wallumr\u00f8d, Eivind Buene, Jenny Hval, Evan Gardner, Jarle Bernhoft, Hanne Hukkelberg og Morten Qvenild.<\/p>\n<p>Trioen BOA ble dannet i 2006 og best\u00e5r n\u00e5 av Tora Augestad (vokal), Morten Barrikmo (klarinetter) og Tanja Orning (cello), alle tre fremtredende og profilerte ut\u00f8vere av samtidsmusikk i Norge og i utlandet. Samtidig har alle de tre musikerne bred erfaring med b\u00e5de  klassisk musikk, jazz, pop og rock. <\/p>\n<p>I 2010 startet BOA prosjektet \u00abMax 3.30 Pop goes avantgarde\/ avantgarde goes pop\u00bb der de inviterte en rekke av Norges fremste komponister fra forskjellige sjangere til  \u00e5 komponere en \u00abpopl\u00e5t\u00bb til trioen. Resultatet har blitt en fin blanding av nydelige og rare l\u00e5ter, b\u00e5de hjemmeh\u00f8rende i og fremmede for begge sjangrene.<\/p>\n<p><!--more--><\/p>\n<p>P\u00e5 det sjangeroverskridende debutalbumet \u00abmOOn Over tOwns \u00bb tolker trioen BOA spesialbestilte miniatyrkomposisjoner av en rekke av Norges fremste komponister og l\u00e5tskrivere: Susanne Sundf\u00f8r, Ole Henrik Moe jr, Christian Wallumr\u00f8d, Eivind Buene, Jenny Hval, Evan Gardner, Jarle Bernhoft, Hanne Hukkelberg og Morten Qvenild.<\/p>\n<h4>\u00abMax 3.30 Pop goes avantgarde\/ avantgarde goes pop\u00bb<\/h4>\n<p>I 2010 startet BOA prosjektet \u00abMax 3.30 Pop goes avantgarde\/ avantgarde goes pop\u00bb der de inviterte en rekke av Norges fremste komponister fra forskjellige sjangere til  \u00e5 komponere en \u00abpopl\u00e5t\u00bb til trioen. Resultatet har blitt en fin blanding av nydelige og rare l\u00e5ter, b\u00e5de hjemmeh\u00f8rende i og fremmede for begge sjangrene.<\/p>\n<p>\u00abNoe av spenningen ved prosjektet er hvordan denne oppgaven har blitt tolket i lys av hvem vi er og hvem komponistene er\u00bb sier trioen.  Popkomponistene har blitt gitt muligheten til \u00e5 eksperimentere innenfor et samtidsmusikalsk klanglandskap, og de s\u00e5kalte kunstkomponistene har f\u00e5tt &quot;lov&quot; til \u00e5 lage en pop-l\u00e5t. Flere av komponistene har tatt dristige valg. Felles for dem alle er at de har tatt sjansen p\u00e5 \u00e5 bevege seg inn i nytt farvann. Susanne Sundf\u00f8rs bidrag til prosjektet, \u00abLast thoughts at the stake\u00bb,  ble senere videreutviklet til det som ble tittell\u00e5ten p\u00e5 hennes album \u00abThe Silicon Veil\u00bb, og Jenny Hvals \u00abEngines in The City\u00bb ble \u00e5pningsl\u00e5t p\u00e5 hennes kritikerroste album \u00abViscera\u00bb fra 2011.<\/p>\n<p>Fem av l\u00e5tene p\u00e5 cd\u00b4en ble urframf\u00f8rt p\u00e5 ULTIMA-festivalens fullsatte \u00e5pningskonsert 9 september 2010 p\u00e5 Stratos til sv\u00e6rt gode kritikker. BOA har siden fremf\u00f8rt l\u00e5tene i Oslo, Trondheim og Harstad. <\/p>\n<p>\u00abmOOn Over tOwns\u00bb ble innspilt live i Athletic Studio i Halden med tekniker Kai Andersen i juni 2012. Albumet ble mikset av Ingar Hunskaar og produsert av Jan Martin Sm\u00f8rdal.<\/p>\n<p>Albumet lanseres under Oslo Kammermusikkfestival med konsert i Glasshuset ved Oslo Konserthus mandag 12 august kl 12.00.<\/p>\n<h4><\/h4>\n<p><h4><\/h4>\n<\/p>\n<p><\/p>","protected":false},"excerpt":{"rendered":"<p>P\u00e5 det sjangeroverskridende debutalbumet \u00abmOOn Over tOwns \u00bb tolker trioen BOA spesialbestilte miniatyrkomposisjoner av en rekke av Norges fremste komponister og l\u00e5tskrivere.<\/p>\n","protected":false},"featured_media":34813,"comment_status":"closed","ping_status":"open","template":"","meta":[],"product_brand":[],"product_cat":[6],"product_tag":[],"class_list":{"0":"post-34810","1":"product","2":"type-product","3":"status-publish","4":"has-post-thumbnail","6":"product_cat-grappa","7":"product_shipping_class-cddvd-shipping","8":"uni_artist_tag-boa","9":"uni_artist_tag-christian-wallumrod","10":"uni_artist_tag-eivind-buene","11":"uni_artist_tag-evan-gardner","12":"uni_artist_tag-hanne-hukkelberg","13":"uni_artist_tag-jan-martin-smordal","14":"uni_artist_tag-jarle-bernhoft-sjodin","15":"uni_artist_tag-jenny-hval","16":"uni_artist_tag-morten-barrikmo","17":"uni_artist_tag-morten-qvenild","18":"uni_artist_tag-ole-henrik-moe-jr","19":"uni_artist_tag-susanne-a-sundfor","20":"uni_artist_tag-tanja-orning","21":"uni_artist_tag-tora-augestad","22":"uni_main_artist_tag-boa","23":"uni_artist_genre-chamber-music","24":"uni_artist_genre-contemporary-music","25":"uni_artist_genre-pop","27":"first","28":"instock","29":"taxable","30":"shipping-taxable","31":"purchasable","32":"product-type-simple"},"_links":{"self":[{"href":"https:\/\/grappa.no\/no\/wp-json\/wp\/v2\/product\/34810","targetHints":{"allow":["GET"]}}],"collection":[{"href":"https:\/\/grappa.no\/no\/wp-json\/wp\/v2\/product"}],"about":[{"href":"https:\/\/grappa.no\/no\/wp-json\/wp\/v2\/types\/product"}],"replies":[{"embeddable":true,"href":"https:\/\/grappa.no\/no\/wp-json\/wp\/v2\/comments?post=34810"}],"wp:featuredmedia":[{"embeddable":true,"href":"https:\/\/grappa.no\/no\/wp-json\/wp\/v2\/media\/34813"}],"wp:attachment":[{"href":"https:\/\/grappa.no\/no\/wp-json\/wp\/v2\/media?parent=34810"}],"wp:term":[{"taxonomy":"product_brand","embeddable":true,"href":"https:\/\/grappa.no\/no\/wp-json\/wp\/v2\/product_brand?post=34810"},{"taxonomy":"product_cat","embeddable":true,"href":"https:\/\/grappa.no\/no\/wp-json\/wp\/v2\/product_cat?post=34810"},{"taxonomy":"product_tag","embeddable":true,"href":"https:\/\/grappa.no\/no\/wp-json\/wp\/v2\/product_tag?post=34810"}],"curies":[{"name":"wp","href":"https:\/\/api.w.org\/{rel}","templated":true}]}}