{"id":34809,"date":"2008-10-08T00:00:00","date_gmt":"2008-10-07T23:00:00","guid":{"rendered":"http:\/\/www.grappa.no\/no\/albums\/ukategorisert\/weill-variations\/"},"modified":"2018-01-03T22:48:26","modified_gmt":"2018-01-03T21:48:26","slug":"weill-variations","status":"publish","type":"product","link":"https:\/\/grappa.no\/no\/albums\/grappa\/weill-variations\/","title":{"rendered":"Weill Variations"},"content":{"rendered":"<p><\/p>\n<p>Music for a while: Weill Variations<\/p>\n<p>P\u00e5 platen Weill Variations tar Music for a\u00a0while et solid og forfriskende originalt grep p\u00e5 Kurt Weills beske, s\u00e5re, satiriske, vakre og sm\u00e5 skeive ballader og sanger. Music for a\u00a0while best\u00e5r av fem unge, velrenommerte og profilerte musikere fra den norske jazz- og popscenen. Sammen lager musikerne sin helt personlige tapning av Weills unike materiale og formidler det med intensitet! <\/p>\n<p>Kurt Weill skrev kabaretsanger, alt fra r\u00f8ffe skillingsviser til smektende showtunes, tragiske kj\u00e6rlighetssanger til humoristiske sanger om menneskers skjebner. Materialet er skrevet i mellomkrigstidens Berlin, Paris og i USA etter Weills flukt fra nazi-regimet.<\/p>\n<p><!--more--><\/p>\n<p>Debutalbum fra Music for a while: Weill Variations. Kabaret med Kurt Weills musikk!<\/p>\n<h4>Fyrverkeri og s\u00e5rhet<\/h4>\n<p>Det er et sterkt materiale Music for a while har plukket fra. Og det er sterke navn, historier og skjebner bak materialet. Kurt Weills l\u00e5tmateriale best\u00e5r av et spekter av kabaretsanger, alt fra r\u00f8ffe skillingsviser til smektende showtunes, tragiske kj\u00e6rlighetssanger til humoristiske sanger om menneskers skjebner. L\u00e5tene er skrevet i mellomkrigstidens Berlin, Paris og i USA etter Weills flukt fra nazi-regimet. Noen av tekstene bandet framf\u00f8rer er skrevet av Bertholt Brecht, og er oversatt til norsk av blant andre Jens Bj\u00f8rneboe og J\u00f8rn Simen \u00d8verli. Felles for hele Weills produksjon er en uts\u00f8kt sans for gode tekster; r\u00f8ffe, satiriske, bitters\u00f8te, beske. Kombinert med komponistens sikre musikalske grep utgj\u00f8r dette et unikt materiale, uslitelig i sin kvalitet.<\/p>\n<h4>Weill Variations<\/h4>\n<p>Tora Augestad forteller at hun er spent p\u00e5 hvordan folk vil ta i mot debutplaten. \u2013 Platen er like mangefasettert eller allsidig som Kurt Weills musikk. Han skrev i mange ulike sjangere, det preges ogs\u00e5 platen av, sier hun. Den er p\u00e5 ingen m\u00e5te v\u00e5r oppskrift p\u00e5 hvordan Weill skal tolkes, det er v\u00e5re personlige tolkninger og variasjoner, derav navnet; Weill Variations.<\/p>\n<h4>Music for a while<\/h4>\n<p>Music for a while oppstod i 2004, etter initiativ fra vokalist Tora Augestad, Norges f\u00f8rste mastergradsstudent med emnet kabaretsang ved Norges musikkh\u00f8gskole. Bandet har hentet navnet\u00a0sitt fra\u00a0en av musikkhistoriens mest kjente sanger, \u201dMusic for a While\u201d, av barokkomponisten Henry Purcell. I teksten heter det at \u201dmusikk kan, for et \u00f8yeblikk, fordrive alle dine bekymringer\u201d. Den musikalske erfaringen de enkelte i bandet har fra ulike andre sammenhenger, gj\u00f8r at materialet fremst\u00e5r som friskt og originalt, dramatisk, og med et snev av avantgarde. Nerve og tilstedev\u00e6relse p\u00e5 scenen er andre kjennetegn ved bandet; det sies at det formelig gnistrer mellom scene og sal n\u00e5r Music for a while slipper l\u00f8s lidenskapen.<\/p>\n<p><\/p>","protected":false},"excerpt":{"rendered":"<p>Eksepsjonelle Weill-tolkninger av stjernelag.<\/p>\n","protected":false},"featured_media":34811,"comment_status":"closed","ping_status":"open","template":"","meta":[],"product_brand":[],"product_cat":[6],"product_tag":[],"class_list":{"0":"post-34809","1":"product","2":"type-product","3":"status-publish","4":"has-post-thumbnail","6":"product_cat-grappa","7":"product_shipping_class-cddvd-shipping","8":"uni_artist_tag-hanns-eisler","9":"uni_artist_tag-kurt-weill","10":"uni_artist_tag-martin-taxt","11":"uni_artist_tag-mathias-eick","12":"uni_artist_tag-music-for-a-while","13":"uni_artist_tag-pal-hausken","14":"uni_artist_tag-stian-carstensen","15":"uni_artist_tag-tora-augestad","16":"uni_main_artist_tag-music-for-a-while","17":"uni_artist_genre-crossover","18":"uni_artist_genre-jazz","20":"first","21":"instock","22":"taxable","23":"shipping-taxable","24":"purchasable","25":"product-type-simple"},"_links":{"self":[{"href":"https:\/\/grappa.no\/no\/wp-json\/wp\/v2\/product\/34809","targetHints":{"allow":["GET"]}}],"collection":[{"href":"https:\/\/grappa.no\/no\/wp-json\/wp\/v2\/product"}],"about":[{"href":"https:\/\/grappa.no\/no\/wp-json\/wp\/v2\/types\/product"}],"replies":[{"embeddable":true,"href":"https:\/\/grappa.no\/no\/wp-json\/wp\/v2\/comments?post=34809"}],"wp:featuredmedia":[{"embeddable":true,"href":"https:\/\/grappa.no\/no\/wp-json\/wp\/v2\/media\/34811"}],"wp:attachment":[{"href":"https:\/\/grappa.no\/no\/wp-json\/wp\/v2\/media?parent=34809"}],"wp:term":[{"taxonomy":"product_brand","embeddable":true,"href":"https:\/\/grappa.no\/no\/wp-json\/wp\/v2\/product_brand?post=34809"},{"taxonomy":"product_cat","embeddable":true,"href":"https:\/\/grappa.no\/no\/wp-json\/wp\/v2\/product_cat?post=34809"},{"taxonomy":"product_tag","embeddable":true,"href":"https:\/\/grappa.no\/no\/wp-json\/wp\/v2\/product_tag?post=34809"}],"curies":[{"name":"wp","href":"https:\/\/api.w.org\/{rel}","templated":true}]}}