{"id":34708,"date":"2017-11-24T00:00:00","date_gmt":"2017-11-23T23:00:00","guid":{"rendered":"http:\/\/www.grappa.no\/no\/albums\/ukategorisert\/kvedarkvintetten-julesong\/"},"modified":"2017-12-20T17:52:05","modified_gmt":"2017-12-20T16:52:05","slug":"kvedarkvintetten-julesong","status":"publish","type":"product","link":"https:\/\/grappa.no\/no\/albums\/heilo\/kvedarkvintetten-julesong\/","title":{"rendered":"Kvedarkvintetten: Julesong"},"content":{"rendered":"<p><\/p>\n<p>Julesongar fr\u00e5 Hallingdal.<\/p>\n<p>P\u00e5\u00a0albumet Julesong hentar Kvedarkvintetten frem i ljoset\u00a0tradisjonsrik\u00a0julemusikk fr\u00e5 Hallingdal.\u00a0<\/p>\n<p>I ungdomshuset p\u00e5 Torpo har ungar sunge julesongar for foreldre og andre interesserte, julesongar ein ikkje kunne h\u00f8yre andre plassar, julesongar ingen andre kunne.\u00a0Kvedarkvintetten har sitt utspring fr\u00e5 denne barnegruppa, som har f\u00e5tt kyndig undervisning fr\u00e5 Gunnlaug Lien Myhr (Tiriltunga).\u00a0\u00a0\u00abJuletida har for oss, som for mange, vore ei tid for song.\u00bb\u00a0seier medlemmene i Kvedarkvintetten.\u00a0\u00abSpesielt juletrefesten\u00a03. juledag har sidan 90-talet vore ein viktig dag for julesongane i Hallingdalstradisjonen.\u00a0Songane har fulgt oss inn i vaksenlivet\u00bb seier kvintetten. <\/p>\n<p>P\u00e5 denne plata har dei samla nokre av julesongane fr\u00e5 barndomen, men dei har \u00f2g supplert med songar henta fr\u00e5 boka Folkesong i Hallingdal (Gunnlaug Lien Myhr, 2015) som inneheld alt av innsamla vokalmateriale i Hallingdal. I tillegg har dei tinga nye tekstar til to av melodiane p\u00e5 plata fr\u00e5 Eldgrim Springgard og Frida \u00c5nnevik, og slik veks ogs\u00e5 julesongmaterialet i Hallingdal litt med denne utgjevinga. \u00abMe h\u00e5par desse julesongane og salmane kan bli til glede for fleire enn dei f\u00e5 som til no har hatt kjennskap til dei.\u00bb<\/p>\n<p>\u00abJulesong\u00bb er innspilt i den intime og varme akustikken i Maridalen Kyrkje, saman med dei eminente musikarane Geir Sundst\u00f8l (gitar), Fredrik Luhr Dietrichson (kontrabass) og Hans Hulb\u00e6kmo (trommer og perkusjon). Plata er produsert av Frida \u00c5nnevik som \u00f3g har vore arrang\u00f8r saman med kvintetten. \u00abHo har inspirert oss og ikkje minst hatt evna til \u00e5 hente fram nye sider ved oss\u00bb, seier kvintetten sj\u00f8lv om samarbeidet.<\/p>\n<p>\u00abJulesong\u00bb er ein stemingsmetta og variert lyttararoppleving, men \u00f3g eit dokument over en rik tradisjon som fortsatt lev og utviklar seg.<\/p>\n<p>Konsertar:<br \/>\n24.11 Hugnadheim, Torpo<br \/>\n25.11 Nordre Trysil kirke, Trysil<br \/>\n30.11 Riksscenen, Oslo<br \/>\n02.12 Galleri Skredsvig, Eggedal<br \/>\n10.12 Gj\u00f8vik<br \/>\n11.12. Ni Muser, Trondheim<\/p>\n<p><!--more--><\/p>\n<p>P\u00e5\u00a0albumet Julesong hentar Kvedarkvintetten frem i ljoset\u00a0tradisjonsrik\u00a0julemusikk fr\u00e5 Hallingdal.\u00a0<\/p>\n<h4>To s\u00f8skenpar<\/h4>\n<p>Gruppa best\u00e5r av s\u00f8skenpara Silje og Tonje Risdal Liahagen og Helga, Sina og Margit Myhr og dei feirar i \u00e5r 10-\u00e5rs jubileum som kvintett. I 2011 var dei med i NRK TV storsatsinga \u00abJulefolk\u00bb. Kvedarkvintetten har holdt konsertar i inn og utland og gjort seg bemerka som deltakarar i \u00e5pen klasse under Landskappleiken ei rekkje gonger.<\/p>\n<h4>Julesongar fr\u00e5 barndomen<\/h4>\n<p>P\u00e5 denne plata har dei samla nokre av julesongane fr\u00e5 barndomen, men dei har \u00f2g supplert med songar henta fr\u00e5 boka Folkesong i Hallingdal (Gunnlaug Lien Myhr, 2015) som inneheld alt av innsamla vokalmateriale i Hallingdal. I tillegg har dei tinga nye tekstar til to av melodiane p\u00e5 plata fr\u00e5 Eldgrim Springgard og Frida \u00c5nnevik, og slik veks ogs\u00e5 julesongmaterialet i Hallingdal litt med denne utgjevinga. \u00abMe h\u00e5par desse julesongane og salmane kan bli til glede for fleire enn dei f\u00e5 som til no har hatt kjennskap til dei.\u00bb<\/p>\n<p>\u00abJulesong\u00bb er innspilt i den intime og varme akustikken i Maridalen Kyrkje, saman med dei eminente musikarane Geir Sundst\u00f8l (gitar), Fredrik Luhr Dietrichson (kontrabass) og Hans Hulb\u00e6kmo (trommer og perkusjon). Plata er produsert av Frida \u00c5nnevik som \u00f3g har vore arrang\u00f8r saman med kvintetten. \u00abHo har inspirert oss og ikkje minst hatt evna til \u00e5 hente fram nye sider ved oss\u00bb, seier kvintetten sj\u00f8lv om samarbeidet.<\/p>\n<p>\u00abJulesong\u00bb er ein stemingsmetta og variert lyttararoppleving, men \u00f3g eit dokument over en rik tradisjon som fortsatt lev og utviklar seg.<\/p>\n<h4>Konsertar<\/h4>\n<p>24.11 Hugnadheim, Torpo<br \/>\n25.11 Nordre Trysil kirke, Trysil<br \/>\n30.11 Riksscenen, Oslo<br \/>\n02.12 Galleri Skredsvig, Eggedal<br \/>\n10.12 Gj\u00f8vik<br \/>\n11.12. Ni Muser, Trondheim<\/p>\n<p><\/p>","protected":false},"excerpt":{"rendered":"<p>P\u00e5\u00a0albumet Julesong hentar Kvedarkvintetten frem i ljoset\u00a0tradisjonsrik\u00a0julemusikk fr\u00e5 Hallingdal.\u00a0<\/p>\n","protected":false},"featured_media":34710,"comment_status":"closed","ping_status":"open","template":"","meta":[],"product_brand":[],"product_cat":[35],"product_tag":[],"class_list":{"0":"post-34708","1":"product","2":"type-product","3":"status-publish","4":"has-post-thumbnail","6":"product_cat-heilo","7":"product_shipping_class-cddvd-shipping","8":"uni_artist_tag-fredrik-luhr-dietrichson","9":"uni_artist_tag-frida-annevik","10":"uni_artist_tag-geir-sundstol","11":"uni_artist_tag-hans-hulbaekmo","12":"uni_artist_tag-helga-myhr","13":"uni_artist_tag-kvedarkvintetten","14":"uni_artist_tag-margit-myhr","15":"uni_artist_tag-silje-risdal-liahagen","16":"uni_artist_tag-sina-myhr","17":"uni_artist_tag-tonje-risdal-liahagen","18":"uni_artist_tag-trad","19":"uni_main_artist_tag-kvedarkvintetten","20":"uni_artist_genre-christmas-music","21":"uni_artist_genre-folk-music","23":"first","24":"instock","25":"taxable","26":"shipping-taxable","27":"purchasable","28":"product-type-simple"},"_links":{"self":[{"href":"https:\/\/grappa.no\/no\/wp-json\/wp\/v2\/product\/34708","targetHints":{"allow":["GET"]}}],"collection":[{"href":"https:\/\/grappa.no\/no\/wp-json\/wp\/v2\/product"}],"about":[{"href":"https:\/\/grappa.no\/no\/wp-json\/wp\/v2\/types\/product"}],"replies":[{"embeddable":true,"href":"https:\/\/grappa.no\/no\/wp-json\/wp\/v2\/comments?post=34708"}],"wp:featuredmedia":[{"embeddable":true,"href":"https:\/\/grappa.no\/no\/wp-json\/wp\/v2\/media\/34710"}],"wp:attachment":[{"href":"https:\/\/grappa.no\/no\/wp-json\/wp\/v2\/media?parent=34708"}],"wp:term":[{"taxonomy":"product_brand","embeddable":true,"href":"https:\/\/grappa.no\/no\/wp-json\/wp\/v2\/product_brand?post=34708"},{"taxonomy":"product_cat","embeddable":true,"href":"https:\/\/grappa.no\/no\/wp-json\/wp\/v2\/product_cat?post=34708"},{"taxonomy":"product_tag","embeddable":true,"href":"https:\/\/grappa.no\/no\/wp-json\/wp\/v2\/product_tag?post=34708"}],"curies":[{"name":"wp","href":"https:\/\/api.w.org\/{rel}","templated":true}]}}