{"id":34695,"date":"2017-11-17T00:00:00","date_gmt":"2017-11-16T23:00:00","guid":{"rendered":"http:\/\/www.grappa.no\/no\/albums\/ukategorisert\/superbarna-adventstid\/"},"modified":"2024-08-21T10:58:43","modified_gmt":"2024-08-21T09:58:43","slug":"superbarna-adventstid","status":"publish","type":"product","link":"https:\/\/grappa.no\/no\/albums\/barne\/superbarna-adventstid\/","title":{"rendered":"Superbarna: Adventstid"},"content":{"rendered":"<p><\/p>\n<p>Julemusikk med stemning for hele familien!<\/p>\n<p>Superbarna fikk Spellmann tidligere \u00e5r for beste barneplate. Her f\u00f8lger de opp med en herlig presentasjon av julesanger, som raskt kan bli en del av det gode tradisjonelle julerepertoaret! Allerede p\u00e5 \u00e5pningssporet, f\u00e5r du en ny klassisk julesang. &#8216;Adventstid&#8217; \u00e5pner med Anita Skorgans vakre formidling av f\u00f8rjulstiden, og sammen med Sigmund Grovens sjelfulle toner blir det helt klart en herlig kombinasjon. Albumet fortsetter med gruppas sjarmerende barn mellom 4 og 15 \u00e5r, som blant annet synger &#8216;Julebakevise&#8217;, &#8216;Pakkesang&#8217; og &#8216;En liten nissevise&#8217;. Kjente sanger har ogs\u00e5 f\u00e5tt sin plass, som \u00abJeg s\u00e5 mamma kysse nissen\u00bb og \u00abVi tenner v\u00e5re lykter\u00bb med nye gode arrangementer.<\/p>\n<p><!--more--><\/p>\n<p>Superbarna &#8211; &#8216;Adventstid&#8217;<\/p>\n<h4>Julemusikk med stemning for hele familien!<\/h4>\n<p>Allerede p\u00e5 \u00e5pningessporet, f\u00e5r du en ny klassisk julesang. \u00abAdventstid\u00bb \u00e5pner med Anita Skorgans vakre formidling av f\u00f8rjulstiden, og sammen med Sigmund Grovens sjelfulle toner blir det helt klart en herlig kombinasjon. Albumet fortsetter med gruppas sjarmerende barn mellom 4 og 15 \u00e5r, som blant annet synger &#8216;Julebakevise&#8217;, &#8216;Pakkesang&#8217; og &#8216;En liten nissevise&#8217;. Kjente sanger har ogs\u00e5 f\u00e5tt sin plass, som \u00abJeg s\u00e5 mamma kysse nissen\u00bb og \u00abVi tenner v\u00e5re lykter\u00bb med nye gode arrangementer.<\/p>\n<p>Superbarnas varemerke, som en god formidler av barnemusikk, vil nok sjarmere alle aldersgrupper og skape god julestemning for hele familien!<\/p>\n<h4><\/h4>\n<h4><\/h4>\n<p><\/p>","protected":false},"excerpt":{"rendered":"<p>Julemusikk med stemning for hele familien!<\/p>\n","protected":false},"featured_media":34697,"comment_status":"closed","ping_status":"closed","template":"","meta":[],"product_brand":[],"product_cat":[15],"product_tag":[],"class_list":{"0":"post-34695","1":"product","2":"type-product","3":"status-publish","4":"has-post-thumbnail","6":"product_cat-barne","7":"product_shipping_class-cddvd-shipping","8":"uni_artist_tag-alexander-rybak","9":"uni_artist_tag-anita-skorgan","10":"uni_artist_tag-benjamin-asphol","11":"uni_artist_tag-bjorn-ronningen","12":"uni_artist_tag-hans-petter-solli","13":"uni_artist_tag-knut-bjornar-asphol","14":"uni_artist_tag-sigmund-groven","15":"uni_artist_tag-stein-austrud","16":"uni_artist_tag-superbarna","17":"uni_artist_tag-tobias-asphol","18":"uni_artist_tag-tommie-connor","19":"uni_artist_tag-tone-lise-ramstad-asphol","20":"uni_main_artist_tag-superbarna","21":"uni_artist_genre-children","22":"uni_artist_genre-christmas-music","23":"uni_artist_genre-pop","25":"first","26":"outofstock","27":"taxable","28":"shipping-taxable","29":"purchasable","30":"product-type-simple"},"_links":{"self":[{"href":"https:\/\/grappa.no\/no\/wp-json\/wp\/v2\/product\/34695","targetHints":{"allow":["GET"]}}],"collection":[{"href":"https:\/\/grappa.no\/no\/wp-json\/wp\/v2\/product"}],"about":[{"href":"https:\/\/grappa.no\/no\/wp-json\/wp\/v2\/types\/product"}],"replies":[{"embeddable":true,"href":"https:\/\/grappa.no\/no\/wp-json\/wp\/v2\/comments?post=34695"}],"wp:featuredmedia":[{"embeddable":true,"href":"https:\/\/grappa.no\/no\/wp-json\/wp\/v2\/media\/34697"}],"wp:attachment":[{"href":"https:\/\/grappa.no\/no\/wp-json\/wp\/v2\/media?parent=34695"}],"wp:term":[{"taxonomy":"product_brand","embeddable":true,"href":"https:\/\/grappa.no\/no\/wp-json\/wp\/v2\/product_brand?post=34695"},{"taxonomy":"product_cat","embeddable":true,"href":"https:\/\/grappa.no\/no\/wp-json\/wp\/v2\/product_cat?post=34695"},{"taxonomy":"product_tag","embeddable":true,"href":"https:\/\/grappa.no\/no\/wp-json\/wp\/v2\/product_tag?post=34695"}],"curies":[{"name":"wp","href":"https:\/\/api.w.org\/{rel}","templated":true}]}}