{"id":34694,"date":"2017-11-17T00:00:00","date_gmt":"2017-11-16T23:00:00","guid":{"rendered":"http:\/\/www.grappa.no\/no\/albums\/ukategorisert\/the-fab-3-i-wish-every-day-could-be-like-christmas\/"},"modified":"2018-01-08T08:48:35","modified_gmt":"2018-01-08T07:48:35","slug":"the-fab-3-i-wish-every-day-could-be-like-christmas","status":"publish","type":"product","link":"https:\/\/grappa.no\/no\/albums\/grappa\/the-fab-3-i-wish-every-day-could-be-like-christmas\/","title":{"rendered":"The FAB 3 &#8211; I wish every day could be like Christmas"},"content":{"rendered":"<p><\/p>\n<p>Juleplate fra Flaata, Ackles og Busk.<\/p>\n<p>Paal Flaata, Stephen Ackles og Vidar Busk har de to siste \u00e5rene levert Nordens st\u00f8rste hyllest til &#8216;The King&#8217;, Elvis Presley p\u00e5 scener rundt om i landet.<\/p>\n<p>Elvis var s\u00e5 mye mer enn &#8216;The King of Rock&#8217;. Ikke minst var hans juleplater bestselgere. N\u00e5 er Flaata, Busk og Ackles klare for juleturn\u00e9 og med seg har de albumet &#8216;I wish every day could be like Christmas&#8217;.<\/p>\n<p>Med l\u00e5ter som &#8216;Blue Christmas&#8217;, &#8216;Merry Christmas Baby&#8217;, &#8216;Santa Claus is back in town&#8217; og &#8216;If  every day was like Christmas&#8217; setter de julestemningen fra f\u00f8rste tone.\u00a0<\/p>\n<p><!--more--><\/p>\n<p>Juleplate fra Ackles, Busk og Flaata.<\/p>\n<h4>Blue Christmas<\/h4>\n<p>Elvis var s\u00e5 mye mer enn &#8216;The King of Rock&#8217;, og ikke minst var hans juleplater bestselgere. Stephen, Paal og Vidar har plukket ut 12 l\u00e5ter til sin nye utgivelse, og her f\u00e5r man blant annet h\u00f8re sanger som &#8216;If every day was like Christmas&#8217;, &#8216;Santa bring my baby back to me&#8217;, &#8216;I&#8217;ll be home for Christmas&#8217;, &#8216;Holly Leaves and Christmas trees&#8217; og &#8216;Blue Christmas&#8217;.<\/p>\n<h4>Juleturn\u00e9<\/h4>\n<p>Ackles, Busk og Flaata tar med seg sitt nimanns-orkester ut p\u00e5 veien f\u00f8r julen ringes inn, og vil gi publikum julestemningen med en juleforestilling ulikt noe man har opplevd tidligere. Her vil man f\u00e5 h\u00f8re l\u00e5ter fra albumet, samt et tyvetall andre juleklassikere, i tillegg til noen av Elvis sine aller st\u00f8rste hits.\u00a0<\/p>\n<p>Turn\u00e9liste:<br \/>\n17.11 : Drammens Teater, Drammen<br \/>\n18.11 : Lillestr\u00f8m Kulturhus, Lillestr\u00f8m<br \/>\n24.11 : Fjellhaven, Gj\u00f8vik<br \/>\n25.11 : Parkteatret, Moss<br \/>\n26.11 : Brygga Kultursal, Halden<br \/>\n29.11 : Sarpsborg Scene, Sarpsborg<br \/>\n01.12 : Askim Kulturhus, Askim<br \/>\n06.12 : Bl\u00e5 Grotte, Fredrikstad<br \/>\n07.12 : Kongsberg Musikkteater, Kongsberg<br \/>\n08.12 : Flammen, Nittdal<br \/>\n13.12 : N\u00f8tter\u00f8y Kulturhus, N\u00f8tter\u00f8y<br \/>\n15.12 : Arendal Kulturhus, Arendal<br \/>\n16.12: Ibsenhuset, Skien<\/p>\n<h4>Omfattende turn\u00e9 i 2018<\/h4>\n<p>Ikke lenge etter at vi har lagt julen bak oss og har g\u00e5tt inn i 2018, er trioen klare for ny turn\u00e9.\u00a0Neste \u00e5r vil Ackles, Busk og Flaata, akkompagnert av et sjumann-sorkester, gjennomf\u00f8re en av de mest omfattende turneene i Norge. N\u00e6rmere 90 steder skal bes\u00f8kes. Denne gangen er det tid for \u00e5 hylle Elvis med gospel. Samtidig som turn\u00e9start siste helgen i januar, slippes ogs\u00e5 deres nye album. \u00a0<\/p>\n<p><\/p>","protected":false},"excerpt":{"rendered":"<p>Ackles, Busk og Flaata synger julen inn med l\u00e5ter som &#8216;Blue Christmas&#8217;, &#8216;Merry Christmas Baby&#8217; og &#8216;Santa Claus is back in town&#8217;.<\/p>\n","protected":false},"featured_media":34696,"comment_status":"closed","ping_status":"open","template":"","meta":[],"product_brand":[],"product_cat":[6],"product_tag":[],"class_list":{"0":"post-34694","1":"product","2":"type-product","3":"status-publish","4":"has-post-thumbnail","6":"product_cat-grappa","7":"product_shipping_class-cddvd-shipping","8":"uni_artist_tag-aaron-schroeder","9":"uni_artist_tag-anders-hefre","10":"uni_artist_tag-anders-mossberg","11":"uni_artist_tag-artie-glenn","12":"uni_artist_tag-bill-hayes","13":"uni_artist_tag-buck-ram","14":"uni_artist_tag-claude-demetrius","15":"uni_artist_tag-dagfin-hjorth-hovind","16":"uni_artist_tag-glen-spreen","17":"uni_artist_tag-glenn-vidar-solheim","18":"uni_artist_tag-goran-grini","19":"uni_artist_tag-hans-foyn-friis","20":"uni_artist_tag-jay-w-johnson","21":"uni_artist_tag-jerry-lieber","22":"uni_artist_tag-john-christopher","23":"uni_artist_tag-johnny-moore","24":"uni_artist_tag-jorun-bogeberg","25":"uni_artist_tag-kim-gannon","26":"uni_artist_tag-lars-aas-hansen","27":"uni_artist_tag-lee-denson","28":"uni_artist_tag-line-busk","29":"uni_artist_tag-lou-baxter","30":"uni_artist_tag-marianne-pentha","31":"uni_artist_tag-michael-jarret","32":"uni_artist_tag-mike-stoller","33":"uni_artist_tag-mona-veum-baekkelund","34":"uni_artist_tag-paal-flaata","35":"uni_artist_tag-petter-marius-gundersen","36":"uni_artist_tag-red-west","37":"uni_artist_tag-stephen-ackles","38":"uni_artist_tag-the-fab-3","39":"uni_artist_tag-tony-macaulay","40":"uni_artist_tag-vidar-busk","41":"uni_artist_tag-walter-kent","42":"uni_main_artist_tag-the-fab-3","43":"uni_artist_genre-christmas-music","45":"first","46":"instock","47":"taxable","48":"shipping-taxable","49":"purchasable","50":"product-type-simple"},"_links":{"self":[{"href":"https:\/\/grappa.no\/no\/wp-json\/wp\/v2\/product\/34694","targetHints":{"allow":["GET"]}}],"collection":[{"href":"https:\/\/grappa.no\/no\/wp-json\/wp\/v2\/product"}],"about":[{"href":"https:\/\/grappa.no\/no\/wp-json\/wp\/v2\/types\/product"}],"replies":[{"embeddable":true,"href":"https:\/\/grappa.no\/no\/wp-json\/wp\/v2\/comments?post=34694"}],"wp:featuredmedia":[{"embeddable":true,"href":"https:\/\/grappa.no\/no\/wp-json\/wp\/v2\/media\/34696"}],"wp:attachment":[{"href":"https:\/\/grappa.no\/no\/wp-json\/wp\/v2\/media?parent=34694"}],"wp:term":[{"taxonomy":"product_brand","embeddable":true,"href":"https:\/\/grappa.no\/no\/wp-json\/wp\/v2\/product_brand?post=34694"},{"taxonomy":"product_cat","embeddable":true,"href":"https:\/\/grappa.no\/no\/wp-json\/wp\/v2\/product_cat?post=34694"},{"taxonomy":"product_tag","embeddable":true,"href":"https:\/\/grappa.no\/no\/wp-json\/wp\/v2\/product_tag?post=34694"}],"curies":[{"name":"wp","href":"https:\/\/api.w.org\/{rel}","templated":true}]}}