{"id":34676,"date":"2017-11-17T00:00:00","date_gmt":"2017-11-16T23:00:00","guid":{"rendered":"http:\/\/www.grappa.no\/no\/albums\/ukategorisert\/vegar-vardal-ikkje-ver-blug-kyss-meg\/"},"modified":"2017-11-29T15:18:14","modified_gmt":"2017-11-29T14:18:14","slug":"vegar-vardal-ikkje-ver-blug-kyss-meg","status":"publish","type":"product","link":"https:\/\/grappa.no\/no\/albums\/heilo\/vegar-vardal-ikkje-ver-blug-kyss-meg\/","title":{"rendered":"Vegar V\u00e5rdal &#8211; Ikkje ver blug, kyss meg"},"content":{"rendered":"<p><\/p>\n<p>VEGAR V\u00c5RDAL \u2013 Med band og solistar, songarar og spelemenn fr\u00e5 V\u00e5g\u00e5.<\/p>\n<p>Id\u00e9en til platen oppstod gjennom et bestillingsverk til Landskappleiken i V\u00e5g\u00e5 i 2016. Bestillingen resulterte i forestillingen &#8216;Ikkje ver blug, kyss meg&#8217;, og f\u00f8rte ogs\u00e5 til  komposisjonsverksted i skolen, innspilling i studio, konsert p\u00e5 Riksscenen, notehefte og musikkvideo. Denne m\u00e5ten \u00e5 jobbe i store prosjekt med et lokalmilj\u00f8, hvor alle generasjoner \u2013 b\u00e5de ung og gammel \u2013 jobber sammen, har de valgt \u00e5 kalle kyss meg-metoden. Det har v\u00e6rt mye jobb, men enda mer moro. N\u00e5 er det endelig tid for \u00e5 presentere resultatet!<br \/>\nVegar V\u00e5rdal har st\u00e5tt for bestillingsverket, som viser b\u00e5de gammel og ny lokal tradisjonsmusikk fra V\u00e5g\u00e5, tradisjonelle l\u00e5ter, nye arrangement og nykomponert musikk. Musikerne som har fulgt prosjektet er  Vegard Moshagen, Kenneth Ekornes, \u00c5smund Reistad og Aasmund Nordstoga, i tillegg til Vegar V\u00e5dal selv. De lokale ut\u00f8verne er V\u00e5g\u00e5 spelemannslag, juniorlaget, viser og vers, Skultbakkalaget, Sprell, Damer i D-dur, Tone Jorunn Tveito, Ragna Valde Sletten, \u00c5shild Aasgaard, Camilla Granlien og Eirik Schj\u00f8lberg.<br \/>\nUtgivelsen har et stort musikalsk spenn og er f\u00f8rst og fremst et resultat av et lokalmilj\u00f8 der tradisjonen er levende og ut\u00f8verne har overskudd og spilleglede.<\/p>\n<p><!--more--><\/p>\n<h4><\/h4>\n<\/p>\n<h4><\/h4>\n<p><h4><\/h4>\n<\/p>\n<p><\/p>","protected":false},"excerpt":{"rendered":"<p>Utgivelsen har et stort musikalsk spenn og er f\u00f8rst og fremst et resultat av et lokalmilj\u00f8 der tradisjonen er levende og ut\u00f8verne har overskudd og spilleglede.<\/p>\n","protected":false},"featured_media":34679,"comment_status":"closed","ping_status":"open","template":"","meta":[],"product_brand":[],"product_cat":[35],"product_tag":[],"class_list":{"0":"post-34676","1":"product","2":"type-product","3":"status-publish","4":"has-post-thumbnail","6":"product_cat-heilo","7":"product_shipping_class-cddvd-shipping","8":"uni_artist_tag-aasmund-nordstoga","9":"uni_artist_tag-ashild-aasgaard","10":"uni_artist_tag-asmund-reistad","11":"uni_artist_tag-camilla-granlien","12":"uni_artist_tag-eirik-schjolberg","13":"uni_artist_tag-kenneth-ekornes","14":"uni_artist_tag-ragna-valde-sletten","15":"uni_artist_tag-thomas-bakke","16":"uni_artist_tag-tone-jorunn-tveito","17":"uni_artist_tag-torunn-elise-kveen","18":"uni_artist_tag-trad","19":"uni_artist_tag-vegar-vardal","20":"uni_artist_tag-vegard-moshagen","21":"uni_artist_genre-folk-music","22":"uni_artist_genre-norwegian-lyrics","23":"uni_artist_genre-traditional","25":"first","26":"instock","27":"taxable","28":"shipping-taxable","29":"purchasable","30":"product-type-simple"},"_links":{"self":[{"href":"https:\/\/grappa.no\/no\/wp-json\/wp\/v2\/product\/34676","targetHints":{"allow":["GET"]}}],"collection":[{"href":"https:\/\/grappa.no\/no\/wp-json\/wp\/v2\/product"}],"about":[{"href":"https:\/\/grappa.no\/no\/wp-json\/wp\/v2\/types\/product"}],"replies":[{"embeddable":true,"href":"https:\/\/grappa.no\/no\/wp-json\/wp\/v2\/comments?post=34676"}],"wp:featuredmedia":[{"embeddable":true,"href":"https:\/\/grappa.no\/no\/wp-json\/wp\/v2\/media\/34679"}],"wp:attachment":[{"href":"https:\/\/grappa.no\/no\/wp-json\/wp\/v2\/media?parent=34676"}],"wp:term":[{"taxonomy":"product_brand","embeddable":true,"href":"https:\/\/grappa.no\/no\/wp-json\/wp\/v2\/product_brand?post=34676"},{"taxonomy":"product_cat","embeddable":true,"href":"https:\/\/grappa.no\/no\/wp-json\/wp\/v2\/product_cat?post=34676"},{"taxonomy":"product_tag","embeddable":true,"href":"https:\/\/grappa.no\/no\/wp-json\/wp\/v2\/product_tag?post=34676"}],"curies":[{"name":"wp","href":"https:\/\/api.w.org\/{rel}","templated":true}]}}