{"id":34675,"date":"2017-11-17T00:00:00","date_gmt":"2017-11-16T23:00:00","guid":{"rendered":"http:\/\/www.grappa.no\/no\/albums\/ukategorisert\/ugagn-vengjeslag\/"},"modified":"2018-11-23T09:02:35","modified_gmt":"2018-11-23T08:02:35","slug":"ugagn-vengjeslag","status":"publish","type":"product","link":"https:\/\/grappa.no\/no\/albums\/heilo\/ugagn-vengjeslag\/","title":{"rendered":"Ugagn &#8211; Vengjeslag"},"content":{"rendered":"<p><\/p>\n<p>En hyllest til bygdediktere.<\/p>\n<p>Ugagn er en folkemusikkgruppe best\u00e5ende av Sigrid Bj\u00f8rgulvsdotter Berg, B\u00e5rd Bj\u00f8rke og Erik Sollid. Gruppas musikalske fundament er Setesdalstradisjonen, iblandet elementer fra jazz, flamenco og visetradisjon.<\/p>\n<p>Albumet Vengjeslag er en hyllest til bygdediktere fra Setesdal \u2013 en tradisjon som steg fram p\u00e5 slutten av 1800-tallet, og som var n\u00e6rt slekta til folkediktninga. Fellesnevneren er den setesdalske d\u00e5men; konsist, melankolsk og lavm\u00e6lt. Gunnar T.Rysstad (1867 \u2013 1928) og Bj\u00f8rgulv O. Rysstad (1953) har f\u00e5tt tonesatt utvalgte dikt. Tarald J. Uppstad (1861-1924) forfatta boka &#8216;Gunnar og Sigrid \u2013 ei forteljing i stev&#8217;. Gamlesteva i So ven ein draum er trolig skrevet av B\u00f8hn. Ugagn bygger store deler av sitt repertoar p\u00e5 arven etter mor til Sigrid, Kirsten Br\u00e5ten Berg. En internasjonalt anerkjent kveder og formidler av norsk folkemusikk.<\/p>\n<p><!--more--><\/p>\n<p>Ugagn er en folkemusikkgruppe best\u00e5ende av Sigrid Bj\u00f8rgulvsdotter Berg, B\u00e5rd Bj\u00f8rke og Erik Sollid. Gruppas musikalske fundament er Setesdalstradisjonen, iblandet elementer fra jazz, flamenco og visetradisjon.<\/p>\n<h4><\/h4>\n<\/p>\n<h4><\/h4>\n<p><h4><\/h4>\n<\/p>\n<p><\/p>","protected":false},"excerpt":{"rendered":"<p>Ugangs musikalske fundament er Setesdalstradisjonen, iblandet elementer fra jazz, flamenco og visetradisjon.<\/p>\n","protected":false},"featured_media":34677,"comment_status":"closed","ping_status":"open","template":"","meta":[],"product_brand":[],"product_cat":[35],"product_tag":[],"class_list":{"0":"post-34675","1":"product","2":"type-product","3":"status-publish","4":"has-post-thumbnail","6":"product_cat-heilo","7":"product_shipping_class-cddvd-shipping","8":"uni_artist_tag-bard-bjorke","9":"uni_artist_tag-christian-svensson","10":"uni_artist_tag-erik-sollid","11":"uni_artist_tag-kirsten-braten-berg","12":"uni_artist_tag-magnus-larsen","13":"uni_artist_tag-sigrid-bjorgulvsdotter-berg","14":"uni_artist_tag-trad","15":"uni_artist_tag-ugagn","16":"uni_artist_genre-folk-music","17":"uni_artist_genre-norwegian-lyrics","18":"uni_artist_genre-traditional","20":"first","21":"instock","22":"taxable","23":"shipping-taxable","24":"purchasable","25":"product-type-simple"},"_links":{"self":[{"href":"https:\/\/grappa.no\/no\/wp-json\/wp\/v2\/product\/34675","targetHints":{"allow":["GET"]}}],"collection":[{"href":"https:\/\/grappa.no\/no\/wp-json\/wp\/v2\/product"}],"about":[{"href":"https:\/\/grappa.no\/no\/wp-json\/wp\/v2\/types\/product"}],"replies":[{"embeddable":true,"href":"https:\/\/grappa.no\/no\/wp-json\/wp\/v2\/comments?post=34675"}],"wp:featuredmedia":[{"embeddable":true,"href":"https:\/\/grappa.no\/no\/wp-json\/wp\/v2\/media\/34677"}],"wp:attachment":[{"href":"https:\/\/grappa.no\/no\/wp-json\/wp\/v2\/media?parent=34675"}],"wp:term":[{"taxonomy":"product_brand","embeddable":true,"href":"https:\/\/grappa.no\/no\/wp-json\/wp\/v2\/product_brand?post=34675"},{"taxonomy":"product_cat","embeddable":true,"href":"https:\/\/grappa.no\/no\/wp-json\/wp\/v2\/product_cat?post=34675"},{"taxonomy":"product_tag","embeddable":true,"href":"https:\/\/grappa.no\/no\/wp-json\/wp\/v2\/product_tag?post=34675"}],"curies":[{"name":"wp","href":"https:\/\/api.w.org\/{rel}","templated":true}]}}