{"id":34647,"date":"2017-11-17T00:00:00","date_gmt":"2017-11-16T23:00:00","guid":{"rendered":"http:\/\/www.grappa.no\/no\/albums\/ukategorisert\/music-without-borders-ferd\/"},"modified":"2018-07-19T11:48:28","modified_gmt":"2018-07-19T10:48:28","slug":"music-without-borders-ferd","status":"publish","type":"product","link":"https:\/\/grappa.no\/no\/albums\/heilo\/music-without-borders-ferd\/","title":{"rendered":"Music Without Borders &#8211; Ferd"},"content":{"rendered":"<p><\/p>\n<p>52 musikere, 18 land \u2013 grensel\u00f8s folkemusikk.<\/p>\n<p>&#8216;Ferd&#8217; gir lytteren innblikk i et tre\u00e5rig musikalsk forskningsprosjekt der musikere fra verden rundt har g\u00e5tt i musikalsk dialog med tradisjonsmusikk fra Setesdal i Norge. De musikalske kildene bak prosjektet er de anerkjente musikerne Kirsten Br\u00e5ten Berg, Sigurd Brokke, Gunnar Stubseid og Hallvard T. Bj\u00f8rgum \u2013 alle viktige tradisjonsb\u00e6rere av Setesdals musikkarv. Hver sang har utviklet seg til et helt unik stykke musikk gjennom ektef\u00f8lte musikalske m\u00f8ter mellom musikere med totalt forskjellig bakgrunn fra hele 18 forskjellige land; Norge, Sverige, Irland, Armenia, Romania, Syria, Palestina, Jordan, Libanon, India, Indonesia, Kambodsja, Thailand, Nepal, Iran, Kina, Mongolia og Tibet. Albumet er produsert av Bj\u00f8rn Ole Rasch.<\/p>\n<p><!--more--><\/p>\n<p>Med 52 musikere fra 18 forskjellige land og utgangspunkt i tradisjonsmusikk fra Setesdal, har Ferd blitt noe helt unikt \u2013 og ikke bare fra et norsk musikalsk perspektiv, resultatet er i aller h\u00f8yeste grad globalt. Lytteren f\u00e5r innblikk i det som startet som et tre\u00e5rig musikalsk forskningsprosjekt Universitetet i Agder og som n\u00e5 har resultert i en makel\u00f8s plate.<\/p>\n<h4>Musikalske m\u00f8ter<\/h4>\n<p>Hvordan vil ut\u00f8vere fra andre kulturer respondere musikalsk p\u00e5 tradisjonell norsk musikk fra Setesdal, og hvordan vil norske artister respondere p\u00e5 de musikalske svarene fra omverdenen? De musikalske kildene Kirsten Br\u00e5ten Berg, Sigurd Brokke, Gunnar Stubseid og Hallvard T. Bj\u00f8rgum ville sammen med initiativtagerne Ingolv Haaland og Bj\u00f8rn Ole Rasch unders\u00f8ke hvordan forskjellige instrumenter fra forskjellige land og verdensdeler ville p\u00e5virke grunnmaterialet, og hvilke tonale og rytmiske utfordringer og muligheter vil dette gi i utviklingen av et nytt lydbilde?<\/p>\n<h4>Interaktiv innspilling<\/h4>\n<p>Utgangspunktet er basert p\u00e5 video- og lydinnspillinger fra norske folkemusikere som har blitt videreformidlet til alle verdenskroker, for \u00e5 hente inn musikalsk respons. Gjennom en interaktiv, prosess med portable studioer og ny digital musikkteknologi, har deltakerne kunnet arbeide sammen med materialet. I tillegg samarbeidene blitt videref\u00f8rt gjennom personlige m\u00f8ter, seminarer og workshops.<\/p>\n<h4>Fra universitet til plateutgivelse<\/h4>\n<p>Hver sang har utviklet seg til et helt unikt stykke musikk, i flere av tilfellene langt unna utgangspunktet. Det som i utgangspunktet kunne h\u00f8res ut som et litt stivt forskningsprosjekt ved et universitet har blitt til et fabelaktig og nyskapende musikalsk nybrottsverk som savner sidestykke.<\/p>\n<p><\/p>","protected":false},"excerpt":{"rendered":"<p>Hver sang har utviklet seg til et helt unik stykke musikk gjennom ektef\u00f8lte musikalske m\u00f8ter mellom musikere med totalt forskjellig bakgrunn fra hele 18 forskjellige land.<\/p>\n","protected":false},"featured_media":34648,"comment_status":"closed","ping_status":"open","template":"","meta":[],"product_brand":[],"product_cat":[35],"product_tag":[],"class_list":{"0":"post-34647","1":"product","2":"type-product","3":"status-publish","4":"has-post-thumbnail","6":"product_cat-heilo","7":"product_shipping_class-cddvd-shipping","8":"uni_artist_tag-achuytram-bhandari","9":"uni_artist_tag-ahmad-al-khatib","10":"uni_artist_tag-anamaria-nicoara","11":"uni_artist_tag-annbjorg-lien","12":"uni_artist_tag-anubrata-chatterjee","13":"uni_artist_tag-asep-yana-karyana","14":"uni_artist_tag-atang-suryawan","15":"uni_artist_tag-bjorn-ole-rasch","16":"uni_artist_tag-boonchung-dandung","17":"uni_artist_tag-budi-sofyan","18":"uni_artist_tag-durga-prasad-khatiwada","19":"uni_artist_tag-elie-khoury","20":"uni_artist_tag-endang-ramdan","21":"uni_artist_tag-feras-charestan","22":"uni_artist_tag-fredrik-sahlander","23":"uni_artist_tag-gunnar-stubseid","24":"uni_artist_tag-hallvard-t-bjorgum-harding-hank","25":"uni_artist_tag-ingolv-haaland","26":"uni_artist_tag-ismet-ruchimat","27":"uni_artist_tag-janko-shuma","28":"uni_artist_tag-john-robert-handal","29":"uni_artist_tag-jonas-simonson","30":"uni_artist_tag-kevin-kvale","31":"uni_artist_tag-kirsten-braten-berg","32":"uni_artist_tag-lan-jing-ya","33":"uni_artist_tag-lin-fu","34":"uni_artist_tag-mahsa-vahdat","35":"uni_artist_tag-mei-ru-zhang","36":"uni_artist_tag-music-without-borders","37":"uni_artist_tag-niclas-pedersen","38":"uni_artist_tag-nithitorn-hiranhankla","39":"uni_artist_tag-ouch-savy","40":"uni_artist_tag-pat-broaders","41":"uni_artist_tag-patrick-shaw-iversen","42":"uni_artist_tag-per-tor-turi","43":"uni_artist_tag-pongsapon-upani","44":"uni_artist_tag-prabhu-raj-dhakal","45":"uni_artist_tag-rasho-diovani","46":"uni_artist_tag-ravi-chary","47":"uni_artist_tag-roger-ludvigsen","48":"uni_artist_tag-rolf-kristensen","49":"uni_artist_tag-rony-barrak","50":"uni_artist_tag-rudi-mukhram","51":"uni_artist_tag-saharat-chanchalerm","52":"uni_artist_tag-sandeep-misha","53":"uni_artist_tag-sara-marielle-gaup-beaska","54":"uni_artist_tag-sigurd-brokke","55":"uni_artist_tag-sriboni-chaudhuri","56":"uni_artist_tag-tareq-abboushi","57":"uni_artist_tag-tontrakul-kaewyong","58":"uni_artist_tag-trad","59":"uni_artist_tag-yun-theara","60":"uni_artist_tag-zany-yezhuoma","61":"uni_artist_tag-zhao-luomeng","62":"uni_artist_tag-zhou-nan","63":"uni_main_artist_tag-music-without-borders","64":"uni_artist_genre-traditional","65":"uni_artist_genre-world-music","67":"first","68":"instock","69":"taxable","70":"shipping-taxable","71":"purchasable","72":"product-type-simple"},"_links":{"self":[{"href":"https:\/\/grappa.no\/no\/wp-json\/wp\/v2\/product\/34647","targetHints":{"allow":["GET"]}}],"collection":[{"href":"https:\/\/grappa.no\/no\/wp-json\/wp\/v2\/product"}],"about":[{"href":"https:\/\/grappa.no\/no\/wp-json\/wp\/v2\/types\/product"}],"replies":[{"embeddable":true,"href":"https:\/\/grappa.no\/no\/wp-json\/wp\/v2\/comments?post=34647"}],"wp:featuredmedia":[{"embeddable":true,"href":"https:\/\/grappa.no\/no\/wp-json\/wp\/v2\/media\/34648"}],"wp:attachment":[{"href":"https:\/\/grappa.no\/no\/wp-json\/wp\/v2\/media?parent=34647"}],"wp:term":[{"taxonomy":"product_brand","embeddable":true,"href":"https:\/\/grappa.no\/no\/wp-json\/wp\/v2\/product_brand?post=34647"},{"taxonomy":"product_cat","embeddable":true,"href":"https:\/\/grappa.no\/no\/wp-json\/wp\/v2\/product_cat?post=34647"},{"taxonomy":"product_tag","embeddable":true,"href":"https:\/\/grappa.no\/no\/wp-json\/wp\/v2\/product_tag?post=34647"}],"curies":[{"name":"wp","href":"https:\/\/api.w.org\/{rel}","templated":true}]}}