{"id":34620,"date":"2017-11-10T00:00:00","date_gmt":"2017-11-09T23:00:00","guid":{"rendered":"http:\/\/www.grappa.no\/no\/albums\/ukategorisert\/sogesong-sa-vide-fara-dei-lindarord\/"},"modified":"2017-12-20T17:52:16","modified_gmt":"2017-12-20T16:52:16","slug":"sogesong-sa-vide-fara-dei-lindarord","status":"publish","type":"product","link":"https:\/\/grappa.no\/no\/albums\/heilo\/sogesong-sa-vide-fara-dei-lindarord\/","title":{"rendered":"Sogesong: S\u00e5 vide fara dei lindarord"},"content":{"rendered":"<p><\/p>\n<p>Suggererende middelalder-mystikk.<\/p>\n<p>To av landets fremste folkemusikere, \u00d8yonn Groven Myhren og Anne Hytta, g\u00e5r sammen om duoen Sogesong og en plateutgivelse med rykende ferske, friske og originale tolkninger av eldgamle viser som var godt gjemt, men ikke helt glemt.<\/p>\n<p>\u2013\u00a0For noen \u00e5r siden begynte vi \u00e5 n\u00e6rme oss det rike repertoaret av telemarksballader sammen. De forunderlige melodiene og eventyrlige fortellingene ville oss noe. Vi har vekt dem fra dvales\u00f8vn p\u00e5 d\u00f8dt papir, og sunget og spilt p\u00e5 disse godt gjemte middelalderske eventyrvisene til de sm\u00e5tt om senn har f\u00e5tt et liv som vi synes kler dem, forteller \u00d8yonn og Anne i duoen Sogesong.<\/p>\n<p><!--more--><\/p>\n<p>To av landets fremste folkemusikere, \u00d8yonn Groven Myhren og Anne Hytta, g\u00e5r sammen om duoen Sogesong og en plateutgivelse med rykende ferske, friske og originale tolkninger av eldgamle viser som var godt gjemt, men ikke helt glemt.<\/p>\n<h4>Ballader<\/h4>\n<p>\u00d8yonn Groven Myhrens unike kvedarstemme og rekonstruksjoner av middelalderske strengeinstrumenter er utgangspunktet for Sogesong. Med \u00d8yonns og Annes dypt personlige uttrykk fundert i Telemarks gamle folkemusikktradisjoner l\u00e5ter Sogesong ulikt det aller meste, melismatisk suggererende, syngende og alltid svingende. Sogesong er et m\u00f8te mellom det urgamle og noe genuint nytt, forma ut og framf\u00f8rt av to folkemusikere av i dag. Kanskje er det likevel klangen av noe som ogs\u00e5 kunne v\u00e6rt sunget og spilt for lenge, lenge siden.<\/p>\n<p>Albumet S\u00e5 vide fara dei lindarord inneholder \u00e5tte s\u00e6regne og sv\u00e6rt ulike ballader, her er ridderballader, eventyrballader, skjemteballader og en gjenferdballade eller to. Instrumentene til Sogesong \u2013 fidler og lyrer med r\u00f8tter som strekker seg fra Numedal via Novgorod til Valencia \u2013 er det Sverre Jensen som st\u00e5r bak. Han er Norges guru innen middelaldermusikk, og en viktig inspirator for Sogesong. Alle balladene er tolka, redigert og arrangert av Sogesong, og gis ut p\u00e5 Grappa Musikkforlag 10. november. Samme dag feirer de utgivelsen med konsert i Middelalderkjelleren i Oslo Ladeg\u00e5rd klokka 19.<\/p>\n<h4>Om ut\u00f8verne<\/h4>\n<p>\u00d8yonn Groven Myhren:<br \/>\n\u00d8yonn Groven Myhren er blant v\u00e5re fremste folkemusikere, og hun er \u00e5rets vinner av vokalklassa p\u00e5 landskappleiken. Vant gjorde hun ogs\u00e5 i 1997 og 1998. \u00d8yonn vokste opp i en familie der balladetradisjonen fremdeles er lys levende, og i tillegg har hun l\u00e6rt balladerepertoaret til kvedaren Hagny Huso (1932\u20132016) fra Vinje. Som lyrespiller (lyrer er sm\u00e5 middelalderharper) har hun utvikla sin egen stil, som en kan h\u00f8re p\u00e5 plata til Sogesong. Siden tusen\u00e5rsskiftet har hun hatt flere st\u00f8rre komposisjonsoppdrag, blant dette kan nevnes de kritikerroste forestillingene Nivelkinn og Runartromma. <\/p>\n<p>Anne Hytta:<br \/>\nAnne Hytta gikk i hardingfele-l\u00e6re hos spelemannen Einar L\u00f8ndal (1914\u20132006) fra Tuddal. Han kom fra en familie av spelemenn og kvedere, og hadde et stort repertoar av gammelt spel med en rik, distinkt ornamentikk og n\u00e6r forbindelse til folkelig sangtradisjon som Hytta fikk l\u00e6re. Hun jobber i dag som frilans folkemusiker og komponist, og foruten arbeidet med solospel for hardingfele og duoen Sogesong, jobber hun blant annet med trioen Slagr og den internasjonale folk-strykekvartetten Tokso.<\/p>\n<h4><\/h4>\n<\/p>\n<p><\/p>","protected":false},"excerpt":{"rendered":"<p>Sogesong er et m\u00f8te mellom det urgamle og noe genuint nytt, forma ut og framf\u00f8rt av to folkemusikere av i dag. Kanskje er det likevel klangen av noe som ogs\u00e5 kunne v\u00e6rt sunget og spilt for lenge, lenge siden.<\/p>\n","protected":false},"featured_media":34621,"comment_status":"closed","ping_status":"open","template":"","meta":[],"product_brand":[],"product_cat":[35],"product_tag":[],"class_list":{"0":"post-34620","1":"product","2":"type-product","3":"status-publish","4":"has-post-thumbnail","6":"product_cat-heilo","7":"product_shipping_class-cddvd-shipping","8":"uni_artist_tag-anne-hytta","9":"uni_artist_tag-oyonn-groven-myhren","10":"uni_artist_tag-sogesong","11":"uni_artist_tag-tellef-kvifte","12":"uni_artist_tag-trad","13":"uni_main_artist_tag-sogesong","14":"uni_artist_genre-chamber-music","15":"uni_artist_genre-folk-music","17":"first","18":"instock","19":"taxable","20":"shipping-taxable","21":"purchasable","22":"product-type-simple"},"_links":{"self":[{"href":"https:\/\/grappa.no\/no\/wp-json\/wp\/v2\/product\/34620","targetHints":{"allow":["GET"]}}],"collection":[{"href":"https:\/\/grappa.no\/no\/wp-json\/wp\/v2\/product"}],"about":[{"href":"https:\/\/grappa.no\/no\/wp-json\/wp\/v2\/types\/product"}],"replies":[{"embeddable":true,"href":"https:\/\/grappa.no\/no\/wp-json\/wp\/v2\/comments?post=34620"}],"wp:featuredmedia":[{"embeddable":true,"href":"https:\/\/grappa.no\/no\/wp-json\/wp\/v2\/media\/34621"}],"wp:attachment":[{"href":"https:\/\/grappa.no\/no\/wp-json\/wp\/v2\/media?parent=34620"}],"wp:term":[{"taxonomy":"product_brand","embeddable":true,"href":"https:\/\/grappa.no\/no\/wp-json\/wp\/v2\/product_brand?post=34620"},{"taxonomy":"product_cat","embeddable":true,"href":"https:\/\/grappa.no\/no\/wp-json\/wp\/v2\/product_cat?post=34620"},{"taxonomy":"product_tag","embeddable":true,"href":"https:\/\/grappa.no\/no\/wp-json\/wp\/v2\/product_tag?post=34620"}],"curies":[{"name":"wp","href":"https:\/\/api.w.org\/{rel}","templated":true}]}}