{"id":34601,"date":"2017-11-17T00:00:00","date_gmt":"2017-11-16T23:00:00","guid":{"rendered":"http:\/\/www.grappa.no\/no\/albums\/ukategorisert\/johan-oian-pianisten-og-komponisten\/"},"modified":"2025-11-17T13:58:01","modified_gmt":"2025-11-17T12:58:01","slug":"johan-oian-pianisten-og-komponisten","status":"publish","type":"product","link":"https:\/\/grappa.no\/no\/albums\/simax-classics\/johan-oian-pianisten-og-komponisten\/","title":{"rendered":"Johan \u00d8ian \u2013 pianisten og komponisten"},"content":{"rendered":"<p><\/p>\n<p>En av etterkrigstidens store kulturbyggere hedres med dobbeltalbum.<\/p>\n<p>Det var en av de lykkeligste hendelser i norsk kulturliv at Johan \u00d8ian ble Kringkastingsorkestrets pianist i 1946. Han var &#8216;overgangsteren&#8217; ved flygelet, kjent som hele Norges kringkastingspianist og akkompagnat\u00f8r. Men Johan \u00d8ian var ogs\u00e5 en stor komponist og tonesetter. Han hadde stor teft for spr\u00e5klig rytme, og tonesatte tekster av norske forfattere som Hans B\u00f8rli, Andr\u00e9 Bjerke, Torbj\u00f8rn Egner og Alf Pr\u00f8ysen. Mest kjent er kanskje melodier som Helene Harefr\u00f8ken, Bolla Pinnsvin og N\u00f8tteliten. Johan \u00d8ian d\u00f8de dessverre s\u00e5 altfor tidlig, i 1978, men musikken lever videre.<\/p>\n<p>Denne utgivelsen gir et bredt innblikk i Johan \u00d8ians kunstneriske virke, som pianist og komponist innenfor klassisk- og visemusikk, og beslektede sjangre. Mye av musikken er hentet fra NRKs rikholdige arkiver, mens noe av musikken er spilt inn i Rainbow Studio, med Sigmund Groven som produsent. Mye av dette materialet har aldri tidligere v\u00e6rt utgitt.<\/p>\n<p><!--more--><\/p>\n<p>Mannen bak melodier som Helene Harefr\u00f8ken, Bolla Pinnsvin og N\u00f8tteliten. &#8216;Overgangsteren&#8217; ved flygelet \u2013 Johan \u00d8ian.<\/p>\n<h4><\/h4>\n<h4><\/h4>\n<h4><\/h4>\n<p><\/p>","protected":false},"excerpt":{"rendered":"<p>Johan \u00d8ian \u2013 hele Norges kringkastingspianist og akkompagnat\u00f8r.<\/p>\n","protected":false},"featured_media":34602,"comment_status":"closed","ping_status":"closed","template":"","meta":[],"product_brand":[],"product_cat":[180],"product_tag":[],"class_list":{"0":"post-34601","1":"product","2":"type-product","3":"status-publish","4":"has-post-thumbnail","6":"product_cat-simax-classics","7":"product_shipping_class-cddvd-shipping","8":"uni_artist_tag-aage-wallin","9":"uni_artist_tag-alf-andersen","10":"uni_artist_tag-arne-novang","11":"uni_artist_tag-carl-gustav-sparre-olsen","12":"uni_artist_tag-christian-sinding","13":"uni_artist_tag-den-norske-kammertrio","14":"uni_artist_tag-edvard-grieg","15":"uni_artist_tag-eivind-groven","16":"uni_artist_tag-elisabeth-schumann","17":"uni_artist_tag-erik-bye","18":"uni_artist_tag-george-gershwin","19":"uni_artist_tag-halfdan-kjerulf","20":"uni_artist_tag-hugo-gyldmark","21":"uni_artist_tag-hugo-wolf","22":"uni_artist_tag-ivan-hauge","23":"uni_artist_tag-ivar-anton-waagaard","24":"uni_artist_tag-johan-halvorsen","25":"uni_artist_tag-johan-oian","26":"uni_artist_tag-johannes-brahms","27":"uni_artist_tag-klaus-egge","28":"uni_artist_tag-kringkastingsorkestret","29":"uni_artist_tag-lars-klevstrand","30":"uni_artist_tag-marianne-pentha","31":"uni_artist_tag-musikkselskabet-harmonien-orkester","32":"uni_artist_tag-norwegian-light-orchestra","33":"uni_artist_tag-ole-olsen","34":"uni_artist_tag-oistein-sommerfeldt","35":"uni_artist_tag-oivind-bergh","36":"uni_artist_tag-randi-helseth","37":"uni_artist_tag-sigmund-groven","38":"uni_artist_tag-sigurd-jansen","39":"uni_artist_tag-terje-boye-hansen","40":"uni_artist_tag-tommy-reilly","41":"uni_artist_tag-tone-elisabeth-braaten","42":"uni_artist_tag-tone-ringen","43":"uni_artist_tag-trad","44":"uni_artist_tag-vittorio-monti","45":"uni_artist_tag-willy-andresens-orkester","46":"uni_artist_genre-children","47":"uni_artist_genre-classical","48":"uni_artist_genre-collection","49":"uni_artist_genre-norwegian-lyrics","50":"uni_artist_genre-orchestral","51":"uni_artist_genre-scandinavian","53":"first","54":"outofstock","55":"taxable","56":"shipping-taxable","57":"purchasable","58":"product-type-simple"},"_links":{"self":[{"href":"https:\/\/grappa.no\/no\/wp-json\/wp\/v2\/product\/34601","targetHints":{"allow":["GET"]}}],"collection":[{"href":"https:\/\/grappa.no\/no\/wp-json\/wp\/v2\/product"}],"about":[{"href":"https:\/\/grappa.no\/no\/wp-json\/wp\/v2\/types\/product"}],"replies":[{"embeddable":true,"href":"https:\/\/grappa.no\/no\/wp-json\/wp\/v2\/comments?post=34601"}],"wp:featuredmedia":[{"embeddable":true,"href":"https:\/\/grappa.no\/no\/wp-json\/wp\/v2\/media\/34602"}],"wp:attachment":[{"href":"https:\/\/grappa.no\/no\/wp-json\/wp\/v2\/media?parent=34601"}],"wp:term":[{"taxonomy":"product_brand","embeddable":true,"href":"https:\/\/grappa.no\/no\/wp-json\/wp\/v2\/product_brand?post=34601"},{"taxonomy":"product_cat","embeddable":true,"href":"https:\/\/grappa.no\/no\/wp-json\/wp\/v2\/product_cat?post=34601"},{"taxonomy":"product_tag","embeddable":true,"href":"https:\/\/grappa.no\/no\/wp-json\/wp\/v2\/product_tag?post=34601"}],"curies":[{"name":"wp","href":"https:\/\/api.w.org\/{rel}","templated":true}]}}