{"id":34592,"date":"2017-11-17T00:00:00","date_gmt":"2017-11-16T23:00:00","guid":{"rendered":"http:\/\/www.grappa.no\/no\/albums\/ukategorisert\/paal-flaata-songs-the-trilogy-collection\/"},"modified":"2019-01-11T16:18:34","modified_gmt":"2019-01-11T15:18:34","slug":"paal-flaata-songs-the-trilogy-collection","status":"publish","type":"product","link":"https:\/\/grappa.no\/no\/albums\/blue-mood-records\/paal-flaata-songs-the-trilogy-collection\/","title":{"rendered":"Paal Flaata: Songs &#8211; The Trilogy Collection"},"content":{"rendered":"<p><\/p>\n<p>Paal Flaata : Songs, The Trilogy Collection (samleboks) &#8211; inkluderer ogs\u00e5 det nye albumet Love and Rain: The Athletic Sessions<\/p>\n<p>23.09.2016 markerte utgivelsen av siste album i Paal Flaatas trilogi.<br \/>\nPaal Flaata og hans produsent og faste musiker G\u00f8ran Grini, hadde fullf\u00f8rt sitt prosjekt \u2013 de hadde skapt et eget perspektiv p\u00e5 den store amerikanske sangarven som har v\u00e6rt avgj\u00f8rende for dem begge som artister, musikere og fans. Den siste brikken var lagt i puslespillet, helheten \u00e5penbarte seg, og trilogien var ferdigstilt. S\u00e5 kom ideen med \u00e5 samle alle tre albumene, \u201d \u201dWait by the fire \u2013 Songs of Chip Taylor\u201d (2012), Bless Us All \u2013 Songs of Mickey Newbury\u201d (2014) og \u201dCome Tomorrow \u2013 Songs of Townes van Zandt\u201d, i en boks. Sammen med samleboksen skulle det ogs\u00e5 lages et bonuskutt, men ikke overraskende tok innspillingen av p\u00e5 egenh\u00e5nd, og endte opp som et frittst\u00e5ende album, med tittelen Love and Rain: The Athletic Sessions (release oktober 2017).<\/p>\n<p><!--more--><\/p>\n<p>Paal Flaata : Songs, The Trilogy Collection (samleboks) &#8211; inkluderer ogs\u00e5 det nye albumet Love and Rain: The Athletic Sessions<\/p>\n<h4>Songs of<\/h4>\n<p>Wait by the fire \u2013 Songs of Chip Taylor<br \/>\nPaal Flaata traff den amerikanske sangeren\/ l\u00e5tskriveren\/ gambleren Chip Taylor for f\u00f8rste gang helgen 22.-23. juli i 2011. Natten til 23. juli skrev Chip Taylor sangen \u201dThis Darkest Day\u201d, en poetisk reaksjon p\u00e5 tragediene som utspilte seg 12-15 mil fra Taylors tilhold i Halden. \u00abThis Darkest Day\u00bb avslutter ogs\u00e5 albumet Wait by the Fire: Songs of Chip Taylor, det f\u00f8rste i Paal Flaatas Songs of- trilogi.<br \/>\n\u00abIt\u00b4s a rare voice can make earth shattering changes to the psyche of the human spirit. Paal\u00b4s voice does that &#8211; like no other I\u00b4ve heard. I\u00b4m so so proud Paal, G\u00f8ran and friends got together to dig far into my catalog and find songs that moved them. I could not think of another artist that I\u00b4d rather have do a retrospective of my work. How blessed I am!\u00bb &#8211; Chip Taylor<\/p>\n<p>Da er det verdt \u00e5 merke seg at hundrevis av artister og store vokalister har tolket sangene til mannen fra Yonkers, New York. Inkludert Willie Nelson, Linda Ronstadt, Janis Joplin og Emmylou Harris.<br \/>\nWait by the Fire ble nominert til Spellemannprisen for 2012.<\/p>\n<p>Bless us all: songs of Mickey Newbury<br \/>\nOppf\u00f8lgeren til det kritikerroste og spellemannprisnominerte \u201dWait by the fire\u201d, ble \u201dBless us all\u201d &#8211; et resultat av to ti\u00e5rs inng\u00e5ende studier av Newburys musikk fra Flaatas side.<br \/>\nOver femten hundre artister har spilt inn Newburys sanger, ofte sv\u00e6rt annerledes og komplekse komposisjoner. Aller mest kjent er Elvis Presleys wagnerske versjon av \u00abAmerican Trilogy\u00bb.<br \/>\nI coveret til Bless Us All: Songs of Mickey Newbury skriver Susan Newbury, Mickeys enke, \u00abSinging Newbury songs is difficult- even for Mickey. Paal\u00b4s album has captured the spirit of Mickey and I know Mickey would have been touched by these tracks.\u00bb <\/p>\n<p>Come Tomorrow: Songs of Townes van Zandt<br \/>\nTownes van Zandt sine sanger har alltid betydd noe ekstra for Paal, og han la det n\u00f8dvendige grunnlaget f\u00f8r han ga seg i kast med \u00e5 velge de ti sangene som utgj\u00f8r det siste albumet i trilogien &#8211; Ogs\u00e5 den Spellemannpris-nominert.<br \/>\nUtvalget av Townes-sanger som er \u00e5 h\u00f8re p\u00e5 Come Tomorrow er hentet fra perioden 1968 \u2013 78 og vitner om dyp Townes-forst\u00e5else og forskning. Fremf\u00f8rt i arrangementer som med absolutte fingertuppf\u00f8lelse ivaretar sangenes poetiske og melodi\u00f8se kraft. Fra valthornet i\u00a0\u00e5pningen av\u00a0\u00abFlying Shoes\u00bb, fremf\u00f8rt av Rune Brodahl, til Lise Voldsdals strykere p\u00e5\u00a0avslutningen,\u00a0\u00abSnow don\u00b4t fall\u00bb, er dette tolkninger som f\u00f8yer seg b\u00e5de elegant og egenartet inn i den betydelige Van Zandt-komposisjons-kanonen.\u00a0Tittelkuttet \u201dCome Tomorrow\u201d fremf\u00f8res som duett mellom Paal og hans datter Maria Flaata.\u00a0<\/p>\n<h4>Love and Rain: The Athletic Sessions<\/h4>\n<p>Man trenger en mental drone for \u00e5 danne seg et ordentlig overblikk over Paal Flaatas st\u00f8rste soloprosjekt som artist.<br \/>\nInnspillingene har strukket seg over seks \u00e5r, og teller ved utgivelsen av den boksen som n\u00e5 slippes,fire album og f\u00f8rti sanger. <\/p>\n<p>P\u00e5 boksens fjerde og nye album finner man sanger som rager h\u00f8yt i sangkatalogene til Kris Kristofferson, kultlegenden Donnie Fritts, countrygiganten Conway Twitty, countrysoulorginalen Charlie Rich og \u201dMr. American Pie\u201d, Don McLean.<br \/>\nMen siden Flaata og produsent G\u00f8ran Grini f\u00f8yer seg etter leveregelen \u201dfor sangens skyld\u201d er det ogs\u00e5 slik at to av sangene p\u00e5 \u201dLove and Rain: The Athletic Sessions\u201d ikke engang er skrevet av amerikanere, men av to engelskmenn; folkesangeren, poeten og den politiske aktivisten Ewan MacColl og Elvis Costello.  MacColl bidrar her med \u00abThe First Time Ever I Saw Your Face\u00bb, mens valget falt p\u00e5 Costellos \u00abThe Comedians\u00bb. Valget av \u00abThe Comedians\u00bb er en god pekepinn p\u00e5 hva \u201dLove and Rain\u201d dreier seg om. Sanger som alle har t\u00e5lt tidens tann, klassikere i ordets egentlige betydning. <\/p>\n<p>Tom Skjekles\u00e6ther har skrevet boksens liner notes og avslutter med; \u201cI boka mi er Love and Rain: The Athletic Sessions den rettmessige oppf\u00f8lgeren til In Demand, femten \u00e5r senere. Nok et bevis p\u00e5 at Paal Flaata er Sangeren som kan l\u00f8fte alle typer sanger, ogs\u00e5 de aller beste av dem, til et enda h\u00f8yere niv\u00e5.\u201d <\/p>\n<p>Albumet \u201dLove &amp; Rain\u201d blir i tillegg gitt ut p\u00e5 vinyl, november 2017.<\/p>\n<h4><\/h4>\n<\/p>\n<p><\/p>","protected":false},"excerpt":{"rendered":"<p>Paal Flaata : Songs, The Trilogy Collection (samleboks) &#8211; inkluderer ogs\u00e5 det nye albumet Love and Rain: The Athletic Sessions<\/p>\n","protected":false},"featured_media":34593,"comment_status":"closed","ping_status":"open","template":"","meta":[],"product_brand":[],"product_cat":[51],"product_tag":[],"class_list":{"0":"post-34592","1":"product","2":"type-product","3":"status-publish","4":"has-post-thumbnail","6":"product_cat-blue-mood-records","7":"product_shipping_class-cddvd-shipping","8":"uni_artist_tag-charlie-rich","9":"uni_artist_tag-chip-taylor","10":"uni_artist_tag-conway-twitty","11":"uni_artist_tag-don-mclean","12":"uni_artist_tag-donnie-fritts","13":"uni_artist_tag-elvis-costello","14":"uni_artist_tag-ewan-maccoll","15":"uni_artist_tag-goran-grini","16":"uni_artist_tag-jack-nance","17":"uni_artist_tag-jimmy-webb","18":"uni_artist_tag-kris-kristofferson","19":"uni_artist_tag-mickey-newbury","20":"uni_artist_tag-paal-flaata","21":"uni_artist_tag-townes-van-zandt","22":"uni_artist_tag-troy-seals","23":"uni_main_artist_tag-paal-flaata","24":"uni_artist_genre-collection","25":"uni_artist_genre-rhythm-and-blues","27":"first","28":"instock","29":"taxable","30":"shipping-taxable","31":"purchasable","32":"product-type-simple"},"_links":{"self":[{"href":"https:\/\/grappa.no\/no\/wp-json\/wp\/v2\/product\/34592","targetHints":{"allow":["GET"]}}],"collection":[{"href":"https:\/\/grappa.no\/no\/wp-json\/wp\/v2\/product"}],"about":[{"href":"https:\/\/grappa.no\/no\/wp-json\/wp\/v2\/types\/product"}],"replies":[{"embeddable":true,"href":"https:\/\/grappa.no\/no\/wp-json\/wp\/v2\/comments?post=34592"}],"wp:featuredmedia":[{"embeddable":true,"href":"https:\/\/grappa.no\/no\/wp-json\/wp\/v2\/media\/34593"}],"wp:attachment":[{"href":"https:\/\/grappa.no\/no\/wp-json\/wp\/v2\/media?parent=34592"}],"wp:term":[{"taxonomy":"product_brand","embeddable":true,"href":"https:\/\/grappa.no\/no\/wp-json\/wp\/v2\/product_brand?post=34592"},{"taxonomy":"product_cat","embeddable":true,"href":"https:\/\/grappa.no\/no\/wp-json\/wp\/v2\/product_cat?post=34592"},{"taxonomy":"product_tag","embeddable":true,"href":"https:\/\/grappa.no\/no\/wp-json\/wp\/v2\/product_tag?post=34592"}],"curies":[{"name":"wp","href":"https:\/\/api.w.org\/{rel}","templated":true}]}}