{"id":34454,"date":"2017-09-22T00:00:00","date_gmt":"2017-09-21T23:00:00","guid":{"rendered":"http:\/\/www.grappa.no\/no\/albums\/ukategorisert\/hege-tunaal-annet-hvert-sekund\/"},"modified":"2017-12-20T17:52:09","modified_gmt":"2017-12-20T16:52:09","slug":"hege-tunaal-annet-hvert-sekund","status":"publish","type":"product","link":"https:\/\/grappa.no\/no\/albums\/grappa\/hege-tunaal-annet-hvert-sekund\/","title":{"rendered":"Hege Tunaal: Annet hvert sekund"},"content":{"rendered":"<p><\/p>\n<p>Annet hvert sekund&#8230; Kvinneskjebner.<\/p>\n<p>Hege Tunaal er en av v\u00e5re fremste visesangere og n\u00e5 gir hun ut sitt f\u00f8rste album p\u00e5 14 \u00e5r. Tunaals sanger preges sterkt av hennes engasjement mot urett i samfunnet, og denne gangen er for eksempel barneekteskap og \u00e6resdrap blant temaene.<\/p>\n<p>11. oktober, som er FNs internasjonale jentedag, slipper musiker og visesanger Hege Tunaal et nytt album om kvinneskjebner. Siden 60-tallets viseb\u00f8lge har Hege Tunaal v\u00e6rt engasjert og opptatt av urett i dagens samfunn. Hennes nye album Annet hvert sekund\u2026 Kvinneskjebner, hennes f\u00f8rste p\u00e5 14 \u00e5r, retter hun fokus blant annet mot barneekteskap og \u00e6resdrap. Kari Rolfsen har laget illustrasjonene, som framhever det sterke budskapet i sangene.<\/p>\n<p><!--more--><\/p>\n<p>Hege Tunaal er en av v\u00e5re fremste visesangere, og n\u00e5 gir hun ut sitt f\u00f8rste album p\u00e5 14 \u00e5r. Tunaals sanger preges sterkt av hennes engasjement mot urett i samfunnet, og denne gangen er for eksempel barneekteskap og \u00e6resdrap blant temaene.<\/p>\n<h4>Annet hvert sekund\u2026. Kvinneskjebner<\/h4>\n<p>Tittelen er hentet fra en sang Tunaal har skrevet om bort-gifting av jenter. Det var Plan Internasjonal Norge som gjorde henne oppmerksom at det er 15 millioner barn som giftes bort hvert \u00e5r. Det vil si ett barn annet hvert sekund!<br \/>\n&#8211; Barneekteskap stjeler ikke bare jenters barndom, ungdomstid og skolegang, det stjeler ogs\u00e5 jentenes framtid. De fleste barneekteskap ender i problemer og tragedie p\u00e5 grunn av mangel p\u00e5 kj\u00e6rlighet, vold, kompliserte svangerskap og\/eller dyp fattigdom, forklarer Hege Tunaal.<\/p>\n<h4>Om l\u00e5tene<\/h4>\n<p>P\u00e5 denne platen m\u00f8ter vi mange kvinneskjebner, for eksempel tiggerkvinnen \u00abKeiserinnen\u00bb slik Anna D\u00f6bling beskriver henne, og Alf Pr\u00f8ysens fortelling om vaskehjelpen \u00abAlma Assosiala\u00bb. Arnljot Eggen synligj\u00f8r det schizofrene kvinnesynet i \u00abEg er ei kvinne\u00bb. Bertolt Brecht griper oss med sin s\u00e5re fortelling om svik i \u00abSurabaya-Johnny\u00bb. Tekstene forteller om vonde sider ved det \u00e5 v\u00e6re f\u00f8dt som kvinne der holdninger, kultur, etnisitet og sosial stand er med p\u00e5 \u00e5 avgj\u00f8re deres skjebne. Fl\u00e5tebes\u00f8k er hentet fra revyen \u00abRah-ta-Tah\u00bb laget av studenter ved Norges Tekniske H\u00f8yskole; NTH (n\u00e5 NTNU) i Trondheim 1921. Den ironiserer bruk og kast-mentaliteten blant datidens sj\u00f8folk. Dessverre et aktuelt tema ogs\u00e5 i dag, slik vi m\u00f8ter det i debatten om sexturisme og prostitusjon.\u00a0<br \/>\nAlt er heldigvis ikke bare trist og leit i kvinnelivet. \u00abTango i svime\u00bb forteller om gleden og spenningen p\u00e5 en tangofestival i Sein\u00e4joki i Finland, hvor Tunaal selv har deltatt. \u00abTil varmeputen\u00bb skildrer et godt \u00f8yeblikksbilde, selv uten en partner ved din side.<\/p>\n<h4>S\u00e6regent samarbeid med billedkunstner<\/h4>\n<p>Kari Rolfsen (79 \u00e5r) har illustrert fire av l\u00e5tene i albumet. Kari Rolfsen har lang fartstid som billedkunstner, grafiker og billedhugger. Hege og Kari traff hverandre f\u00f8rste gang p\u00e5 Josephine Visescene hvor Rolfsen tegnet artistene som opptr\u00e5dte. Hennes strek er kjent for \u00e5 v\u00e6re b\u00e5de humoristisk, levende, sterk og poengtert.<br \/>\n&#8211;\u00a0\u00a0\u00a0Hennes feministiske engasjement har ogs\u00e5 gjort at jeg valgte henne som illustrat\u00f8r.\u00a0 Neppe noen kunne v\u00e6re bedre egnet, sier Tunaal.<\/p>\n<p><\/p>","protected":false},"excerpt":{"rendered":"<p>P\u00e5 albumet &#8216;Annet hvert sekund\u2026 Kvinneskjebner&#8217; \u2013 det f\u00f8rste p\u00e5 14 \u00e5r \u2013 retter Hege Tunaal fokuset blant annet mot barneekteskap og \u00e6resdrap.<\/p>\n","protected":false},"featured_media":34455,"comment_status":"closed","ping_status":"open","template":"","meta":[],"product_brand":[],"product_cat":[6],"product_tag":[],"class_list":{"0":"post-34454","1":"product","2":"type-product","3":"status-publish","4":"has-post-thumbnail","6":"product_cat-grappa","7":"product_shipping_class-cddvd-shipping","8":"uni_artist_tag-anna-dobling","9":"uni_artist_tag-asbjorg-ryeng","10":"uni_artist_tag-birger-mistereggen","11":"uni_artist_tag-bjarne-magnus-jensen","12":"uni_artist_tag-christian-hartmann","13":"uni_artist_tag-edvard-askeland","14":"uni_artist_tag-finn-ludt","15":"uni_artist_tag-georg-reiss","16":"uni_artist_tag-hanns-eisler","17":"uni_artist_tag-hege-tunaal","18":"uni_artist_tag-henry-lodge","19":"uni_artist_tag-jan-hammarlund","20":"uni_artist_tag-kurt-weill","21":"uni_artist_tag-lars-klevstrand","22":"uni_artist_tag-maurice-yvain","23":"uni_artist_tag-mimi-farina","24":"uni_artist_tag-morten-gunnar-larsen","25":"uni_artist_tag-steinar-haugerud","26":"uni_artist_tag-trad","27":"uni_artist_genre-folk-music","28":"uni_artist_genre-norwegian-lyrics","29":"uni_artist_genre-scandinavian","30":"uni_artist_genre-traditional","31":"uni_artist_genre-world-music","33":"first","34":"instock","35":"taxable","36":"shipping-taxable","37":"purchasable","38":"product-type-simple"},"_links":{"self":[{"href":"https:\/\/grappa.no\/no\/wp-json\/wp\/v2\/product\/34454","targetHints":{"allow":["GET"]}}],"collection":[{"href":"https:\/\/grappa.no\/no\/wp-json\/wp\/v2\/product"}],"about":[{"href":"https:\/\/grappa.no\/no\/wp-json\/wp\/v2\/types\/product"}],"replies":[{"embeddable":true,"href":"https:\/\/grappa.no\/no\/wp-json\/wp\/v2\/comments?post=34454"}],"wp:featuredmedia":[{"embeddable":true,"href":"https:\/\/grappa.no\/no\/wp-json\/wp\/v2\/media\/34455"}],"wp:attachment":[{"href":"https:\/\/grappa.no\/no\/wp-json\/wp\/v2\/media?parent=34454"}],"wp:term":[{"taxonomy":"product_brand","embeddable":true,"href":"https:\/\/grappa.no\/no\/wp-json\/wp\/v2\/product_brand?post=34454"},{"taxonomy":"product_cat","embeddable":true,"href":"https:\/\/grappa.no\/no\/wp-json\/wp\/v2\/product_cat?post=34454"},{"taxonomy":"product_tag","embeddable":true,"href":"https:\/\/grappa.no\/no\/wp-json\/wp\/v2\/product_tag?post=34454"}],"curies":[{"name":"wp","href":"https:\/\/api.w.org\/{rel}","templated":true}]}}