{"id":34448,"date":"2017-10-27T00:00:00","date_gmt":"2017-10-26T23:00:00","guid":{"rendered":"http:\/\/www.grappa.no\/no\/albums\/ukategorisert\/hakon-kornstad-kork-live-limited-edition-cd\/"},"modified":"2017-12-28T11:48:22","modified_gmt":"2017-12-28T10:48:22","slug":"hakon-kornstad-kork-kornstad-kork-live","status":"publish","type":"product","link":"https:\/\/grappa.no\/no\/albums\/grappa\/hakon-kornstad-kork-kornstad-kork-live\/","title":{"rendered":"H\u00e5kon Kornstad \/ Kork: Kornstad + Kork &#8211; live"},"content":{"rendered":"<p><\/p>\n<p>Kornstad m\u00f8ter Kork.<\/p>\n<p>N\u00e5 ogs\u00e5 med symfonisk orkester i ryggen, leverer Kornstad en s\u00f8ml\u00f8s miks mellom klassiske sanger (F.P. Tostis \u00abMarechiare\u00bb og \u00abL\u2019Ultima Canzone\u00bb), operaarier (G. Bizets \u00abNadirs arie\u00bb fra\u00a0Perlefiskerne)\u00a0og sitt eget kreative tilskudd, b\u00e5de som jazz-saxofonist, nysl\u00e5tt orkesterarrang\u00f8r og -komponist, og som bandleder, med sitt faste ensemble av improviserende musikere i toppsjiktet. \u00abDet er vel ikke l\u00f8gn \u00e5 si at jeg var temmelig stressa rundt disse dagene. Alt som skulle falle p\u00e5 plass, alle ideer som skulle i havn, og p\u00e5 toppen av dette en stemme som jeg trodde var i ferd med \u00e5 svikte meg for godt, haha. Men det gikk jo bra!\u00bb sier H\u00e5kon Kornstad. \u00abJeg er veldig glad i KORK\u00bb fortsetter han. \u00abDe gj\u00f8r en helt utrolig viktig jobb, fordi de viser fram et orkester p\u00e5 s\u00e5 mange ulike m\u00e5ter.\u00bb <\/p>\n<p>Erlend Skomsvoll er utvilsomt en av landets fremste og mest spennende arrang\u00f8rer, og har bidratt med to spor \u2013 en Steve Reich-aktig nytolkning av Edvard Griegs liederaften-gjenganger \u00abEn svane\u00bb og mens Giuseppe Verdis \u00abDi tu se fedel\u00bb fra operaen\u00a0Maskeballet, som\u00a0mesker seg med h\u00f8yoktan Charles Mingus. I tillegg f\u00e5r vi to av Kornstads komposisjoner fra soloalbumet\u00a0Symphonies in My Head\u00a0fra 2011, den ene (\u201cPlystre\u201d) omgjort til symfonisk stykke av Kjetil Bjerkestrand, den andre tilpasset for fem celloer \u2013 en rolig og instrumental avslutning p\u00e5 et album du garantert vil bli r\u00f8rt av, kanskje humre litt av \u2013 og plystre til. <\/p>\n<p>Konserten vil bli vist i sin helhet p\u00e5 NRK \u00abHovedscenen\u00bb s\u00f8ndag 29. oktober.<\/p>\n<p><!--more--><\/p>\n<p>Ny CD med h\u00f8ydepunktene fra to fulle hus i Store Studio i mars 2017. H\u00e5kon Kornstad Ensemble m\u00f8ter KORK, dirigert av Christian Eggen.<br \/>\nTenor Battle with strings!\u00a0Dette unike samarbeidet spinner videre p\u00e5 det kritikerroste albumet\u00a0Tenor Battle\u00a0fra 2015.<\/p>\n<h4>Kreative arrang\u00f8rer<\/h4>\n<p>Erlend Skomsvoll er utvilsomt en av landets fremste og mest spennende arrang\u00f8rer, og har bidratt med to spor \u2013 en Steve Reich-aktig nytolkning av Edvard Griegs liederaften-gjenganger \u00abEn svane\u00bb og mens Giuseppe Verdis \u00abDi tu se fedel\u00bb fra operaen\u00a0Maskeballet, som\u00a0mesker seg med h\u00f8yoktan Charles Mingus.<\/p>\n<p>\u00abErlend Skomsvoll og jeg studerte p\u00e5 jazzlinja i Trondheim sammen, og han har jo blitt helt r\u00e5 p\u00e5 \u00e5 skrive musikk for orkester, s\u00e5 det var g\u00f8y at han ville bidra.\u00bb <\/p>\n<p>I tillegg f\u00e5r vi to av Kornstads komposisjoner fra soloalbumet\u00a0Symphonies in My Head\u00a0fra 2011, den ene (\u201cPlystre\u201d) omgjort til symfonisk stykke av Kjetil Bjerkestrand, den andre tilpasset for fem celloer \u2013 en rolig og instrumental avslutning p\u00e5 et album du garantert vil bli r\u00f8rt av, kanskje humre litt av \u2013 og plystre til. <\/p>\n<p>\u00abKjetil Bjerkestrand var et helt nytt bekjentskap i denne sammenhengen, men for en utrolig kapasitet, og et veldig fint samarbeid. Det var veldig g\u00f8y \u00e5 brette opp ermene og begynne \u00e5 arrangere litt selv ogs\u00e5. Jeg fikk litt veiledning av flere bra folk p\u00e5 veien, og har virkelig lyst til \u00e5 g\u00e5 videre inn i det.\u00bb<\/p>\n<p>Konserten vil bli vist i sin helhet p\u00e5 NRK \u00abHovedscenen\u00bb s\u00f8ndag 29. oktober.<\/p>\n<h4><\/h4>\n<p><h4><\/h4>\n<\/p>\n<p><\/p>","protected":false},"excerpt":{"rendered":"<p>Tenor Battle with strings! Ny CD med h\u00f8ydepunktene fra to fulle hus i Store Studio i mars 2017. H\u00e5kon Kornstad Ensemble m\u00f8ter KORK, dirigert av Christian Eggen.<\/p>\n","protected":false},"featured_media":34449,"comment_status":"closed","ping_status":"open","template":"","meta":[],"product_brand":[],"product_cat":[6],"product_tag":[],"class_list":{"0":"post-34448","1":"product","2":"type-product","3":"status-publish","4":"has-post-thumbnail","6":"product_cat-grappa","7":"product_shipping_class-cddvd-shipping","8":"uni_artist_tag-edvard-grieg","9":"uni_artist_tag-francesco-paolo-tosti","10":"uni_artist_tag-georges-bizet","11":"uni_artist_tag-giuseppe-verdi","12":"uni_artist_tag-hakon-kornstad","13":"uni_artist_tag-lars-henrik-johansen","14":"uni_artist_tag-norwegian-radio-orchestra","15":"uni_artist_tag-oyvind-skarbo","16":"uni_artist_tag-per-zanussi","17":"uni_artist_tag-sigbjorn-apeland","18":"uni_artist_genre-classical","19":"uni_artist_genre-jazz","20":"uni_artist_genre-opera","22":"first","23":"instock","24":"taxable","25":"shipping-taxable","26":"purchasable","27":"product-type-simple"},"_links":{"self":[{"href":"https:\/\/grappa.no\/no\/wp-json\/wp\/v2\/product\/34448","targetHints":{"allow":["GET"]}}],"collection":[{"href":"https:\/\/grappa.no\/no\/wp-json\/wp\/v2\/product"}],"about":[{"href":"https:\/\/grappa.no\/no\/wp-json\/wp\/v2\/types\/product"}],"replies":[{"embeddable":true,"href":"https:\/\/grappa.no\/no\/wp-json\/wp\/v2\/comments?post=34448"}],"wp:featuredmedia":[{"embeddable":true,"href":"https:\/\/grappa.no\/no\/wp-json\/wp\/v2\/media\/34449"}],"wp:attachment":[{"href":"https:\/\/grappa.no\/no\/wp-json\/wp\/v2\/media?parent=34448"}],"wp:term":[{"taxonomy":"product_brand","embeddable":true,"href":"https:\/\/grappa.no\/no\/wp-json\/wp\/v2\/product_brand?post=34448"},{"taxonomy":"product_cat","embeddable":true,"href":"https:\/\/grappa.no\/no\/wp-json\/wp\/v2\/product_cat?post=34448"},{"taxonomy":"product_tag","embeddable":true,"href":"https:\/\/grappa.no\/no\/wp-json\/wp\/v2\/product_tag?post=34448"}],"curies":[{"name":"wp","href":"https:\/\/api.w.org\/{rel}","templated":true}]}}