{"id":34337,"date":"2017-10-06T00:00:00","date_gmt":"2017-10-05T23:00:00","guid":{"rendered":"http:\/\/www.grappa.no\/no\/albums\/ukategorisert\/ragnar-sor-olsen-ga-an\/"},"modified":"2017-12-20T17:52:41","modified_gmt":"2017-12-20T16:52:41","slug":"ragnar-sor-olsen-ga-an","status":"publish","type":"product","link":"https:\/\/grappa.no\/no\/albums\/grappa\/ragnar-sor-olsen-ga-an\/","title":{"rendered":"Ragnar S\u00f8r Olsen: G\u00e5 an!"},"content":{"rendered":"<p><\/p>\n<p>Viser om hvalfanger&#8217;n, hans minner og meritter<\/p>\n<p>Ragnar S\u00f8r Olsen og R\u00f8shnes Jazzband er klare med ny plate om hvalfanger\u2019n, hans minner og meritter. Lytteren tas med p\u00e5 en musikalsk seilas i hvalfangerens univers, fra nord til s\u00f8r, p\u00e5 kryss og tvers, fra Arktis til Antarktis. Du blir kjent med f\u00f8rstereisgutten og folka p\u00e5 feltet. Reder, flenser, koker og smed. Skipper og skytter, skj\u00e6rer og separatormann. Kjelet\u00f8mmer og lemmer, en altmuligmann, og flere med han.<\/p>\n<p>Mange av hendelsene har sitt utspring fra oppblomstringstida i Sandefjord og Vestfoldbyene.<br \/>\nL\u00e5tene er f\u00f8rt i pennen av Ragnar S\u00f8r Olsen selv. P\u00e5 G\u00e5 an har Olsen med seg sitt gamle band, R\u00f8shnes Jazzband. Tidligere har han tonesatt dikt av Olav H. Hauge, Inger Hagerup, Emily Dickinson og Henrik Ibsen.<\/p>\n<p><!--more--><\/p>\n<h4><\/h4>\n<\/p>\n<h4><\/h4>\n<p><h4><\/h4>\n<\/p>\n<p><\/p>","protected":false},"excerpt":{"rendered":"<p>Lytteren tas med p\u00e5 en musikalsk seilas i hvalfangerens univers.<\/p>\n","protected":false},"featured_media":34339,"comment_status":"closed","ping_status":"open","template":"","meta":[],"product_brand":[],"product_cat":[6],"product_tag":[],"class_list":{"0":"post-34337","1":"product","2":"type-product","3":"status-publish","4":"has-post-thumbnail","6":"product_cat-grappa","7":"product_shipping_class-cddvd-shipping","8":"uni_artist_tag-espen-gjelstad-gundersen","9":"uni_artist_tag-guttorm-guttormsen","10":"uni_artist_tag-ragnar-sor-olsen","11":"uni_artist_tag-roshnes-jazzband","12":"uni_main_artist_tag-ragnar-sor-olsen","13":"uni_artist_genre-norwegian-lyrics","14":"uni_artist_genre-singersongwriter","15":"uni_artist_genre-traditional","17":"first","18":"instock","19":"taxable","20":"shipping-taxable","21":"purchasable","22":"product-type-simple"},"_links":{"self":[{"href":"https:\/\/grappa.no\/no\/wp-json\/wp\/v2\/product\/34337","targetHints":{"allow":["GET"]}}],"collection":[{"href":"https:\/\/grappa.no\/no\/wp-json\/wp\/v2\/product"}],"about":[{"href":"https:\/\/grappa.no\/no\/wp-json\/wp\/v2\/types\/product"}],"replies":[{"embeddable":true,"href":"https:\/\/grappa.no\/no\/wp-json\/wp\/v2\/comments?post=34337"}],"wp:featuredmedia":[{"embeddable":true,"href":"https:\/\/grappa.no\/no\/wp-json\/wp\/v2\/media\/34339"}],"wp:attachment":[{"href":"https:\/\/grappa.no\/no\/wp-json\/wp\/v2\/media?parent=34337"}],"wp:term":[{"taxonomy":"product_brand","embeddable":true,"href":"https:\/\/grappa.no\/no\/wp-json\/wp\/v2\/product_brand?post=34337"},{"taxonomy":"product_cat","embeddable":true,"href":"https:\/\/grappa.no\/no\/wp-json\/wp\/v2\/product_cat?post=34337"},{"taxonomy":"product_tag","embeddable":true,"href":"https:\/\/grappa.no\/no\/wp-json\/wp\/v2\/product_tag?post=34337"}],"curies":[{"name":"wp","href":"https:\/\/api.w.org\/{rel}","templated":true}]}}