{"id":34324,"date":"2017-11-10T00:00:00","date_gmt":"2017-11-09T23:00:00","guid":{"rendered":"http:\/\/www.grappa.no\/no\/albums\/ukategorisert\/helge-iberg-life-music\/"},"modified":"2018-05-04T10:48:02","modified_gmt":"2018-05-04T09:48:02","slug":"helge-iberg-life-music","status":"publish","type":"product","link":"https:\/\/grappa.no\/no\/albums\/simax-classics\/helge-iberg-life-music\/","title":{"rendered":"Helge Iberg \u2013 Life Music"},"content":{"rendered":"<p><\/p>\n<p>Livet i sin ualminnelighet.<\/p>\n<p>Den prisvinnende musikeren og komponisten Helge Iberg gir i h\u00f8st ut to plater. Life Music og Jazz-kammer. Om Life Music sier Iberg at de to verkene relaterer til to forskjellige aspekter av livet: Mikrokosmos \u2013 v\u00e5r individuelle skjebne; alminnelig og eksepsjonell \u2013 og makrokosmos; de eksistensielle utfordringene vi m\u00f8ter som art eller menneskehet. <\/p>\n<p>I albumets f\u00f8rste stykke er det \u201dmikrokosmos\u201d som granskes gjennom \u00e5tte satser. Musikken er leken og vital, men ogs\u00e5 med partier som antyder oppl\u00f8sning og d\u00f8d. N\u00e5r Iberg g\u00e5r eksistensialistisk til verks med stykket Sisyphus\u2019 Dance of Endless Struggle, er det med Det Norske Kammerorkester i ryggen og Atle Sponberg som fiolinsolist. Den mytiske skikkelsen Kong Sisyfos ble d\u00f8mt til \u00e5 rulle en kampestein opp et fjell, f\u00f8r steinen rullet ned igjen, og han m\u00e5tte gjenta det \u2013 evig. En parallell til livets meningsl\u00f8shet; eller kunstens evige streben etter noe fullkomment. <\/p>\n<p>Helge Iberg er en original stemme i norsk kulturliv, og beveger seg uanstrengt mellom samtidsmusikk og jazz.<\/p>\n<p><!--more--><\/p>\n<p>Den prisvinnende musikeren og komponisten Helge Iberg gir i h\u00f8st ut to plater. Life Music best\u00e5r av to verk: en stort anlagt \u201dkvartett+1\u201d samt en konsert for solofiolin og strykere. Samme dag slippes ogs\u00e5 Helge Ibergs Jazz-kammer, i samarbeid med et veritabelt stjernelag av norske jazzmusikere.<\/p>\n<h4>Livet i sin ualminnelighet<\/h4>\n<p>I albumets f\u00f8rste stykke er det \u201dmikrokosmos\u201d som granskes gjennom \u00e5tte satser. Her er det verdt \u00e5 merke seg satsbetegnelsene, som varierer mellom det beskrivende, og det absurde. Som helhet kan satsene sees som en analogi for livet, fra f\u00f8rste sats \u00abTentativo (First Steps)\u00bb til siste, \u00abDiscesa (Descent\/Exit)\u00bb. Kvartett (+1) for livet i sin ualminnelighet har samme besetning som Messiaens ber\u00f8mte Kvartett for tidenes ende, pluss en marimba. Musikken er leken og vital, men ogs\u00e5 med partier som antyder oppl\u00f8sning og d\u00f8d. Stemningene varierer mellom det oppbyggende og det destruktive \u2013 fra det trygge til det dramatiske, med Hans Christian Br\u00e6ins klarinett i sentrum.<\/p>\n<h4>Livets meningsl\u00f8shet<\/h4>\n<p>N\u00e5r Iberg g\u00e5r eksistensialistisk til verks med stykket Sisyphus\u2019 Dance of Endless Struggle, er det med Det Norske Kammerorkester i ryggen og Atle Sponberg som fiolinsolist. Den mytiske skikkelsen Kong Sisyfos ble d\u00f8mt til \u00e5 rulle en kampestein opp et fjell, f\u00f8r steinen rullet ned igjen, og han m\u00e5tte gjenta det \u2013 evig. En parallell til livets meningsl\u00f8shet; eller kunstens evige streben etter noe fullkomment. Musikalsk skildres dette ved en melodi som driver framover \u2013\u00a0stopper, reflekterer, argumenterer, og danser \u2013\u00a0alltid videre.<\/p>\n<h4>Musiker i v\u00e5r tid<\/h4>\n<p>Helge Iberg er en original stemme i norsk kulturliv, og beveger seg uanstrengt mellom samtidsmusikk og jazz. Dette tydeliggj\u00f8res med en kombinert slippkonsert for platene Life Music og Jazz-kammer i Jakobkirken den 22. november, der repertoar fra begge platene fremf\u00f8res. Iberg har skrevet piano-, fiolin- og trompetkonserter, orkesterverker, kammermusikk, musikaler, og opera. Han har blant annet vunnet Prix Italia og Work of the Year, og har flere ganger v\u00e6rt nominert til Spellemannprisen og Edvardprisen. Iberg studerte musikk ved Universitetet i Oslo med toneangivende komponister som Olav Anton Thommessen og Ragnar S\u00f6derlind, samtidig som interessen for jazz vokste. Iberg er en ivrig humanist og samfunnsdebattant, samt forfatter av essays, artikler og b\u00f8ker.<\/p>\n<p><\/p>","protected":false},"excerpt":{"rendered":"<p>Helge Iberg er en original stemme i norsk kulturliv, og beveger seg uanstrengt mellom samtidsmusikk og jazz.<\/p>\n","protected":false},"featured_media":34329,"comment_status":"closed","ping_status":"open","template":"","meta":[],"product_brand":[],"product_cat":[180],"product_tag":[],"class_list":{"0":"post-34324","1":"product","2":"type-product","3":"status-publish","4":"has-post-thumbnail","6":"product_cat-simax-classics","7":"product_shipping_class-cddvd-shipping","8":"uni_artist_tag-atle-sponberg","9":"uni_artist_tag-geir-inge-lotsberg","10":"uni_artist_tag-hans-christian-braein","11":"uni_artist_tag-helge-iberg","12":"uni_artist_tag-ingfrid-breie-nyhus","13":"uni_artist_tag-johanne-byhring","14":"uni_artist_tag-lars-erik-ter-jung","15":"uni_artist_tag-norwegian-chamber-orchestra","16":"uni_artist_tag-oystein-birkeland","17":"uni_artist_genre-chamber-music","18":"uni_artist_genre-concerto","20":"first","21":"instock","22":"taxable","23":"shipping-taxable","24":"purchasable","25":"product-type-simple"},"_links":{"self":[{"href":"https:\/\/grappa.no\/no\/wp-json\/wp\/v2\/product\/34324","targetHints":{"allow":["GET"]}}],"collection":[{"href":"https:\/\/grappa.no\/no\/wp-json\/wp\/v2\/product"}],"about":[{"href":"https:\/\/grappa.no\/no\/wp-json\/wp\/v2\/types\/product"}],"replies":[{"embeddable":true,"href":"https:\/\/grappa.no\/no\/wp-json\/wp\/v2\/comments?post=34324"}],"wp:featuredmedia":[{"embeddable":true,"href":"https:\/\/grappa.no\/no\/wp-json\/wp\/v2\/media\/34329"}],"wp:attachment":[{"href":"https:\/\/grappa.no\/no\/wp-json\/wp\/v2\/media?parent=34324"}],"wp:term":[{"taxonomy":"product_brand","embeddable":true,"href":"https:\/\/grappa.no\/no\/wp-json\/wp\/v2\/product_brand?post=34324"},{"taxonomy":"product_cat","embeddable":true,"href":"https:\/\/grappa.no\/no\/wp-json\/wp\/v2\/product_cat?post=34324"},{"taxonomy":"product_tag","embeddable":true,"href":"https:\/\/grappa.no\/no\/wp-json\/wp\/v2\/product_tag?post=34324"}],"curies":[{"name":"wp","href":"https:\/\/api.w.org\/{rel}","templated":true}]}}