{"id":34319,"date":"2017-10-06T00:00:00","date_gmt":"2017-10-05T23:00:00","guid":{"rendered":"http:\/\/www.grappa.no\/no\/albums\/ukategorisert\/irene-tillung-med-ti-pa-taket-hildersyn\/"},"modified":"2017-12-20T17:52:24","modified_gmt":"2017-12-20T16:52:24","slug":"irene-tillung-med-ti-pa-taket-hildersyn","status":"publish","type":"product","link":"https:\/\/grappa.no\/no\/albums\/heilo\/irene-tillung-med-ti-pa-taket-hildersyn\/","title":{"rendered":"Irene Tillung med Ti p\u00e5 Taket: Hildersyn"},"content":{"rendered":"<p><\/p>\n<p>Dr\u00f8mmeprosjekt fra Tillung.<\/p>\n<p>Irene Tillung (trekkspill) har ventet lenge med \u00e5 gi ut et album i eget navn, men n\u00e5r det n\u00e5 endelig kommer s\u00e5 vitner det om en komponist og musiker som virkelig har tatt skikkelig sats og ikke sparer p\u00e5 kruttet. Tillung st\u00e5r bak alle de medrivende ny komposisjonene p\u00e5 platen, og rundt seg i legendariske Rainbow Studio har hun samlet et topptungt lag med ti musikere med bakgrunn fra band som Valkyrien, In the Country, Oslo Strings og Sver. <\/p>\n<p>Folkemusikktradisjonen st\u00e5r sterkt i Irene Tillungs hjemkommune Voss. Det var allikevel f\u00f8rst etter at hun hadde lagt bak seg en klassisk utdannelse og traff folkesanger \u00c5shild Vetrhus og felespiller Jorunn Marie Kvernberg p\u00e5 Norges Musikkh\u00f8yskole, at hun for alvor kom i kontakt med folkemusikken. Sammen startet de trioen Tindra som turnerte i inn- og utland og ga ut fire plater i perioden 2006 til 2011. \u00abSamarbeidet med \u00c5shild og Jorunn Marie var et lykketreff\u00bb sier Irene. \u00abDet var veldig inspirerende \u00e5 v\u00e6re en trio som hadde felles ambisjoner og som ville mye\u00bb. Siden dette m\u00f8tet har Irene jobbet med folkemusikk p\u00e5 heltid, ogs\u00e5 i andre prosjekter som Maar, Boreas og duoen Fr\u00f8holm\/Tillung.<br \/>\nDet er lett \u00e5 h\u00f8re at albumet er resultatet av en prosess preget av iver, energi og glede, og musikken er romslig og gir de h\u00e5ndplukkede musikerne spillerom og armslag. \u00abHildersyn\u00bb har blitt en original, energisk og overskuddspreget utgivelse.<\/p>\n<p>Releasekonsert:<br \/>\n05. oktober Riksscenen, Oslo<\/p>\n<p><!--more--><\/p>\n<p>Irene Tillung (trekkspill) har ventet lenge med \u00e5 gi ut et album i eget navn, men n\u00e5r det n\u00e5 endelig kommer s\u00e5 vitner det om en komponist og musiker som virkelig har tatt skikkelig sats og ikke sparer p\u00e5 kruttet. Tillung st\u00e5r bak alle de medrivende ny komposisjonene p\u00e5 platen, og rundt seg i legendariske Rainbow Studio har hun samlet et topptungt lag med ti musikere med bakgrunn fra band som Valkyrien, In the Country, Oslo Strings og Sver.<\/p>\n<h4>Dr\u00f8mmeprosjekt<\/h4>\n<p>Tillung, som for tiden studerer filmmusikk p\u00e5 H\u00f8yskolen i Lillehammer, hadde lengte hatt ambisjoner om \u00e5 gj\u00f8re et eget prosjekt. Da hun i 2015 fikk et arbeidsstipend fra Komponistenes Vederlagsfond var hun i gang &#8211; nesten f\u00f8r hun rakk \u00e5 legge tilsagnsbrevet fra seg. N\u00e5 hadde hun sjansen til \u00e5 f\u00e5 gjennomf\u00f8rt en stor dr\u00f8m hun har b\u00e5ret p\u00e5 lenge. Hun booket innspillingsdager i Rainbow Studio lenge f\u00f8r komposisjonene var ferdige, og satte i gang en m\u00f8ysommelig prosess med \u00e5 h\u00e5ndplukke musikere. \u00abProsjektensemblet har jeg kalt  Ti p\u00e5 Taket\u00bb sier Irene. &#8211; Et navn som referer til ordtaket \u00abEn fugl i h\u00e5nda er bedre enn ti p\u00e5 taket.\u00bb \u00abI dette prosjektet har jeg valgt \u00e5 trasse dette ordtaket og strekke meg kompromissl\u00f8st mot et m\u00e5l som henger h\u00f8yt, og som ofte kan kjennes utenfor rekkevidde; nemlig \u00e5 sette sammen et eget 10 manns dr\u00f8mmeensemble for \u00e5 spille inn egen musikk i et dr\u00f8mmestudio\u00bb.<\/p>\n<h4>Mathias Eick<\/h4>\n<p>I forbindelse med en spillejobb p\u00e5 Hardanger Musikkfest traff Irene jazztrompetist Mathias Eick og i en samtale ble det nevnt at han gjerne kunne tenke seg \u00e5 jobbe mer med folkemusikk. Da Irene fikk sjansen til \u00e5 lage et album tok hun ham p\u00e5 ordet og inviterte ham med som produsent.<\/p>\n<p>Det er lett \u00e5 h\u00f8re at albumet er resultatet av en prosess preget av iver, energi og glede, og musikken er romslig og gir de h\u00e5ndplukkede musikerne spillerom og armslag. \u00abHildersyn\u00bb har blitt en original, energisk og overskuddspreget utgivelse.<\/p>\n<p>Releasekonsert:<br \/>\n05. oktober Riksscenen, Oslo<\/p>\n<h4><\/h4>\n<\/p>\n<p><\/p>","protected":false},"excerpt":{"rendered":"<p>Tillung st\u00e5r bak alle de medrivende ny komposisjonene p\u00e5 platen, og rundt seg i legendariske Rainbow Studio har hun samlet et topptungt lag med ti musikere med bakgrunn fra band som Valkyrien, In the Country, Oslo Strings og Sver.<\/p>\n","protected":false},"featured_media":34322,"comment_status":"closed","ping_status":"open","template":"","meta":[],"product_brand":[],"product_cat":[35],"product_tag":[],"class_list":{"0":"post-34319","1":"product","2":"type-product","3":"status-publish","4":"has-post-thumbnail","6":"product_cat-heilo","7":"product_shipping_class-cddvd-shipping","8":"uni_artist_tag-anders-hall","9":"uni_artist_tag-ellen-brekken","10":"uni_artist_tag-erik-sollid","11":"uni_artist_tag-irene-tillung","12":"uni_artist_tag-isa-carolina-holmesland","13":"uni_artist_tag-kaja-fjellberg-pettersen","14":"uni_artist_tag-lise-voldsdal","15":"uni_artist_tag-mathias-eick","16":"uni_artist_tag-pal-hausken","17":"uni_artist_tag-ragnhild-lien","18":"uni_main_artist_tag-irene-tillung","19":"uni_artist_genre-folk-music","20":"uni_artist_genre-instrumental","22":"first","23":"instock","24":"taxable","25":"shipping-taxable","26":"purchasable","27":"product-type-simple"},"_links":{"self":[{"href":"https:\/\/grappa.no\/no\/wp-json\/wp\/v2\/product\/34319","targetHints":{"allow":["GET"]}}],"collection":[{"href":"https:\/\/grappa.no\/no\/wp-json\/wp\/v2\/product"}],"about":[{"href":"https:\/\/grappa.no\/no\/wp-json\/wp\/v2\/types\/product"}],"replies":[{"embeddable":true,"href":"https:\/\/grappa.no\/no\/wp-json\/wp\/v2\/comments?post=34319"}],"wp:featuredmedia":[{"embeddable":true,"href":"https:\/\/grappa.no\/no\/wp-json\/wp\/v2\/media\/34322"}],"wp:attachment":[{"href":"https:\/\/grappa.no\/no\/wp-json\/wp\/v2\/media?parent=34319"}],"wp:term":[{"taxonomy":"product_brand","embeddable":true,"href":"https:\/\/grappa.no\/no\/wp-json\/wp\/v2\/product_brand?post=34319"},{"taxonomy":"product_cat","embeddable":true,"href":"https:\/\/grappa.no\/no\/wp-json\/wp\/v2\/product_cat?post=34319"},{"taxonomy":"product_tag","embeddable":true,"href":"https:\/\/grappa.no\/no\/wp-json\/wp\/v2\/product_tag?post=34319"}],"curies":[{"name":"wp","href":"https:\/\/api.w.org\/{rel}","templated":true}]}}