{"id":34315,"date":"2017-10-06T00:00:00","date_gmt":"2017-10-05T23:00:00","guid":{"rendered":"http:\/\/www.grappa.no\/no\/albums\/ukategorisert\/elin-furubotn-ikkje-ga-deg-vill\/"},"modified":"2017-12-20T17:51:52","modified_gmt":"2017-12-20T16:51:52","slug":"elin-furubotn-ikkje-ga-deg-vill","status":"publish","type":"product","link":"https:\/\/grappa.no\/no\/albums\/grappa\/elin-furubotn-ikkje-ga-deg-vill\/","title":{"rendered":"Elin Furubotn: Ikkje g\u00e5 deg vill"},"content":{"rendered":"<p><\/p>\n<p>Den underfundige hverdagen.<\/p>\n<p>Det er tre \u00e5r siden Elin Furubotn ga ut sitt forrige album med Stavanger\u00a0Symfoniorkester. Duetten \u00abS\u00e5 lett det kan ver\u00bb, med Morten Abel, ble en\u00a0sommerl\u00e5t.\u00a0N\u00e5 er hun ute med sitt 7.album: \u00abIkkje g\u00e5 deg vill\u00bb\u00a0(Grappa). Denne gangen har Furubotn g\u00e5tt nye veier. Bak produsentspakene i\u00a0Elektrolud\u00a0studio har hun satt Morten Abel, B\u00f8rge Fjordheim og seg selv.<br \/>\nTekstene beskriver den underfundige\u00a0hverdagen, med humor, alvor og\u00a0ettertenksomhet. Vi f\u00e5r h\u00f8re\u00a0blant annet hva en nyutflyttet s\u00f8nn ber om hvis\u00a0moren\u00a0ringer litt for ofte, at man slettes ikke alltid \u00f8nsker r\u00e5d fra\u00a0sin ledsager, at\u00a0tiden plutselig gikk fortere enn man hadde tenkt seg, eller hvor farlig\u00a0det kan v\u00e6re hvis mennesket g\u00e5r p\u00e5 ville veier og unnlater \u00e5 hjelpe andre. Siden 2006 har hun gitt ut nytt album annenhvert \u00e5r og er stadig nysgjerrig p\u00e5\u00a0\u00e5\u00a0utvikle musikken sin. Flere av sangene hennes har v\u00e6rt \u00e5 h\u00f8re p\u00e5 radio NRK P1,\u00a0og hun har gitt ut sangene sine internasjonalet og f\u00e5tt str\u00e5lende anmeldelser i\u00a0Tyskland. I 2013 vant Elin Furubotn en Indie Award i Colorado i USA, for\u00a0albumet \u00abHeilt ny vei\u00bb.<\/p>\n<p><!--more--><\/p>\n<p>Det er tre \u00e5r siden Elin Furubotn ga ut sitt forrige album med Stavanger\u00a0Symfoniorkester. Duetten \u00abS\u00e5 lett det kan ver\u00bb, med Morten Abel, ble en\u00a0sommerl\u00e5t.\u00a0N\u00e5 er hun ute med sitt 7.album: \u00abIkkje g\u00e5 deg vill\u00bb\u00a0(Grappa). Denne gangen har Furubotn g\u00e5tt nye veier. Bak produsentspakene i\u00a0Elektrolud\u00a0studio har hun satt Morten Abel, B\u00f8rge Fjordheim og seg selv.<\/p>\n<h4>Den underfundige hverdagen<\/h4>\n<p>Tekstene beskriver den underfundige hverdagen, med humor, alvor og ettertenksomhet. Vi f\u00e5r h\u00f8re blant annet hva en nyutflyttet s\u00f8nn ber om hvis moren ringer litt for ofte, at man slettes ikke alltid \u00f8nsker r\u00e5d fra sin ledsager, at tiden plutselig gikk fortere enn man hadde tenkt seg, eller hvor farlig det kan v\u00e6re hvis mennesket g\u00e5r p\u00e5 ville veier og unnlater \u00e5 hjelpe andre.<\/p>\n<h4>Produktiv<\/h4>\n<p>Siden 2006 har hun gitt ut nytt album annenhvert \u00e5r og er stadig nysgjerrig p\u00e5\u00a0\u00e5\u00a0utvikle musikken sin. Flere av sangene hennes har v\u00e6rt \u00e5 h\u00f8re p\u00e5 radio NRK P1,\u00a0og hun har gitt ut sangene sine internasjonalet og f\u00e5tt str\u00e5lende anmeldelser i\u00a0Tyskland. I 2013 vant Elin Furubotn en Indie Award i Colorado i USA, for\u00a0albumet \u00abHeilt ny vei\u00bb.<\/p>\n<h4>Konserter<\/h4>\n<p>Onsdag 18. okt. Buen Kulturhus, Mandal<br \/>\nTorsdag 19. okt. Flekkefjord, Spira kulturhus<br \/>\nFredag 20. okt, Sentralen, Oslo<br \/>\nOns 25. okt Stavangeren<br \/>\nTors 26. okt \u00d8len JoaKari<br \/>\nFre 27. okt. Ulvik, Olav H Hauge senteret<br \/>\nS\u00f8n. 29. okt. Valestrand Kulturkyrkje<br \/>\nOns 1.nov. Cafe Magenta, Fredrikstad<br \/>\nTors. 2 nov. R\u00f8hnesalen Hamar<br \/>\nL\u00f8r. 4. nov. Siste Reis Pub, Halden<br \/>\nOns 8 nov. Sirdal Kulturhus<br \/>\nTors. 9.nov. Hos Naboen, Kristiansand<br \/>\nFre. 10. Nov Kulturnatt Haugesund<br \/>\nL\u00f8r. 11. Nov Kulturnatt Haugesund<br \/>\nOns. 15 nov. Madam Felle, Bergen<br \/>\nTors. 16 nov. Bokbadet Ivar Aasen Tunet, \u00d8rsta<br \/>\nFre. 17.nov. Bokbadet, Ivar Aasen Tunet, \u00d8rsta (dagtid)<br \/>\nFre 17 nov. 3 Br\u00f8r, Voss\u00a0kl 22<br \/>\nTirs.\u00a021. Nov Modum Bad, Vikersund<br \/>\nOns. 22. Nov Finn\u00f8y,\u00a0Otto Huset<br \/>\nTors. 23. nov. Lennsmannsl\u00f8\u00e5, Varhaug<\/p>\n<p><\/p>","protected":false},"excerpt":{"rendered":"<p>Tekstene beskriver den underfundige\u00a0hverdagen, med humor, alvor og\u00a0ettertenksomhet. Vi f\u00e5r h\u00f8re\u00a0blant annet hva en nyutflyttet s\u00f8nn ber om hvis\u00a0moren\u00a0ringer litt for ofte, at man slettes ikke alltid \u00f8nsker r\u00e5d fra\u00a0sin ledsager, at\u00a0tiden plutselig gikk fortere enn man hadde tenkt seg, eller hvor farlig\u00a0det kan v\u00e6re hvis mennesket g\u00e5r p\u00e5 ville veier og unnlater \u00e5 hjelpe andre.<\/p>\n","protected":false},"featured_media":34316,"comment_status":"closed","ping_status":"open","template":"","meta":[],"product_brand":[],"product_cat":[6],"product_tag":[],"class_list":{"0":"post-34315","1":"product","2":"type-product","3":"status-publish","4":"has-post-thumbnail","6":"product_cat-grappa","7":"product_shipping_class-cddvd-shipping","8":"uni_artist_tag-borge-fjordheim","9":"uni_artist_tag-elin-furubotn","10":"uni_artist_tag-magnus-rod-haugland","11":"uni_artist_tag-morten-abel","12":"uni_artist_tag-renate-engevold","13":"uni_artist_tag-torbjorn-okland","14":"uni_main_artist_tag-elin-furubotn","15":"uni_artist_genre-norwegian-lyrics","16":"uni_artist_genre-singersongwriter","18":"first","19":"instock","20":"taxable","21":"shipping-taxable","22":"purchasable","23":"product-type-simple"},"_links":{"self":[{"href":"https:\/\/grappa.no\/no\/wp-json\/wp\/v2\/product\/34315","targetHints":{"allow":["GET"]}}],"collection":[{"href":"https:\/\/grappa.no\/no\/wp-json\/wp\/v2\/product"}],"about":[{"href":"https:\/\/grappa.no\/no\/wp-json\/wp\/v2\/types\/product"}],"replies":[{"embeddable":true,"href":"https:\/\/grappa.no\/no\/wp-json\/wp\/v2\/comments?post=34315"}],"wp:featuredmedia":[{"embeddable":true,"href":"https:\/\/grappa.no\/no\/wp-json\/wp\/v2\/media\/34316"}],"wp:attachment":[{"href":"https:\/\/grappa.no\/no\/wp-json\/wp\/v2\/media?parent=34315"}],"wp:term":[{"taxonomy":"product_brand","embeddable":true,"href":"https:\/\/grappa.no\/no\/wp-json\/wp\/v2\/product_brand?post=34315"},{"taxonomy":"product_cat","embeddable":true,"href":"https:\/\/grappa.no\/no\/wp-json\/wp\/v2\/product_cat?post=34315"},{"taxonomy":"product_tag","embeddable":true,"href":"https:\/\/grappa.no\/no\/wp-json\/wp\/v2\/product_tag?post=34315"}],"curies":[{"name":"wp","href":"https:\/\/api.w.org\/{rel}","templated":true}]}}