{"id":34218,"date":"2017-09-29T00:00:00","date_gmt":"2017-09-28T23:00:00","guid":{"rendered":"http:\/\/www.grappa.no\/no\/albums\/ukategorisert\/sigrid-moldestad-vere-her\/"},"modified":"2018-01-30T11:02:25","modified_gmt":"2018-01-30T10:02:25","slug":"sigrid-moldestad-vere-her","status":"publish","type":"product","link":"https:\/\/grappa.no\/no\/albums\/grappa\/sigrid-moldestad-vere-her\/","title":{"rendered":"Sigrid Moldestad: Vere her"},"content":{"rendered":"<p><\/p>\n<p>Folkrock med egne tekster og l\u00e5ter fra Sigrid Moldestad.<\/p>\n<p>Det er en moden, personlig og modig artist som n\u00e5 kommer med sitt femte soloalbum. Sigrid Moldestad har g\u00e5tt fra folkemusikkplata &#8216;Taus&#8217; som fikk Spellemannprisen 2007 via dikt av Robert Burns, Jan-Magnus Bruheim, teater og forestillinger til en stadig sterkere stemme fra sin egen penn og hjerte. Hun beveger seg n\u00e6rmest s\u00f8ml\u00f8st mellom flere sjangere, men har alltid folkemusikeren med seg. Denne gangen har hun tatt steget helt ut i et s\u00e6rpreget folk\/rock\/vise-album, med egne tekster og l\u00e5ter. Produsent Yngve Leidulv S\u00e6tre har strekt i b\u00e5de Sigrid Moldestad og bandet, og det l\u00e5ter r\u00f8ft, s\u00e5rt og nytt, men gjenkjennelig Moldestad.\u00a0<\/p>\n<p><!--more--><\/p>\n<p>Folkrock med egne tekster og l\u00e5ter fra Sigrid Moldestad.<\/p>\n<h4>R\u00f8ft, s\u00e5rt og nytt<\/h4>\n<p>Sigrid Moldestad har g\u00e5tt fra folkemusikkplata &#8216;Taus&#8217; som fikk Spellemannprisen 2007 via dikt av Robert Burns, Jan-Magnus Bruheim, teater og forestillinger til en stadig sterkere stemme fra sin egen penn og hjerte. Hun beveger seg n\u00e6rmest s\u00f8ml\u00f8st mellom flere sjangere, men har alltid folkemusikeren med seg. Denne gangen har hun tatt steget helt ut i et s\u00e6rpreget folk\/rock\/vise-album, med egne tekster og l\u00e5ter. Produsent Yngve Leidulv S\u00e6tre har strekt i b\u00e5de Sigrid Moldestad og bandet, og det l\u00e5ter r\u00f8ft, s\u00e5rt og nytt, men gjenkjennelig Moldestad.\u00a0<\/p>\n<h4><\/h4>\n<p><h4><\/h4>\n<\/p>\n<p><\/p>","protected":false},"excerpt":{"rendered":"<p>Det er en moden, personlig og modig artist som n\u00e5 kommer med sitt femte soloalbum.<\/p>\n","protected":false},"featured_media":34219,"comment_status":"closed","ping_status":"open","template":"","meta":[],"product_brand":[],"product_cat":[6],"product_tag":[],"class_list":{"0":"post-34218","1":"product","2":"type-product","3":"status-publish","4":"has-post-thumbnail","6":"product_cat-grappa","7":"product_shipping_class-cddvd-shipping","8":"uni_artist_tag-anders-bitustoyl","9":"uni_artist_tag-anders-erik-roine","10":"uni_artist_tag-anders-hall","11":"uni_artist_tag-jorgen-sandvik","12":"uni_artist_tag-kare-opheim","13":"uni_artist_tag-roald-kaldestad","14":"uni_artist_tag-sigbjorn-apeland","15":"uni_artist_tag-sigrid-moldestad","16":"uni_artist_tag-yngve-leidulv-saetre","17":"uni_main_artist_tag-sigrid-moldestad","18":"uni_artist_genre-folk-music","19":"uni_artist_genre-pop","20":"uni_artist_genre-rock","22":"first","23":"instock","24":"taxable","25":"shipping-taxable","26":"purchasable","27":"product-type-simple"},"_links":{"self":[{"href":"https:\/\/grappa.no\/no\/wp-json\/wp\/v2\/product\/34218","targetHints":{"allow":["GET"]}}],"collection":[{"href":"https:\/\/grappa.no\/no\/wp-json\/wp\/v2\/product"}],"about":[{"href":"https:\/\/grappa.no\/no\/wp-json\/wp\/v2\/types\/product"}],"replies":[{"embeddable":true,"href":"https:\/\/grappa.no\/no\/wp-json\/wp\/v2\/comments?post=34218"}],"wp:featuredmedia":[{"embeddable":true,"href":"https:\/\/grappa.no\/no\/wp-json\/wp\/v2\/media\/34219"}],"wp:attachment":[{"href":"https:\/\/grappa.no\/no\/wp-json\/wp\/v2\/media?parent=34218"}],"wp:term":[{"taxonomy":"product_brand","embeddable":true,"href":"https:\/\/grappa.no\/no\/wp-json\/wp\/v2\/product_brand?post=34218"},{"taxonomy":"product_cat","embeddable":true,"href":"https:\/\/grappa.no\/no\/wp-json\/wp\/v2\/product_cat?post=34218"},{"taxonomy":"product_tag","embeddable":true,"href":"https:\/\/grappa.no\/no\/wp-json\/wp\/v2\/product_tag?post=34218"}],"curies":[{"name":"wp","href":"https:\/\/api.w.org\/{rel}","templated":true}]}}