{"id":34199,"date":"2017-09-22T00:00:00","date_gmt":"2017-09-21T23:00:00","guid":{"rendered":"http:\/\/www.grappa.no\/no\/albums\/ukategorisert\/anders-rogg-nattasanger\/"},"modified":"2017-12-20T17:52:38","modified_gmt":"2017-12-20T16:52:38","slug":"anders-rogg-nattasanger","status":"publish","type":"product","link":"https:\/\/grappa.no\/no\/albums\/grappa\/anders-rogg-nattasanger\/","title":{"rendered":"Anders Rogg &#8211; Nattasanger"},"content":{"rendered":"<p><\/p>\n<p>Anders Rogg &#8211; Nattasanger<\/p>\n<p>\u201cNattasanger\u201d er siste del av en trilogi som begynte med \u201cLyden av lys\u201d (2001) og \u201cVidere\u201d (2005). \u201cLyden av lys\u201d ble til med tanke p\u00e5 livets (aller) siste fase, mens \u201cVidere\u201d var musikk til refleksjon og ettertanke for folk flest. <\/p>\n<p>Ideen bak det nye albumet \u201cNattasanger\u201d var \u00e5 avslutte trilogien med musikk til livets begynnelse, men etter hvert beveget Anders Rogg seg noe vekk fra den ideen, og \u201cNattasanger\u201d handler mer om begynnelser i sin alminnelighet.\u00a0Kine Hellebust st\u00e5r for coverfoto p\u00e5 albumet, og samarbeidet markerer at det er 30 \u00e5r siden Anders og Kine ga ut sin siste plate sammen &#8211; ogs\u00e5 den p\u00e5 Grappa Musikkforlag.<\/p>\n<p><!--more--><\/p>\n<p>Anders Rogg med siste utgivelse i sin trilogi.<\/p>\n<h4>Begynnelser<\/h4>\n<p>Ideen bak det nye albumet &#8216;Nattasanger&#8217; var \u00e5 avslutte trilogien med musikk til livets begynnelse, men etter hvert beveget Anders Rogg seg noe vekk fra den ideen, og &#8216;Nattasanger&#8217; handler mer om begynnelser i sin alminnelighet.\u00a0<\/p>\n<p>Kine Hellebust st\u00e5r for coverfoto p\u00e5 albumet, og samarbeidet markerer at det er 30 \u00e5r siden Anders og Kine ga ut sin siste plate sammen &#8211; ogs\u00e5 den p\u00e5 Grappa Musikkforlag.\u00a0<\/p>\n<p>Anders og Kine har samarbeidet i mange \u00e5r, og mange husker dem begge fra den fire teatergruppen<br \/>\nTramteatret. Gruppen laget en lang rekke forestillinger for teater, radio og TV. St\u00f8rst popularitet oppn\u00e5dde de i NRK, med fire serier i ungdomsprogrammet Halvsju. Tramteatret spilte inn i alt ti LP-er.<\/p>\n<p>Utgivelsen av &#8216;Nattasanger&#8217; feires med en markering p\u00e5 Bogstad g\u00e5rd 27.09. Kine stiller ut fotografikk i Galleri Bogstad, mens Anders holder sin releasekonsert. Med seg p\u00e5 scenen vil han blant annet  ha H\u00e5kon Kornstad og Thea Stabell.<\/p>\n<h4><\/h4>\n<p><h4><\/h4>\n<\/p>\n<p><\/p>","protected":false},"excerpt":{"rendered":"<p>30 \u00e5r etter siste albumutgivelse, samarbeider Anders Rogg og Kine Hellebust n\u00e5 p\u00e5 albumet &#8216;Nattasanger&#8217; &#8211; med Anders sine sanger og Kines fotografikk.<\/p>\n","protected":false},"featured_media":34203,"comment_status":"closed","ping_status":"open","template":"","meta":[],"product_brand":[],"product_cat":[6],"product_tag":[],"class_list":{"0":"post-34199","1":"product","2":"type-product","3":"status-publish","4":"has-post-thumbnail","6":"product_cat-grappa","7":"product_shipping_class-cddvd-shipping","8":"uni_artist_tag-anders-rogg","9":"uni_artist_tag-armen-stepanian","10":"uni_artist_tag-audun-sandvik","11":"uni_artist_tag-birgitte-grimstad","12":"uni_artist_tag-carl-petter-opsahl","13":"uni_artist_tag-frode-larsen","14":"uni_artist_tag-hakon-kornstad","15":"uni_artist_tag-karin-kilden","16":"uni_artist_tag-lene-eikefjord","17":"uni_artist_tag-preben-moseid","18":"uni_artist_tag-svein-fuglestad","19":"uni_artist_tag-thea-stabell","20":"uni_artist_tag-trad","21":"uni_artist_tag-trygve-seim","22":"uni_artist_tag-vidar-lunden","23":"uni_artist_tag-yngvar-myrvold","24":"uni_main_artist_tag-anders-rogg","25":"uni_artist_genre-easy-listening","27":"first","28":"instock","29":"taxable","30":"shipping-taxable","31":"purchasable","32":"product-type-simple"},"_links":{"self":[{"href":"https:\/\/grappa.no\/no\/wp-json\/wp\/v2\/product\/34199","targetHints":{"allow":["GET"]}}],"collection":[{"href":"https:\/\/grappa.no\/no\/wp-json\/wp\/v2\/product"}],"about":[{"href":"https:\/\/grappa.no\/no\/wp-json\/wp\/v2\/types\/product"}],"replies":[{"embeddable":true,"href":"https:\/\/grappa.no\/no\/wp-json\/wp\/v2\/comments?post=34199"}],"wp:featuredmedia":[{"embeddable":true,"href":"https:\/\/grappa.no\/no\/wp-json\/wp\/v2\/media\/34203"}],"wp:attachment":[{"href":"https:\/\/grappa.no\/no\/wp-json\/wp\/v2\/media?parent=34199"}],"wp:term":[{"taxonomy":"product_brand","embeddable":true,"href":"https:\/\/grappa.no\/no\/wp-json\/wp\/v2\/product_brand?post=34199"},{"taxonomy":"product_cat","embeddable":true,"href":"https:\/\/grappa.no\/no\/wp-json\/wp\/v2\/product_cat?post=34199"},{"taxonomy":"product_tag","embeddable":true,"href":"https:\/\/grappa.no\/no\/wp-json\/wp\/v2\/product_tag?post=34199"}],"curies":[{"name":"wp","href":"https:\/\/api.w.org\/{rel}","templated":true}]}}