{"id":34124,"date":"2017-09-01T00:00:00","date_gmt":"2017-08-31T23:00:00","guid":{"rendered":"http:\/\/www.grappa.no\/no\/albums\/ukategorisert\/pust-huggu-over-vatn\/"},"modified":"2017-12-20T17:51:40","modified_gmt":"2017-12-20T16:51:40","slug":"pust-huggu-over-vatn","status":"publish","type":"product","link":"https:\/\/grappa.no\/no\/albums\/grappa\/pust-huggu-over-vatn\/","title":{"rendered":"Pust: Huggu over vatn"},"content":{"rendered":"<p><\/p>\n<p>Nytt album fra PUST.<\/p>\n<p>PUST\u00a0har\u00a0for lengst\u00a0etablert seg som en av landets ledende vokalgrupper. Huggu over vatn\u00a0er gruppens\u00a0femte\u00a0studioalbum\u00a0og\u00a0inneholder 13 l\u00e5ter med en god blanding av ensemblets egne komposisjoner og tekster, tradisjonelle melodier og coverversjoner. Mye av l\u00e5tmaterialet har\u00a0inspirasjon fra folkemusikken og instrumentale melodier, tilpasset et vokalt uttrykk gjennom PUST sine s\u00e6regne tolkninger,\u00a0signaturer og historier.\u00a0Gjermund Larsen (fele), Lars Andreas Haug (tuba) og Knut Aalefj\u00e6r (slagverk) bidrar som gjesteartister\u00a0p\u00e5 enkelte l\u00e5ter.<\/p>\n<p><!--more--><\/p>\n<p>Nytt album fra PUST<\/p>\n<h4>Huggu over vatn<\/h4>\n<p>Huggu over vatn\u00a0er gruppens\u00a0femte\u00a0studioalbum\u00a0og\u00a0inneholder 13 l\u00e5ter med en god blanding av ensemblets egne komposisjoner og tekster, tradisjonelle melodier og coverversjoner. Mye av l\u00e5tmaterialet har\u00a0inspirasjon fra folkemusikken og instrumentale melodier, tilpasset et vokalt uttrykk gjennom PUST sine s\u00e6regne tolkninger,\u00a0signaturer og historier.\u00a0Gjermund Larsen (fele), Lars Andreas Haug (tuba) og Knut Aalefj\u00e6r (slagverk) bidrar som gjesteartister\u00a0p\u00e5 enkelte l\u00e5ter.<br \/>\n\u00a0<br \/>\n&quot;Vi \u00f8nsket \u00e5 utvide v\u00e5rt eget uttrykk med \u00e5 hente inn nye musikerne som kunne smelte inn som v\u00e5re syvende, \u00e5ttende og niende stemmer, og det er et testament til deres dyktighet at resultatet har blitt s\u00e5 organisk og sammenvevet&quot;, sier H\u00e5vard Gravdal i PUST.<\/p>\n<p>Albumslipp\u00a0og\u00a010-\u00e5rsjubileum feires med\u00a0Norgesturne\u00a0der b\u00e5de\u00a0nye og gamle l\u00e5ter\u00a0er med\u00a0i reisesekken.<\/p>\n<h4>PUST<\/h4>\n<p>PUST\u00a0har\u00a0for lengst\u00a0etablert seg som en av landets ledende vokalgrupper.\u00a0Vokalgruppen har\u00a0f\u00e5tt\u00a0stor anerkjennelse for sin egenart b\u00e5de nasjonalt og internasjonalt, ikke minst for sin nytenkende og folkelige formidling av\u00a0norsk\u00a0tradisjonsmusikk. Gruppens\u00a0fire foreg\u00e5ende album h\u00f8stet sv\u00e6rt gode kritikker og ga\u00a0nominasjoner\u00a0b\u00e5de\u00a0til Spellemannspris og\u00a0til\u00a0a capella-genrens Grammy, CARA Awards.<\/p>\n<p>PUST best\u00e5r av seks sangere, blant dem vinner av Melodi\u00a0Grand\u00a0Prix og tidligere Julemorgen-programleder\u00a0Jostein Hasselg\u00e5rd\u00a0(tenor), sammen med\u00a0Camilla Susann Haug\u00a0(sopran),\u00a0Anne Hilde Gr\u00f8v\u00a0(sopran),\u00a0Elisabeth Anvik\u00a0(alt),\u00a0H\u00e5vard Gravdal\u00a0(baryton)\u00a0og\u00a0Mads Iversen\u00a0(bass).<\/p>\n<h4>Turn\u00e9liste<\/h4>\n<p>B\u00f8 hotell,\u00a0B\u00f8 &#8211; 14.september<br \/>\nGlenghuset, Sarpsborg &#8211; 15.september<br \/>\nMoss Kirke, Moss &#8211; 17.september<br \/>\nArendal Kulturhus, Arendal &#8211; 21.september<br \/>\nKilden, Kristiansand &#8211; 22.september<br \/>\nIbsenhuset, Skien &#8211; 23.september<br \/>\nKultursenter Spira, Flekkefjord &#8211; 24.september<br \/>\nBuen Kulturhus, Mandal &#8211; 25.september<br \/>\nCosmopolite, Oslo &#8211; 28.september<\/p>\n<p>For intervjuavtale og annen informasjon ta kontakt med<br \/>\nKjersti Vik\u00f8r:\u00a0kjersti.vikor@kulturmeglerne.no\u00a0\/\u00a0959 10 654<br \/>\n\u00a0<br \/>\nFor anmeldereksemplar ta kontakt med Grappa:<br \/>\ncathrine@grappa.no\u00a0\/\u00a0970 26\u00a0728<\/p>\n<p><\/p>","protected":false},"excerpt":{"rendered":"<p>Huggu over vatn\u00a0er PUSTs femte\u00a0studioalbum\u00a0og\u00a0inneholder 13 l\u00e5ter med en god blanding av ensemblets egne komposisjoner og tekster, tradisjonelle melodier og coverversjoner.<\/p>\n","protected":false},"featured_media":34125,"comment_status":"closed","ping_status":"open","template":"","meta":[],"product_brand":[],"product_cat":[6],"product_tag":[],"class_list":{"0":"post-34124","1":"product","2":"type-product","3":"status-publish","4":"has-post-thumbnail","6":"product_cat-grappa","7":"product_shipping_class-cddvd-shipping","8":"uni_artist_tag-anne-hilde-grov","9":"uni_artist_tag-camilla-susann-haug","10":"uni_artist_tag-elisabeth-anvik","11":"uni_artist_tag-gjermund-larsen","12":"uni_artist_tag-havard-gravdal","13":"uni_artist_tag-jan-garbarek","14":"uni_artist_tag-jostein-hasselgard","15":"uni_artist_tag-knut-aalefjaer","16":"uni_artist_tag-lars-andreas-haug","17":"uni_artist_tag-mads-iversen","18":"uni_artist_tag-pust","19":"uni_artist_tag-sigurd-ros","20":"uni_artist_tag-trad","21":"uni_artist_tag-ulla-pirttijarvi","22":"uni_main_artist_tag-pust","23":"uni_artist_genre-a-cappella","25":"first","26":"instock","27":"taxable","28":"shipping-taxable","29":"purchasable","30":"product-type-simple"},"_links":{"self":[{"href":"https:\/\/grappa.no\/no\/wp-json\/wp\/v2\/product\/34124","targetHints":{"allow":["GET"]}}],"collection":[{"href":"https:\/\/grappa.no\/no\/wp-json\/wp\/v2\/product"}],"about":[{"href":"https:\/\/grappa.no\/no\/wp-json\/wp\/v2\/types\/product"}],"replies":[{"embeddable":true,"href":"https:\/\/grappa.no\/no\/wp-json\/wp\/v2\/comments?post=34124"}],"wp:featuredmedia":[{"embeddable":true,"href":"https:\/\/grappa.no\/no\/wp-json\/wp\/v2\/media\/34125"}],"wp:attachment":[{"href":"https:\/\/grappa.no\/no\/wp-json\/wp\/v2\/media?parent=34124"}],"wp:term":[{"taxonomy":"product_brand","embeddable":true,"href":"https:\/\/grappa.no\/no\/wp-json\/wp\/v2\/product_brand?post=34124"},{"taxonomy":"product_cat","embeddable":true,"href":"https:\/\/grappa.no\/no\/wp-json\/wp\/v2\/product_cat?post=34124"},{"taxonomy":"product_tag","embeddable":true,"href":"https:\/\/grappa.no\/no\/wp-json\/wp\/v2\/product_tag?post=34124"}],"curies":[{"name":"wp","href":"https:\/\/api.w.org\/{rel}","templated":true}]}}