{"id":34050,"date":"2001-05-31T00:00:00","date_gmt":"2001-05-30T23:00:00","guid":{"rendered":"http:\/\/www.grappa.no\/no\/albums\/ukategorisert\/norske-turdansar-turdansar-fra-austlandet\/"},"modified":"2017-09-29T09:08:36","modified_gmt":"2017-09-29T08:08:36","slug":"norske-turdansar-turdansar-fra-austlandet","status":"publish","type":"product","link":"https:\/\/grappa.no\/no\/albums\/heilo\/norske-turdansar-turdansar-fra-austlandet\/","title":{"rendered":"Norske Turdansar \u2013 Turdansar fr\u00e5 Austlandet"},"content":{"rendered":"<p><\/p>\n<p>Turdansar fr\u00e5 Austlandet<\/p>\n<p>Denne plata er den fjerde i ein serie med norsk turdansmusikk. Musikken er samla geografisk med ut\u00f8varar som har tilknytning til desse tradisjonane. Innspelingane er meint som rein bruksmusikk og som eit bilete p\u00e5 korleis denne musikken var spelt, b\u00e5de i stil, rytme og tempo. Innspilelingane  tar alle utgangspunkt i ei instrumentering og ein spelestil vi kjenner fr\u00e5 tradisjonen. Arrangementa er likevel mange stader farga av folkemusikaren av i dag.<\/p>\n<p><!--more--><\/p>\n<h4><\/h4>\n<\/p>\n<h4><\/h4>\n<p><h4><\/h4>\n<\/p>\n<p><\/p>","protected":false},"excerpt":{"rendered":"<p>Musikken er samla geografisk med ut\u00f8varar som har tilknytning til desse tradisjonane.<\/p>\n","protected":false},"featured_media":34053,"comment_status":"closed","ping_status":"open","template":"","meta":[],"product_brand":[],"product_cat":[35],"product_tag":[],"class_list":{"0":"post-34050","1":"product","2":"type-product","3":"status-publish","4":"has-post-thumbnail","6":"product_cat-heilo","7":"product_shipping_class-cddvd-shipping","8":"uni_artist_tag-anders-erik-roine","9":"uni_artist_tag-bjorn-oksnes","10":"uni_artist_tag-christian-borlaug","11":"uni_artist_tag-dag-vardal","12":"uni_artist_tag-frode-haltli","13":"uni_artist_tag-hilde-sornaes","14":"uni_artist_tag-karin-hellbostad-toft","15":"uni_artist_tag-morten-kristiansen","16":"uni_artist_tag-morten-lindberg","17":"uni_artist_tag-patrik-andersson","18":"uni_artist_tag-tom-willy-rustad","19":"uni_artist_tag-vebjorn-stuksrud","20":"uni_artist_tag-vegar-vardal","21":"uni_artist_genre-folk-music","22":"uni_artist_genre-norwegian-lyrics","23":"uni_artist_genre-traditional","25":"first","26":"instock","27":"taxable","28":"shipping-taxable","29":"purchasable","30":"product-type-simple"},"_links":{"self":[{"href":"https:\/\/grappa.no\/no\/wp-json\/wp\/v2\/product\/34050","targetHints":{"allow":["GET"]}}],"collection":[{"href":"https:\/\/grappa.no\/no\/wp-json\/wp\/v2\/product"}],"about":[{"href":"https:\/\/grappa.no\/no\/wp-json\/wp\/v2\/types\/product"}],"replies":[{"embeddable":true,"href":"https:\/\/grappa.no\/no\/wp-json\/wp\/v2\/comments?post=34050"}],"wp:featuredmedia":[{"embeddable":true,"href":"https:\/\/grappa.no\/no\/wp-json\/wp\/v2\/media\/34053"}],"wp:attachment":[{"href":"https:\/\/grappa.no\/no\/wp-json\/wp\/v2\/media?parent=34050"}],"wp:term":[{"taxonomy":"product_brand","embeddable":true,"href":"https:\/\/grappa.no\/no\/wp-json\/wp\/v2\/product_brand?post=34050"},{"taxonomy":"product_cat","embeddable":true,"href":"https:\/\/grappa.no\/no\/wp-json\/wp\/v2\/product_cat?post=34050"},{"taxonomy":"product_tag","embeddable":true,"href":"https:\/\/grappa.no\/no\/wp-json\/wp\/v2\/product_tag?post=34050"}],"curies":[{"name":"wp","href":"https:\/\/api.w.org\/{rel}","templated":true}]}}