{"id":34017,"date":"2017-08-18T00:00:00","date_gmt":"2017-08-17T23:00:00","guid":{"rendered":"http:\/\/www.grappa.no\/no\/albums\/ukategorisert\/tine-thing-helseth-never-going-back\/"},"modified":"2017-09-20T11:18:20","modified_gmt":"2017-09-20T10:18:20","slug":"tine-thing-helseth-never-going-back","status":"publish","type":"product","link":"https:\/\/grappa.no\/no\/albums\/grappa\/tine-thing-helseth-never-going-back\/","title":{"rendered":"Tine Thing Helseth: Never going back"},"content":{"rendered":"<p><\/p>\n<p>Nytt album fra Tine Thing Helseth<\/p>\n<p>N\u00e5r Tine Thing Helseth n\u00e5 slipper sitt nye album \u201dNever Going Back\u201d, f\u00e5r vi h\u00f8re noe helt annet enn hva vi har h\u00f8rt fra henne tidligere. For f\u00f8rste gang synger hun selv, og l\u00e5tene er hennes egne. Albumet er produsert av Mathias Eick og slippes 18. august i forbindelse med Tines 30-\u00e5rsdag og konsert i Operaen (20.08.2017). Veien frem til dette albumet har v\u00e6rt en kreativ prosess som ble satt i gang av et enormt overskudd og behov for \u00e5 skape noe. Det begynte med et par l\u00e5ter, og s\u00e5 str\u00f8mmet det p\u00e5. <\/p>\n<p>\u201dAlle l\u00e5tene p\u00e5 mitt nye album er fra en tidsperiode i mitt liv. De handler om det samme. Opplevelsene har de samme f\u00f8lelsene, fargene, tankene, beskrivelsene. Det er som om de alle henger sammen, og de alle fors\u00f8ker \u00e5 beskrive det samme p\u00e5 ulike m\u00e5ter. Derfor er l\u00e5tene like i sounden. De h\u00f8rer rett og slett til i samme verden&quot; &#8211; Tine Thing Helseth<\/p>\n<p><!--more--><\/p>\n<p>Nytt album fra Tine Thing Helseth.<\/p>\n<h4>En kreativ prosess<\/h4>\n<p>\u201dAlle l\u00e5tene p\u00e5 mitt nye album er fra en tidsperiode i mitt liv. De handler om det samme. Opplevelsene har de samme f\u00f8lelsene, fargene, tankene, beskrivelsene. Det er som om de alle henger sammen, og de alle fors\u00f8ker \u00e5 beskrive det samme p\u00e5 ulike m\u00e5ter. Derfor er l\u00e5tene like i sounden. De h\u00f8rer rett og slett til i samme verden. Never Going Back er for meg en stor beskrivelse av denne tiden som var, som jeg ikke skal tilbake til\u201d \u2013 Tine Thing Helseth <\/p>\n<p>Veien frem til dette albumet har v\u00e6rt en kreativ prosess som ble satt i gang av et enormt overskudd og behov for \u00e5 skape noe. Det begynte med et par l\u00e5ter, og s\u00e5 str\u00f8mmet det p\u00e5. L\u00e5tene p\u00e5 albumet er skrevet av Tine selv, noen av dem i samarbeid med Jarle Storl\u00f8kken.<\/p>\n<h4>Ny opplevelse i studio<\/h4>\n<p>Det var en ny opplevelse for Tine \u00e5 v\u00e6re i studio med egne l\u00e5ter og med band, og noe helt annet enn med de klassiske platene hun har spilt inn f\u00f8r. <\/p>\n<p>\u201dDet har v\u00e6rt fantastisk \u00e5 v\u00e6re i studio med disse str\u00e5lende musikerne. Jeg elsker f\u00f8lelsen av at de hver og en setter sitt stempel p\u00e5 musikken min og h\u00f8re hvordan de oppfatter og forst\u00e5r den. Samarbeidet med Mathias har v\u00e6rt magisk. Vi forstod hverandre fort. Han forstod mine tanker og \u00f8nske om helheten. S\u00e5 tok han det videre og ga s\u00e5 mye til det som n\u00e5 har blitt identiteten p\u00e5 platen. Vi ble forelsket i de samme lydene og dro i samme retning\u201d.<\/p>\n<h4>30 \u00e5r og feiring i Operaen<\/h4>\n<p>18. august fyller Tine 30 \u00e5r, og bursdagen feires storslagent med konsert i Operaen to dager senere (s\u00f8ndag 20. august). <\/p>\n<p>\u201dJeg blir 30 \u00e5r n\u00e5, og det f\u00f8les i grunn veldig riktig. Jeg er en helt annen person n\u00e5 enn jeg var da karrieren min tok av for 12 \u00e5r siden. Det har skjedd mye p\u00e5 alle plan, og alt jeg har opplevd av b\u00e5de gode og d\u00e5rlige ting har farget meg, formet meg og utviklet meg. Denne platen f\u00f8ltes s\u00e5 riktig \u00e5 lage n\u00e5 \u2013 og den kunne ikke kommet noe f\u00f8r. Platen har blitt veldig personlig, men samtidig liker jeg \u00e5 tenke at vi aldri er alene i det vi opplever. Jeg skriver om det jeg kjenner, nemlig meg \u2013 men siden vi aldri er alene og egentlig tenker, strever og gleder oss over mange av de samme tingene, s\u00e5 handler det forh\u00e5pentligvis om deg ogs\u00e5. Og naboen. Og bestemor.\u201d<\/p>\n<p><\/p>","protected":false},"excerpt":{"rendered":"<p>N\u00e5r Tine Thing Helseth n\u00e5 slipper sitt nye album \u201dNever Going Back\u201d, f\u00e5r vi h\u00f8re noe helt annet enn hva vi har h\u00f8rt fra henne tidligere.<\/p>\n","protected":false},"featured_media":34018,"comment_status":"closed","ping_status":"open","template":"","meta":[],"product_brand":[],"product_cat":[6],"product_tag":[],"class_list":{"0":"post-34017","1":"product","2":"type-product","3":"status-publish","4":"has-post-thumbnail","6":"product_cat-grappa","7":"product_shipping_class-cddvd-shipping","8":"uni_artist_tag-aksel-jensen","9":"uni_artist_tag-gunnar-flagstad","10":"uni_artist_tag-jan-martin-smordal","11":"uni_artist_tag-jarle-g-storlokken","12":"uni_artist_tag-martin-hagfors","13":"uni_artist_tag-mathias-eick","14":"uni_artist_tag-olaf-olsen","15":"uni_artist_tag-oslo-strings","16":"uni_artist_tag-tine-thing-helseth","17":"uni_main_artist_tag-tine-thing-helseth","18":"uni_artist_genre-pop","20":"first","21":"instock","22":"taxable","23":"shipping-taxable","24":"purchasable","25":"product-type-simple"},"_links":{"self":[{"href":"https:\/\/grappa.no\/no\/wp-json\/wp\/v2\/product\/34017","targetHints":{"allow":["GET"]}}],"collection":[{"href":"https:\/\/grappa.no\/no\/wp-json\/wp\/v2\/product"}],"about":[{"href":"https:\/\/grappa.no\/no\/wp-json\/wp\/v2\/types\/product"}],"replies":[{"embeddable":true,"href":"https:\/\/grappa.no\/no\/wp-json\/wp\/v2\/comments?post=34017"}],"wp:featuredmedia":[{"embeddable":true,"href":"https:\/\/grappa.no\/no\/wp-json\/wp\/v2\/media\/34018"}],"wp:attachment":[{"href":"https:\/\/grappa.no\/no\/wp-json\/wp\/v2\/media?parent=34017"}],"wp:term":[{"taxonomy":"product_brand","embeddable":true,"href":"https:\/\/grappa.no\/no\/wp-json\/wp\/v2\/product_brand?post=34017"},{"taxonomy":"product_cat","embeddable":true,"href":"https:\/\/grappa.no\/no\/wp-json\/wp\/v2\/product_cat?post=34017"},{"taxonomy":"product_tag","embeddable":true,"href":"https:\/\/grappa.no\/no\/wp-json\/wp\/v2\/product_tag?post=34017"}],"curies":[{"name":"wp","href":"https:\/\/api.w.org\/{rel}","templated":true}]}}