{"id":33996,"date":"1989-03-13T00:00:00","date_gmt":"1989-03-12T23:00:00","guid":{"rendered":"http:\/\/www.grappa.no\/no\/albums\/ukategorisert\/rett-fra-hjertet\/"},"modified":"2024-09-30T09:58:40","modified_gmt":"2024-09-30T08:58:40","slug":"rett-fra-hjertet","status":"publish","type":"product","link":"https:\/\/grappa.no\/no\/albums\/grappa\/rett-fra-hjertet\/","title":{"rendered":"RETT FRA HJERTET"},"content":{"rendered":"<p><\/p>\n<p>Bj\u00f8ro H\u00e5land for f\u00f8rste gang uten hatt<\/p>\n<p>&#8216;Rett fra hjertet&#8217; skapte furore, da Bj\u00f8ro viste seg uten hatt p\u00e5 et albumcover for f\u00f8rste gang. Musikalsk gikk det ogs\u00e5 i en ny retning, med et mer dansebandpreget sound. Jonas Fjelds band er byttet ut, men musikerne p\u00e5 denne plata st\u00e5r ikke noe tilbake for det foreg\u00e5ende ensemblet. P\u00e5 l\u00e5tskriversiden bidrar Bj\u00f8ro med flere egne l\u00e5ter, og Benny Borg har ogs\u00e5 skrevet et knippe.<\/p>\n<p><!--more--><\/p>\n<h4><\/h4>\n<h4><\/h4>\n<h4><\/h4>\n<p><\/p>","protected":false},"excerpt":{"rendered":"<p>Bj\u00f8ro bidrar med flere egne l\u00e5ter, og Benny Borg har ogs\u00e5 skrevet et knippe.<\/p>\n","protected":false},"featured_media":33998,"comment_status":"closed","ping_status":"closed","template":"","meta":[],"product_brand":[],"product_cat":[6],"product_tag":[],"class_list":{"0":"post-33996","1":"product","2":"type-product","3":"status-publish","4":"has-post-thumbnail","6":"product_cat-grappa","7":"product_shipping_class-cddvd-shipping","8":"uni_artist_tag-alf-emil-eik","9":"uni_artist_tag-arne-haland","10":"uni_artist_tag-arne-vigeland","11":"uni_artist_tag-asmund-amli","12":"uni_artist_tag-benny-borg","13":"uni_artist_tag-bjoro-haland","14":"uni_artist_tag-herman-hermani","15":"uni_artist_tag-ivar-skippervold","16":"uni_artist_tag-javed-kurd","17":"uni_artist_tag-john-reidar-boe","18":"uni_artist_tag-kjerulf-samuelsen","19":"uni_artist_tag-lodin-aukland","20":"uni_artist_tag-m-sundberg","21":"uni_artist_tag-nina-pernille-munksgaard","22":"uni_artist_tag-per-kjetil-farstad","23":"uni_artist_tag-sigurd-kohn","24":"uni_artist_tag-thor-einar-ribe","25":"uni_artist_tag-tore-andersen","26":"uni_artist_tag-vidar-bo","27":"uni_main_artist_tag-bjoro-haland","28":"uni_artist_genre-country","29":"uni_artist_genre-easy-listening","30":"uni_artist_genre-norwegian-lyrics","31":"uni_artist_genre-scandinavian","33":"first","34":"outofstock","35":"taxable","36":"shipping-taxable","37":"purchasable","38":"product-type-simple"},"_links":{"self":[{"href":"https:\/\/grappa.no\/no\/wp-json\/wp\/v2\/product\/33996","targetHints":{"allow":["GET"]}}],"collection":[{"href":"https:\/\/grappa.no\/no\/wp-json\/wp\/v2\/product"}],"about":[{"href":"https:\/\/grappa.no\/no\/wp-json\/wp\/v2\/types\/product"}],"replies":[{"embeddable":true,"href":"https:\/\/grappa.no\/no\/wp-json\/wp\/v2\/comments?post=33996"}],"wp:featuredmedia":[{"embeddable":true,"href":"https:\/\/grappa.no\/no\/wp-json\/wp\/v2\/media\/33998"}],"wp:attachment":[{"href":"https:\/\/grappa.no\/no\/wp-json\/wp\/v2\/media?parent=33996"}],"wp:term":[{"taxonomy":"product_brand","embeddable":true,"href":"https:\/\/grappa.no\/no\/wp-json\/wp\/v2\/product_brand?post=33996"},{"taxonomy":"product_cat","embeddable":true,"href":"https:\/\/grappa.no\/no\/wp-json\/wp\/v2\/product_cat?post=33996"},{"taxonomy":"product_tag","embeddable":true,"href":"https:\/\/grappa.no\/no\/wp-json\/wp\/v2\/product_tag?post=33996"}],"curies":[{"name":"wp","href":"https:\/\/api.w.org\/{rel}","templated":true}]}}