{"id":33981,"date":"2017-08-04T00:00:00","date_gmt":"2017-08-03T23:00:00","guid":{"rendered":"http:\/\/www.grappa.no\/no\/albums\/ukategorisert\/hyttetankar\/"},"modified":"2017-09-29T09:05:02","modified_gmt":"2017-09-29T08:05:02","slug":"kjetil-flatland-hyttetankar","status":"publish","type":"product","link":"https:\/\/grappa.no\/no\/albums\/grappa\/kjetil-flatland-hyttetankar\/","title":{"rendered":"Kjetil Flatland: Hyttetankar"},"content":{"rendered":"<p><\/p>\n<p>Tanker fra en avsidesliggende hytte<\/p>\n<p>Etter sitt kritikerroste debutalbum\u00a0\u201cEin song til deg\u201d\u00a0i 2015 er Kjetil Flatland n\u00e5 klar med oppf\u00f8lgeren;\u00a0\u201cHyttetankar\u201d.\u00a0Tekstene er i all hovedsak skrevet p\u00e5 en avsidesliggende fjellhytte i Telemark, og han debuterer med dette med egenproduserte tekster. Med\u201cHyttetankar\u201d\u00a0\u00f8nsker Kjetil Flatland \u00e5 trekke temaer om relasjoner, forst\u00e5else for seg selv og andre, og sm\u00e5 og store verdensproblem helt ned p\u00e5 bakken, og han plasserer tematikken i n\u00e6re og kjente milj\u00f8 for naturelskere.\u00a0\u201cHyttetankar\u201d\u00a0er et album, der tekst og musikk underbygger hverandre, og det blir fremf\u00f8rt av s\u00e6rdeles dyktige musikere.<\/p>\n<p>\u201cHyttetankar\u201d\u00a0slippes p\u00e5 Grappa Musikkforlag\u00a0\u202a4.august, og vi vil rose og takke private akt\u00f8rer i Seljord kommune for betydlig st\u00f8tte til produksjonen: Flatdal Handlaft, Meny Telesenteret og Seljord M\u00e5llag.<\/p>\n<p><!--more--><\/p>\n<h4><\/h4>\n<\/p>\n<h4><\/h4>\n<p><h4><\/h4>\n<\/p>\n<p><\/p>","protected":false},"excerpt":{"rendered":"<p>Med\u201cHyttetankar\u201d\u00a0\u00f8nsker Kjetil Flatland \u00e5 trekke temaer om relasjoner, forst\u00e5else for seg selv og andre, og sm\u00e5 og store verdensproblem helt ned p\u00e5 bakken, og han plasserer tematikken i n\u00e6re og kjente milj\u00f8 for naturelskere.<\/p>\n","protected":false},"featured_media":33982,"comment_status":"closed","ping_status":"open","template":"","meta":[],"product_brand":[],"product_cat":[6],"product_tag":[],"class_list":{"0":"post-33981","1":"product","2":"type-product","3":"status-publish","4":"has-post-thumbnail","6":"product_cat-grappa","7":"product_shipping_class-cddvd-shipping","8":"uni_artist_tag-ellen-brekken","9":"uni_artist_tag-erlend-viken","10":"uni_artist_tag-helge-wahl-flatland","11":"uni_artist_tag-heming-valebjorg","12":"uni_artist_tag-ivar-loe-bjornstad","13":"uni_artist_tag-kjetil-flatland","14":"uni_artist_tag-leif-johansen","15":"uni_artist_tag-vegard-ringsby-hasselgard","16":"uni_main_artist_tag-kjetil-flatland","17":"uni_artist_genre-folk-music","18":"uni_artist_genre-norwegian-lyrics","19":"uni_artist_genre-singersongwriter","21":"first","22":"instock","23":"taxable","24":"shipping-taxable","25":"purchasable","26":"product-type-simple"},"_links":{"self":[{"href":"https:\/\/grappa.no\/no\/wp-json\/wp\/v2\/product\/33981","targetHints":{"allow":["GET"]}}],"collection":[{"href":"https:\/\/grappa.no\/no\/wp-json\/wp\/v2\/product"}],"about":[{"href":"https:\/\/grappa.no\/no\/wp-json\/wp\/v2\/types\/product"}],"replies":[{"embeddable":true,"href":"https:\/\/grappa.no\/no\/wp-json\/wp\/v2\/comments?post=33981"}],"wp:featuredmedia":[{"embeddable":true,"href":"https:\/\/grappa.no\/no\/wp-json\/wp\/v2\/media\/33982"}],"wp:attachment":[{"href":"https:\/\/grappa.no\/no\/wp-json\/wp\/v2\/media?parent=33981"}],"wp:term":[{"taxonomy":"product_brand","embeddable":true,"href":"https:\/\/grappa.no\/no\/wp-json\/wp\/v2\/product_brand?post=33981"},{"taxonomy":"product_cat","embeddable":true,"href":"https:\/\/grappa.no\/no\/wp-json\/wp\/v2\/product_cat?post=33981"},{"taxonomy":"product_tag","embeddable":true,"href":"https:\/\/grappa.no\/no\/wp-json\/wp\/v2\/product_tag?post=33981"}],"curies":[{"name":"wp","href":"https:\/\/api.w.org\/{rel}","templated":true}]}}