{"id":33932,"date":"2017-06-30T00:00:00","date_gmt":"2017-06-29T23:00:00","guid":{"rendered":"http:\/\/www.grappa.no\/no\/albums\/ukategorisert\/sven-nyhus-kvintett\/"},"modified":"2017-08-22T08:33:35","modified_gmt":"2017-08-22T07:33:35","slug":"sven-nyhus-kvintett","status":"publish","type":"product","link":"https:\/\/grappa.no\/no\/albums\/heilo\/sven-nyhus-kvintett\/","title":{"rendered":"Sven Nyhus Kvintett"},"content":{"rendered":"<p><\/p>\n<p>Sven Nyhus \u2013 n\u00e6r 50 \u00e5r med gammeldans<\/p>\n<p>Sven Nyhus kvartett ble grunnlagt i 1969, og i noen tidligere plateutgivelser finner vi ensemblet som sekstett, og ved denne utgivelsen som kvintett.<br \/>\nDenne nye utgivelsen inneholder kun komposisjoner av ham selv, hvorav 11 er helt nye.<br \/>\nDet ligger en grunn til at melodiene p\u00e5 denne innspillingen har f\u00e5tt navn, de kan v\u00e6re hentet fra folkemusikkens verden, fra Bjerkebanen som har v\u00e6rt Nyhus sin nabo i mer enn f\u00f8rti \u00e5r, eller tenkt som v\u00e5re barnebarns musikalske f\u00f8lge videre i livet. Navn eller tittel er et bidrag til ryddighet i sl\u00e5ttejungelen, og gir melodiene identitet.<\/p>\n<p><!--more--><\/p>\n<p>Sven Nyhus \u2013 n\u00e6r 50 \u00e5r med gammeldans<\/p>\n<h4>Egne komposisjoner<\/h4>\n<p>Denne nye utgivelsen inneholder kun komposisjoner av ham selv, hvorav 11 er helt nye. Det ligger en grunn til at melodiene p\u00e5 denne innspillingen har f\u00e5tt navn, de kan v\u00e6re hentet fra folkemusikkens verden, fra Bjerkebanen som har v\u00e6rt Nyhus sin nabo i mer enn f\u00f8rti \u00e5r, eller tenkt som v\u00e5re barnebarns musikalske f\u00f8lge videre i livet. Navn eller tittel er et bidrag til ryddighet i sl\u00e5ttejungelen, og gir melodiene identitet.<br \/>\nEnsemblet var i mange \u00e5r tett knyttet til NRK, b\u00e5de i radio og TV, og antallet utgivelser p\u00e5 plater og CD-er n\u00e6rmer seg tyvetallet. I senere \u00e5r er det hovedsakelig Viggo Valle og P\u00e5skelabyrinten som p\u00e5minner folk om at dette ensemblet fortsatt er i virksomhet \u2013 kanskje har det blitt det lengstlevende i sitt slag.<\/p>\n<h4><\/h4>\n<p><h4><\/h4>\n<\/p>\n<p><\/p>","protected":false},"excerpt":{"rendered":"<p>Sven Nyhus Kvintett st\u00e5r bak denne nye utgivelsen som best\u00e5r av komposisjoner av Sven Nyhus selv, hvorav 11 er helt nye.<\/p>\n","protected":false},"featured_media":33933,"comment_status":"closed","ping_status":"open","template":"","meta":[],"product_brand":[],"product_cat":[35],"product_tag":[],"class_list":{"0":"post-33932","1":"product","2":"type-product","3":"status-publish","4":"has-post-thumbnail","6":"product_cat-heilo","7":"product_shipping_class-cddvd-shipping","8":"uni_artist_tag-arne-sandum","9":"uni_artist_tag-ashild-breie-nyhus","10":"uni_artist_tag-jan-erik-kongshaug","11":"uni_artist_tag-sven-nyhus","12":"uni_artist_tag-sven-nyhus-kvintett","13":"uni_artist_tag-tore-lovgreen","14":"uni_main_artist_tag-sven-nyhus-kvintett","15":"uni_artist_genre-folk-music","16":"uni_artist_genre-traditional","18":"first","19":"instock","20":"taxable","21":"shipping-taxable","22":"purchasable","23":"product-type-simple"},"_links":{"self":[{"href":"https:\/\/grappa.no\/no\/wp-json\/wp\/v2\/product\/33932","targetHints":{"allow":["GET"]}}],"collection":[{"href":"https:\/\/grappa.no\/no\/wp-json\/wp\/v2\/product"}],"about":[{"href":"https:\/\/grappa.no\/no\/wp-json\/wp\/v2\/types\/product"}],"replies":[{"embeddable":true,"href":"https:\/\/grappa.no\/no\/wp-json\/wp\/v2\/comments?post=33932"}],"wp:featuredmedia":[{"embeddable":true,"href":"https:\/\/grappa.no\/no\/wp-json\/wp\/v2\/media\/33933"}],"wp:attachment":[{"href":"https:\/\/grappa.no\/no\/wp-json\/wp\/v2\/media?parent=33932"}],"wp:term":[{"taxonomy":"product_brand","embeddable":true,"href":"https:\/\/grappa.no\/no\/wp-json\/wp\/v2\/product_brand?post=33932"},{"taxonomy":"product_cat","embeddable":true,"href":"https:\/\/grappa.no\/no\/wp-json\/wp\/v2\/product_cat?post=33932"},{"taxonomy":"product_tag","embeddable":true,"href":"https:\/\/grappa.no\/no\/wp-json\/wp\/v2\/product_tag?post=33932"}],"curies":[{"name":"wp","href":"https:\/\/api.w.org\/{rel}","templated":true}]}}