{"id":33826,"date":"2017-06-16T00:00:00","date_gmt":"2017-06-15T23:00:00","guid":{"rendered":"http:\/\/www.grappa.no\/no\/albums\/ukategorisert\/michael-pisarohakon-stenekristine-tjogersen-asleep-street-pipes-tones-cd\/"},"modified":"2018-08-27T18:33:20","modified_gmt":"2018-08-27T17:33:20","slug":"asleep-street-pipes-tones-cd","status":"publish","type":"product","link":"https:\/\/grappa.no\/no\/albums\/hubro\/asleep-street-pipes-tones-cd\/","title":{"rendered":"asleep, street, pipes, tones CD"},"content":{"rendered":"<p><\/p>\n<p>Et evig \u00e5ndedrag<\/p>\n<p>Forestill deg et \u00e5ndedrag som varer evig; der alt er forskjellig men samtidig det samme. \u00abasleep, street, pipes, tones\u00bb er et bemerkelsesverdig vakkert elektro-akustisk stykke fra den fremgangsrike amerikanske komponisten Michael Pisaro, som med sine s\u00f8tten satser til sammen varer over en time. Stykket tolkes p\u00e5 albumet med stor presisjon og fintf\u00f8lelse av H\u00e5kon Stene og Kristine Tj\u00f8gersen som ogs\u00e5 har bearbeidet den elektroniske delen av stykket p\u00e5 nytt.\u00a0<\/p>\n<p><!--more--><\/p>\n<p>Forestill deg et \u00e5ndedrag som varer evig; der alt er forskjellig men samtidig det samme. \u00abasleep, street, pipes, tones\u00bb er et bemerkelsesverdig vakkert elektro-akustisk stykke fra den fremgangsrike amerikanske komponisten Michael Pisaro, som med sine s\u00f8tten satser til sammen varer over en time. Stykket tolkes p\u00e5 albumet med stor presisjon og fintf\u00f8lelse av H\u00e5kon Stene og Kristine Tj\u00f8gersen som ogs\u00e5 har bearbeidet den elektroniske delen av stykket p\u00e5 nytt.\u00a0<\/p>\n<h4><\/h4>\n<\/p>\n<h4><\/h4>\n<p><h4><\/h4>\n<\/p>\n<p><\/p>","protected":false},"excerpt":{"rendered":"<p>Et bemerkelsesverdig vakkert elektro-akustisk stykke fra den fremgangsrike amerikanske komponisten Michael Pisaro<\/p>\n","protected":false},"featured_media":33827,"comment_status":"closed","ping_status":"open","template":"","meta":[],"product_brand":[],"product_cat":[36],"product_tag":[],"class_list":{"0":"post-33826","1":"product","2":"type-product","3":"status-publish","4":"has-post-thumbnail","6":"product_cat-hubro","7":"product_shipping_class-cddvd-shipping","8":"uni_artist_tag-hakon-stene","9":"uni_artist_tag-kristine-tjogersen","10":"uni_artist_tag-michael-pisaro","11":"uni_main_artist_tag-hakon-stene","12":"uni_artist_genre-electronic","14":"first","15":"instock","16":"taxable","17":"shipping-taxable","18":"purchasable","19":"product-type-simple"},"_links":{"self":[{"href":"https:\/\/grappa.no\/no\/wp-json\/wp\/v2\/product\/33826","targetHints":{"allow":["GET"]}}],"collection":[{"href":"https:\/\/grappa.no\/no\/wp-json\/wp\/v2\/product"}],"about":[{"href":"https:\/\/grappa.no\/no\/wp-json\/wp\/v2\/types\/product"}],"replies":[{"embeddable":true,"href":"https:\/\/grappa.no\/no\/wp-json\/wp\/v2\/comments?post=33826"}],"wp:featuredmedia":[{"embeddable":true,"href":"https:\/\/grappa.no\/no\/wp-json\/wp\/v2\/media\/33827"}],"wp:attachment":[{"href":"https:\/\/grappa.no\/no\/wp-json\/wp\/v2\/media?parent=33826"}],"wp:term":[{"taxonomy":"product_brand","embeddable":true,"href":"https:\/\/grappa.no\/no\/wp-json\/wp\/v2\/product_brand?post=33826"},{"taxonomy":"product_cat","embeddable":true,"href":"https:\/\/grappa.no\/no\/wp-json\/wp\/v2\/product_cat?post=33826"},{"taxonomy":"product_tag","embeddable":true,"href":"https:\/\/grappa.no\/no\/wp-json\/wp\/v2\/product_tag?post=33826"}],"curies":[{"name":"wp","href":"https:\/\/api.w.org\/{rel}","templated":true}]}}