{"id":33779,"date":"2017-06-23T00:00:00","date_gmt":"2017-06-22T23:00:00","guid":{"rendered":"http:\/\/www.grappa.no\/no\/albums\/ukategorisert\/lillebror\/"},"modified":"2017-08-22T08:33:31","modified_gmt":"2017-08-22T07:33:31","slug":"lillebror","status":"publish","type":"product","link":"https:\/\/grappa.no\/no\/albums\/grappa\/lillebror\/","title":{"rendered":"Lillebror"},"content":{"rendered":"<p><\/p>\n<p>Pr\u00f8ysenviser med ny stil.<\/p>\n<p>Det finnes en del innspillinger av visene til Alf Pr\u00f8ysen. Artister har f\u00f8lt seg kallet og gjort sine tolkninger. Men det fine er at man aldri blir helt ferdig med dem. Disse sangene kan spilles p\u00e5 s\u00e5 mange ulike m\u00e5ter, og det kommer stadig flere. Denne gangen er det Lillebror sin tur! De tar sats, og pr\u00f8ver seg med b\u00e5de salto og skru.<\/p>\n<p><!--more--><\/p>\n<p>Det finnes en del innspillinger av visene til Alf Pr\u00f8ysen. Artister har f\u00f8lt seg kallet og gjort sine tolkninger. Men det fine er at man aldri blir helt ferdig med dem.<\/p>\n<h4>Lillebror<\/h4>\n<p>Medlemmene av gruppa Lillebror traff hverandre i studietiden, ved Den Gyldne Omvei p\u00e5 Inder\u00f8y i 2011. I dag spiller de med b\u00e5de seg selv og andre i en rekke prosjekter. I Lillebror er de en sammensveisa gjeng best\u00e5ende av to sunnm\u00f8ringer, en oslogutt, en b\u00e6ring og en \u00f8sterd\u00f8l. <\/p>\n<p>Sammen spiller de Pr\u00f8ysen. Det gj\u00f8r de p\u00e5 sin egen m\u00e5te, med kj\u00e6rlighet for melodiene og tekstene, og med all spilleglede de f\u00e5r fra den ene perla av ei vise etter den andre &#8211; man finner s\u00e5 mye i disse sangene\u2026 Og de er ikke bare sterke; det er ogs\u00e5 mange av dem! \u201dVi fikk et forhold til noen av dem som barn. Likevel vender vi st\u00f8tt og stadig tilbake for \u00e5 oppdage noe nytt. Fra visa om selveste J\u00f8rgen hattemaker og Kong Salomo, til den som tr\u00f8ster oss med at vi alltids f\u00e5r en dag i m\u00e5r\u00e5\u201d<\/p>\n<h4>Releasekonsert<\/h4>\n<p>23. juni slipper Lillebror sitt debutalbum. Det skal feires med fest, og med slippkonsert p\u00e5 Pr\u00f8ysenhuset p\u00e5 Rudsh\u00f8gda 2.juli. Da \u00f8nskes b\u00e5de albumet og sommeren velkommen!<\/p>\n<p>Bandet best\u00e5r av Siril Malmedal Hauge, Alf Hulb\u00e6kmo, Martin Miguel Almagro Tonne, Martin Lie Svendsen og Henrik L\u00f8d\u00f8en.<\/p>\n<h4><\/h4>\n<\/p>\n<p><\/p>","protected":false},"excerpt":{"rendered":"<p>Det er Lillebror sin tur til \u00e5 tolke Pr\u00f8ysenviser. De tar sats, og pr\u00f8ver seg med b\u00e5de salto og skru!<\/p>\n","protected":false},"featured_media":33780,"comment_status":"closed","ping_status":"open","template":"","meta":[],"product_brand":[],"product_cat":[6],"product_tag":[],"class_list":{"0":"post-33779","1":"product","2":"type-product","3":"status-publish","4":"has-post-thumbnail","6":"product_cat-grappa","7":"product_shipping_class-cddvd-shipping","8":"uni_artist_tag-alf-hulbaekmo","9":"uni_artist_tag-arthur-hogstedt","10":"uni_artist_tag-bjarne-amdahl","11":"uni_artist_tag-egil-monn-iversen","12":"uni_artist_tag-finn-ludt","13":"uni_artist_tag-henrik-lodoen","14":"uni_artist_tag-johan-oian","15":"uni_artist_tag-lillebror","16":"uni_artist_tag-martin-lie-svendsen","17":"uni_artist_tag-martin-miguel-almagro-tonne","18":"uni_artist_tag-otto-nielsen","19":"uni_artist_tag-siril-malmedal-hauge","20":"uni_artist_tag-trad","21":"uni_artist_genre-debut","22":"uni_artist_genre-folk","23":"uni_artist_genre-norwegian-lyrics","24":"uni_artist_genre-pop","26":"first","27":"instock","28":"taxable","29":"shipping-taxable","30":"purchasable","31":"product-type-simple"},"_links":{"self":[{"href":"https:\/\/grappa.no\/no\/wp-json\/wp\/v2\/product\/33779","targetHints":{"allow":["GET"]}}],"collection":[{"href":"https:\/\/grappa.no\/no\/wp-json\/wp\/v2\/product"}],"about":[{"href":"https:\/\/grappa.no\/no\/wp-json\/wp\/v2\/types\/product"}],"replies":[{"embeddable":true,"href":"https:\/\/grappa.no\/no\/wp-json\/wp\/v2\/comments?post=33779"}],"wp:featuredmedia":[{"embeddable":true,"href":"https:\/\/grappa.no\/no\/wp-json\/wp\/v2\/media\/33780"}],"wp:attachment":[{"href":"https:\/\/grappa.no\/no\/wp-json\/wp\/v2\/media?parent=33779"}],"wp:term":[{"taxonomy":"product_brand","embeddable":true,"href":"https:\/\/grappa.no\/no\/wp-json\/wp\/v2\/product_brand?post=33779"},{"taxonomy":"product_cat","embeddable":true,"href":"https:\/\/grappa.no\/no\/wp-json\/wp\/v2\/product_cat?post=33779"},{"taxonomy":"product_tag","embeddable":true,"href":"https:\/\/grappa.no\/no\/wp-json\/wp\/v2\/product_tag?post=33779"}],"curies":[{"name":"wp","href":"https:\/\/api.w.org\/{rel}","templated":true}]}}