{"id":33769,"date":"2017-05-19T00:00:00","date_gmt":"2017-05-18T23:00:00","guid":{"rendered":"http:\/\/www.grappa.no\/no\/albums\/ukategorisert\/bare-et-pust\/"},"modified":"2017-08-22T08:33:32","modified_gmt":"2017-08-22T07:33:32","slug":"bare-et-pust","status":"publish","type":"product","link":"https:\/\/grappa.no\/no\/albums\/grappa\/bare-et-pust\/","title":{"rendered":"Bare et pust"},"content":{"rendered":"<p><\/p>\n<p>Nytt album fra Herrene i haven<\/p>\n<p>Herrene i haven slipper sitt fjerde album: &quot;bare et pust&quot;. Sangene p\u00e5 dette nye albumet fors\u00f8ker \u00e5 si noe om hvordan livet kan fortone seg for voksne mennesker i Norge i dag. Hvordan ytre hendelser p\u00e5virker livene v\u00e5re. Hvordan m\u00f8te smerte og sorg med verdighet. Hvordan finne frem til gleden og lyset uten \u00e5 miste seg selv. Det musikalske uttrykket, og til dels det tekstlige, er utarbeidet i fellesskap i studio. Herrene i haven best\u00e5r av Reidar Vinje Stensvold (vokal\/gitar), Terje Johannesen (gitarer\/trompet\/vokal), Olaf &quot;Knerten&quot; Kamfjord (bass\/vokal), Jon Kirkeb\u00f8 Rosslund (trommer\/perkusjon), Rune Jenssen (tangenter\/vokal) og Stein Erik Lunde (tekster). Alle bor i Vestfold.<br \/>\nP\u00e5 den nye platen er det ogs\u00e5 tekster av Gro Dahle, Erik Bye og Jon Kirkeb\u00f8 Rosslund.<\/p>\n<p><!--more--><\/p>\n<p>Nytt album fra Herrene i haven.<\/p>\n<h4><\/h4>\n<p>Det musikalske uttrykket, og til dels det tekstlige, er utarbeidet i fellesskap i studio. Sangene fors\u00f8ker \u00e5 si noe om hvordan livet kan fortone seg for mennesker i dag. Hvordan ytre hendelser p\u00e5virker livene v\u00e5re. Hvordan m\u00f8te smerte og sorg med verdighet. Hvordan finne fram til gleden og lyset uten \u00e5 miste seg selv.<\/p>\n<p>&quot;Herrene i haven&quot; best\u00e5r av Reidar Vinje Stensvold (vokal\/gitar), Terje Johannesen (gitarer\/trompet\/vokal), Olaf &quot;Knerten&quot; Kamfjord (bass\/vokal), Jon Kirkeb\u00f8 Rosslund (trommer\/perkusjon), Rune Jenssen (tangenter\/vokal) og Stein Erik Lunde (tekster). Alle bor i Vestfold.<br \/>\nP\u00e5 den nye plata er det ogs\u00e5 tekster av Gro Dahle, Erik Bye og Jon Kirkeb\u00f8 Rosslund.<\/p>\n<p>Albumet er spilt inn i Terje Johannesens studio i T\u00f8nsberg, med Terje som tekniker og produsent.<\/p>\n<h4><\/h4>\n<p><h4><\/h4>\n<\/p>\n<p><\/p>","protected":false},"excerpt":{"rendered":"<p>Herrenes fjerde album inneholder sanger med tekstbidrag av blant annet Gro Dahle og Erik Bye, samt et musikalsk uttrykk utarbeidet i fellesskap i studio.<\/p>\n","protected":false},"featured_media":33770,"comment_status":"closed","ping_status":"open","template":"","meta":[],"product_brand":[],"product_cat":[6],"product_tag":[],"class_list":{"0":"post-33769","1":"product","2":"type-product","3":"status-publish","4":"has-post-thumbnail","6":"product_cat-grappa","7":"product_shipping_class-cddvd-shipping","8":"uni_artist_tag-erik-bye","9":"uni_artist_tag-herrene-i-haven","10":"uni_artist_tag-jon-rosslund","11":"uni_artist_tag-olaf-kamfjord","12":"uni_artist_tag-reidar-vinje-stensvold","13":"uni_artist_tag-stein-erik-lunde","14":"uni_artist_tag-terje-johannesen","15":"uni_main_artist_tag-herrene-i-haven","16":"uni_artist_genre-norwegian-lyrics","17":"uni_artist_genre-pop","19":"first","20":"instock","21":"taxable","22":"shipping-taxable","23":"purchasable","24":"product-type-simple"},"_links":{"self":[{"href":"https:\/\/grappa.no\/no\/wp-json\/wp\/v2\/product\/33769","targetHints":{"allow":["GET"]}}],"collection":[{"href":"https:\/\/grappa.no\/no\/wp-json\/wp\/v2\/product"}],"about":[{"href":"https:\/\/grappa.no\/no\/wp-json\/wp\/v2\/types\/product"}],"replies":[{"embeddable":true,"href":"https:\/\/grappa.no\/no\/wp-json\/wp\/v2\/comments?post=33769"}],"wp:featuredmedia":[{"embeddable":true,"href":"https:\/\/grappa.no\/no\/wp-json\/wp\/v2\/media\/33770"}],"wp:attachment":[{"href":"https:\/\/grappa.no\/no\/wp-json\/wp\/v2\/media?parent=33769"}],"wp:term":[{"taxonomy":"product_brand","embeddable":true,"href":"https:\/\/grappa.no\/no\/wp-json\/wp\/v2\/product_brand?post=33769"},{"taxonomy":"product_cat","embeddable":true,"href":"https:\/\/grappa.no\/no\/wp-json\/wp\/v2\/product_cat?post=33769"},{"taxonomy":"product_tag","embeddable":true,"href":"https:\/\/grappa.no\/no\/wp-json\/wp\/v2\/product_tag?post=33769"}],"curies":[{"name":"wp","href":"https:\/\/api.w.org\/{rel}","templated":true}]}}