{"id":33697,"date":"2017-05-26T00:00:00","date_gmt":"2017-05-25T23:00:00","guid":{"rendered":"http:\/\/www.grappa.no\/no\/albums\/ukategorisert\/jo-berger-myhre-olafur-bjorn-olafsson-the-third-script\/"},"modified":"2018-08-30T09:10:17","modified_gmt":"2018-08-30T08:10:17","slug":"the-third-script","status":"publish","type":"product","link":"https:\/\/grappa.no\/no\/albums\/hubro\/the-third-script\/","title":{"rendered":"The Third Script"},"content":{"rendered":"<p><\/p>\n<p>Sjellsettende sonisk univers<\/p>\n<p>&#8211; Norge m\u00f8ter Island i fire atmosf\u00e6riske og gotiske improvisasjoner innspilt i et forlatt lager i Reykjavik. The Third Script\u201d er tittelen p\u00e5 samarbeidet og debutalbumet til den norske bassisten Jo Berger Myhre (Splashgirl, Nils Petter Molv\u00e6r, Susanna) og den islandske keyboardisten og trommeslageren \u00d3lafur Bj\u00f6rn \u00d3lafsson (Sigur R\u00f3s, J\u00f3nsi, J\u00f3hann J\u00f3hannsson).\u00a0Fire mesterlig\u00a0utformede l\u00e5ter\u00a0som plasserer deg midt i\u00a0et omgangsrikt og sjellsettende\u00a0sonisk univers.<\/p>\n<p><!--more--><\/p>\n<p>&#8211; Norge m\u00f8ter Island i fire atmosf\u00e6riske og gotiske improvisasjoner innspilt i et forlatt lager i Reykjavik. The Third Script\u201d er tittelen p\u00e5 samarbeidet og debutalbumet til den norske bassisten Jo Berger Myhre (Splashgirl, Nils Petter Molv\u00e6r, Susanna) og den islandske keyboardisten og trommeslageren \u00d3lafur Bj\u00f6rn \u00d3lafsson (Sigur R\u00f3s, J\u00f3nsi, J\u00f3hann J\u00f3hannsson).\u00a0Fire mesterlig\u00a0utformede l\u00e5ter\u00a0som plasserer deg midt i\u00a0et omgangsrikt og sjellsettende\u00a0sonisk univers.<\/p>\n<h4><\/h4>\n<p>Lyden p\u00e5 albumet er et kunstverk i seg selv. Mastret av Deathprod (Helge Sten) i Audio Virus Lab i Oslo, og fremf\u00f8rt, innspilt og produsert av duoen selv. \u00d3lafsson st\u00e5r selv ansvarlig for albumets miks. &#8211; Det har blitt et album som krever \u00e5 bli lyttet til, fortrinnsvis p\u00e5 vinyl p\u00e5 gamlem\u00e5ten: Side A etterfulgt av Side B.<\/p>\n<h4><\/h4>\n<p><h4><\/h4>\n<\/p>\n<p><\/p>","protected":false},"excerpt":{"rendered":"<p>&#8211; Norge m\u00f8ter Island i fire atmosf\u00e6riske og gotiske improvisasjoner innspilt i et forlatt lager i Reykjavik.<\/p>\n","protected":false},"featured_media":33698,"comment_status":"closed","ping_status":"open","template":"","meta":[],"product_brand":[],"product_cat":[36],"product_tag":[],"class_list":{"0":"post-33697","1":"product","2":"type-product","3":"status-publish","4":"has-post-thumbnail","6":"product_cat-hubro","7":"product_shipping_class-vinyl-shipping","8":"uni_artist_tag-jo-berger-myhre","9":"uni_artist_tag-olafur-bjorn-olafsson","10":"uni_main_artist_tag-jo-berger-myhre","11":"uni_artist_genre-contemporary-music","12":"uni_artist_genre-electronic","14":"first","15":"instock","16":"taxable","17":"shipping-taxable","18":"purchasable","19":"product-type-simple"},"_links":{"self":[{"href":"https:\/\/grappa.no\/no\/wp-json\/wp\/v2\/product\/33697","targetHints":{"allow":["GET"]}}],"collection":[{"href":"https:\/\/grappa.no\/no\/wp-json\/wp\/v2\/product"}],"about":[{"href":"https:\/\/grappa.no\/no\/wp-json\/wp\/v2\/types\/product"}],"replies":[{"embeddable":true,"href":"https:\/\/grappa.no\/no\/wp-json\/wp\/v2\/comments?post=33697"}],"wp:featuredmedia":[{"embeddable":true,"href":"https:\/\/grappa.no\/no\/wp-json\/wp\/v2\/media\/33698"}],"wp:attachment":[{"href":"https:\/\/grappa.no\/no\/wp-json\/wp\/v2\/media?parent=33697"}],"wp:term":[{"taxonomy":"product_brand","embeddable":true,"href":"https:\/\/grappa.no\/no\/wp-json\/wp\/v2\/product_brand?post=33697"},{"taxonomy":"product_cat","embeddable":true,"href":"https:\/\/grappa.no\/no\/wp-json\/wp\/v2\/product_cat?post=33697"},{"taxonomy":"product_tag","embeddable":true,"href":"https:\/\/grappa.no\/no\/wp-json\/wp\/v2\/product_tag?post=33697"}],"curies":[{"name":"wp","href":"https:\/\/api.w.org\/{rel}","templated":true}]}}