{"id":33641,"date":"2017-05-12T00:00:00","date_gmt":"2017-05-11T23:00:00","guid":{"rendered":"http:\/\/www.grappa.no\/no\/albums\/ukategorisert\/rasmus-og-verdens-beste-band-banjo-pa-badet\/"},"modified":"2017-10-27T12:18:26","modified_gmt":"2017-10-27T11:18:26","slug":"rasmus-og-verdens-beste-band-banjo-pa-badet","status":"publish","type":"product","link":"https:\/\/grappa.no\/no\/albums\/grappa\/rasmus-og-verdens-beste-band-banjo-pa-badet\/","title":{"rendered":"Rasmus Og Verdens Beste Band: Banjo p\u00e5 badet"},"content":{"rendered":"<p><\/p>\n<p>Rasmus og Verdens Beste Band fyller 10 \u00e5r.<\/p>\n<p>Rasmus og Verdens Beste Band fyller 10 \u00e5r, og feirer med utsolgte bursdagskonserter p\u00e5 Tr\u00f8ndelag Teater og utgivelse av en splitter ny barneplate.\u00a0Deres femte album \u00abBanjo p\u00e5 badet\u00bb er et overfl\u00f8dighets-horn av musikalsk oppfinnsomhet, og gode sanger med b\u00e5de morsomme og alvorlige tekster st\u00e5r i k\u00f8. Albumet er produsert av K\u00e5re Vestrheim (Highasakite, Frida \u00c5nnevik) og er deres klart beste s\u00e5 langt!<\/p>\n<p>Tekstuniverset til Rasmus er omtrent s\u00e5 bredt og rikt som det er mulig \u00e5 f\u00e5 det, og spenner fra morsomme tekster om hageslanger og hvordan en cowboys liv endrer seg n\u00e5r han f\u00e5r baby, til tekster som sier noe om viktige alvorlige tema &#8211; som albumets siste l\u00e5t \u00abGutten p\u00e5 stranda\u00bb. <\/p>\n<p>\u00abBanjo p\u00e5 badet\u00bb er innspilt i Propeller Studio med produsent K\u00e5re Vestrheim, og gjestes av bl.a. av trommeslager P\u00e5l Hausken, trekkspill-unikum Stian Carstensen og Steinerskolens Jentekor. <\/p>\n<p>Forestillingen \u00abRasmus og Verdens Beste Bursdag\u00bb spilles p\u00e5 Gamle Scene p\u00e5 Tr\u00f8ndelag Teater 16-20 mai, og 8. og 9. juni.<\/p>\n<p>Konserter:<br \/>\n10 juni &#8211; Jubafestivalen, Trondheim<br \/>\n01 juli &#8211; Rabalderfestivalen Molde\u00a0<br \/>\n08 juli &#8211; Stokk\u00f8ydagene\u00a0<br \/>\n15 juli &#8211; Tydalsfestivalen\u00a0<\/p>\n<p><!--more--><\/p>\n<p>Rasmus og Verdens Beste Band fyller 10 \u00e5r, og feirer med utsolgte bursdagskonserter p\u00e5 Tr\u00f8ndelag Teater og utgivelse av en splitter ny barneplate.\u00a0Deres femte album \u00abBanjo p\u00e5 badet\u00bb er et overfl\u00f8dighets-horn av musikalsk oppfinnsomhet, og gode sanger med b\u00e5de morsomme og alvorlige tekster st\u00e5r i k\u00f8. Albumet er produsert av K\u00e5re Vestrheim (Highasakite, Frida \u00c5nnevik) og er deres klart beste s\u00e5 langt!<\/p>\n<h4>Om Rasmus og Verdens Beste Band<\/h4>\n<p>Rasmus og Verdens Beste Band er kjent fra fire sesonger med NRK-serien Kosinus. Bandets tidligere plateutgivelser \u2013 Kyssing e h\u00e6sli (2007) og Puppan te pappa (2010) fikk begge Spellemannspris for beste barneplate, mens Gul sn\u00f8 (2012) ble nominert i samme kategori. Bandet har spilt med de fleste, fra \u00d8ystein &quot;Knutsen&quot; Dolmen til Kringkastingsorkesteret og er kjent for \u00e5 lage utradisjonell barnemusikk av s\u00e6rdeles h\u00f8y kvalitet, og har solgt over 20\u00a0000 plater.<br \/>\n\u00a0I 2014 produserte Rasmus Rohde &amp; co familiemusikalen Puppan te pappa p\u00e5 Tr\u00f8ndelag Teater.<\/p>\n<p>Forestillingen \u00abRasmus og Verdens Beste Bursdag\u00bb spilles p\u00e5 Gamle Scene p\u00e5 Tr\u00f8ndelag Teater 16-20 mai, og 8. og 9. juni.<\/p>\n<p>Konserter:<br \/>\n10 juni &#8211; Jubafestivalen, Trondheim<br \/>\n01 juli &#8211; Rabalderfestivalen Molde\u00a0<br \/>\n08 juli &#8211; Stokk\u00f8ydagene\u00a0<br \/>\n15 juli &#8211; Tydalsfestivalen\u00a0<\/p>\n<h4><\/h4>\n<p><h4><\/h4>\n<\/p>\n<p><\/p>","protected":false},"excerpt":{"rendered":"<p>Deres femte album \u00abBanjo p\u00e5 badet\u00bb er et overfl\u00f8dighets-horn av musikalsk oppfinnsomhet, og gode sangene med b\u00e5de morsomme og alvorlige tekster st\u00e5r i k\u00f8.<\/p>\n","protected":false},"featured_media":33642,"comment_status":"closed","ping_status":"open","template":"","meta":[],"product_brand":[],"product_cat":[6],"product_tag":[],"class_list":{"0":"post-33641","1":"product","2":"type-product","3":"status-publish","4":"has-post-thumbnail","6":"product_cat-grappa","7":"product_shipping_class-cddvd-shipping","8":"uni_artist_tag-erlend-smalas","9":"uni_artist_tag-kare-chr-vestrheim","10":"uni_artist_tag-pal-hausken","11":"uni_artist_tag-rasmus-og-verdens-beste-band","12":"uni_artist_tag-rasmus-rohde","13":"uni_artist_genre-children","14":"uni_artist_genre-norwegian-lyrics","16":"first","17":"instock","18":"taxable","19":"shipping-taxable","20":"purchasable","21":"product-type-simple"},"_links":{"self":[{"href":"https:\/\/grappa.no\/no\/wp-json\/wp\/v2\/product\/33641","targetHints":{"allow":["GET"]}}],"collection":[{"href":"https:\/\/grappa.no\/no\/wp-json\/wp\/v2\/product"}],"about":[{"href":"https:\/\/grappa.no\/no\/wp-json\/wp\/v2\/types\/product"}],"replies":[{"embeddable":true,"href":"https:\/\/grappa.no\/no\/wp-json\/wp\/v2\/comments?post=33641"}],"wp:featuredmedia":[{"embeddable":true,"href":"https:\/\/grappa.no\/no\/wp-json\/wp\/v2\/media\/33642"}],"wp:attachment":[{"href":"https:\/\/grappa.no\/no\/wp-json\/wp\/v2\/media?parent=33641"}],"wp:term":[{"taxonomy":"product_brand","embeddable":true,"href":"https:\/\/grappa.no\/no\/wp-json\/wp\/v2\/product_brand?post=33641"},{"taxonomy":"product_cat","embeddable":true,"href":"https:\/\/grappa.no\/no\/wp-json\/wp\/v2\/product_cat?post=33641"},{"taxonomy":"product_tag","embeddable":true,"href":"https:\/\/grappa.no\/no\/wp-json\/wp\/v2\/product_tag?post=33641"}],"curies":[{"name":"wp","href":"https:\/\/api.w.org\/{rel}","templated":true}]}}