{"id":33605,"date":"2017-06-09T00:00:00","date_gmt":"2017-06-08T23:00:00","guid":{"rendered":"http:\/\/www.grappa.no\/no\/albums\/ukategorisert\/between-the-seasons\/"},"modified":"2019-02-22T16:08:17","modified_gmt":"2019-02-22T15:08:17","slug":"between-the-seasons","status":"publish","type":"product","link":"https:\/\/grappa.no\/no\/albums\/simax-classics\/between-the-seasons\/","title":{"rendered":"Between the Seasons"},"content":{"rendered":"<p><\/p>\n<p>Mellom \u00e5rstidenes ekstremv\u00e6r.<\/p>\n<p>\u00c5rstidene er spesielle her i nord. Henning Kraggerud overf\u00f8rer spennvidden vi opplever i naturen direkte til musikken. Det ekstreme \u2013 vinden, sn\u00f8en, kulden, nedb\u00f8ren, t\u00f8v\u00e6ret og varmen \u2013 er i fokus n\u00e5r Kraggerud sammen med Erik Fosnes Hansen tolker Vivaldis De fire \u00e5rstidene i toner og ord. Kraggeruds spill i disse kjente fiolinkonsertene er suverent \u2013 og sammen med Arctic Philharmonic Chamber Orchestra har han satt en ny standard for Quattro Stagioni.<\/p>\n<p>Kraggerud har ogs\u00e5 inkludert fire av sine egne komposisjoner mellom Vivaldis \u00e5rstider. De utvalgte stykkene skaper nye assosiasjoner omkring verdens mest spilte klassiske verk. Kraggeruds stykker kommenterer og kontrasterer stemningene hos Vivaldi. Det hele ledsages av en poetisk tekst i bookleten fra Fosnes Hansen, som leser Vivaldis livshistorie inn i musikken og gir oss forsterket forst\u00e5else av b\u00e5de komponist og verk.<\/p>\n<p><!--more--><\/p>\n<p>\u00c5rstidene er spesielle her i nord. Henning Kraggerud overf\u00f8rer spennvidden vi opplever i naturen direkte til musikken. Det ekstreme \u2013 vinden, sn\u00f8en, kulden, nedb\u00f8ren, t\u00f8v\u00e6ret og varmen \u2013 er i fokus n\u00e5r Kraggerud sammen med Erik Fosnes Hansen tolker Vivaldis De fire \u00e5rstidene i toner og ord. Kraggeruds spill i disse kjente fiolinkonsertene er suverent \u2013 og sammen med Arctic Philharmonic Chamber Orchestra har han satt en ny standard for Quattro Stagioni.<\/p>\n<h4>Mellom \u00e5rstidene<\/h4>\n<p>Inspirert av Kremer og Desyatnikovs sammenfletting av Vivaldi og Piazzolla, har Kraggerud inkludert fire av sine egne komposisjoner mellom \u00e5rstidene. De utvalgte stykkene skaper nye assosiasjoner omkring verdens mest spilte klassiske verk, og inkluderer: \u00abPreghiera\u00bb (Brodskykvartetten, 2012), \u00abEquinox\u00bb (NOSO, 2015), \u00abthe last leaf\u00bb (Britten Sinfonia, 2014) og den ferske \u00abVictimae Paschali\u00bb (2016). Kraggeruds stykker kommenterer og kontrasterer stemningene hos Vivaldi, men er ogs\u00e5 tidsmessig plassert mellom \u00e5rstidene, s\u00e5 det dannes et hjul med \u00e5tte eiker. Toneartsmessig knyttes det nye forbindelser slik at \u00abV\u00e5ren\u00bb atter kan begynne, og komplettere syklusen etter Kraggeruds siste verk.<\/p>\n<h4>Stormfullt liv<\/h4>\n<p>Verket f\u00f8lges i bookleten av en poetisk tekst fra Fosnes Hansen, som relaterer Vivaldis \u00e5rstider til det norske klimaet. Teksten \u2013 som p\u00e5 konserter fremf\u00f8res av forfatteren selv \u2013 tar for seg Vivaldis liv og historie: fra fattige k\u00e5r, via kort virke som prest og musikkl\u00e6rer, til suksess over hele Europa, og nedturen han opplevde sent i livet \u2013 utdatert og umoderne. <\/p>\n<p>Fosnes Hansen viser en r\u00f8d tr\u00e5d gjennom sonettene som ble trykket med notene til Vivaldis verk i 1725. Sonettene \u00abskildrer scener fra \u00e5rstiden som musikken f\u00f8lger i detalj.\u00bb Fosnes Hansen leser Vivaldis historie inn i musikken og sonettene og gir oss forsterket forst\u00e5else av b\u00e5de komponist og verk.<\/p>\n<h4>Musikalsk og lyrisk virtuositet<\/h4>\n<p>Henning Kraggerud er en ledende fiolinist som gj\u00f8r seg stadig mer gjeldende som komponist. Han kombinerer en usedvanlig vakker tone og skj\u00f8nnhet i uttrykket med blendende virtuositet. Henning er kunstnerisk leder for Arktisk Filharmonisk Kammerorkester, som under hans ledelse har gjort seg ytterligere bemerket som et energisk orkester som gjerne utfordrer tradisjonene, til nasjonal og internasjonal anerkjennelse.<br \/>\n\u00a0<br \/>\nErik Fosnes Hansen er en prisvinnende norsk forfatter, som ogs\u00e5 har vunnet Spellemannprisen for \u00e5rets tekstforfatter.<\/p>\n<p><\/p>","protected":false},"excerpt":{"rendered":"<p>\u2013 I&#8217;m reluctant to give away too many surprises: suffice to say that the opening of Spring\u2019s last movement had me collapsing in giggles, and that the storm sequence in Summer made my windows rattle. Erik Fosnes Hansen\u2019s discursive sleeve note is an enjoyable read, and Simax\u2019s engineering is stunning. [Graham Rickson \/ The Arts Desk]<\/p>\n","protected":false},"featured_media":33606,"comment_status":"closed","ping_status":"open","template":"","meta":[],"product_brand":[],"product_cat":[180],"product_tag":[],"class_list":{"0":"post-33605","1":"product","2":"type-product","3":"status-publish","4":"has-post-thumbnail","6":"product_cat-simax-classics","7":"product_shipping_class-cddvd-shipping","8":"uni_artist_tag-antonio-vivaldi","9":"uni_artist_tag-arctic-philharmonic-chamber-orchestra","10":"uni_artist_tag-henning-kraggerud","11":"uni_artist_tag-sean-lewis","12":"uni_main_artist_tag-henning-kraggerud","13":"uni_artist_genre-concerto","14":"uni_artist_genre-contemporary-music","15":"uni_artist_genre-easy-listening","17":"first","18":"instock","19":"taxable","20":"shipping-taxable","21":"purchasable","22":"product-type-simple"},"_links":{"self":[{"href":"https:\/\/grappa.no\/no\/wp-json\/wp\/v2\/product\/33605","targetHints":{"allow":["GET"]}}],"collection":[{"href":"https:\/\/grappa.no\/no\/wp-json\/wp\/v2\/product"}],"about":[{"href":"https:\/\/grappa.no\/no\/wp-json\/wp\/v2\/types\/product"}],"replies":[{"embeddable":true,"href":"https:\/\/grappa.no\/no\/wp-json\/wp\/v2\/comments?post=33605"}],"wp:featuredmedia":[{"embeddable":true,"href":"https:\/\/grappa.no\/no\/wp-json\/wp\/v2\/media\/33606"}],"wp:attachment":[{"href":"https:\/\/grappa.no\/no\/wp-json\/wp\/v2\/media?parent=33605"}],"wp:term":[{"taxonomy":"product_brand","embeddable":true,"href":"https:\/\/grappa.no\/no\/wp-json\/wp\/v2\/product_brand?post=33605"},{"taxonomy":"product_cat","embeddable":true,"href":"https:\/\/grappa.no\/no\/wp-json\/wp\/v2\/product_cat?post=33605"},{"taxonomy":"product_tag","embeddable":true,"href":"https:\/\/grappa.no\/no\/wp-json\/wp\/v2\/product_tag?post=33605"}],"curies":[{"name":"wp","href":"https:\/\/api.w.org\/{rel}","templated":true}]}}